{"id":14800,"date":"2022-01-21T19:32:58","date_gmt":"2022-01-21T19:32:58","guid":{"rendered":"http:\/\/bracaravinum.pt\/?post_type=product&#038;p=14800"},"modified":"2025-01-27T12:00:45","modified_gmt":"2025-01-27T12:00:45","slug":"passadouro-tinto-2016-75cl","status":"publish","type":"product","link":"https:\/\/bracaravinum.pt\/fr\/produit\/passadouro-tinto-2016-75cl\/","title":{"rendered":"Passadouro Tinto 2016 75cl"},"content":{"rendered":"","protected":false},"excerpt":{"rendered":"<div>Cor muito profunda. Expressivo no nariz com notas elegantes de mirtilo, violeta, e um discreto toque de madeira.<br \/>\nEm boca \u00e9 intenso, fresco e harmonioso. O longo final refrescante termina com notas frutadas.<\/div>\n<p>CASTAS: 40% Touriga Nacional, 25% Touriga Francesa, 25% Tinta Roriz, 10% Field blend<\/p>\n<p>VINIFICA\u00c7\u00c3O: Todos os cachos s\u00e3o desenga\u00e7ados e pisados a p\u00e9 em lagares de granito. A fermenta\u00e7\u00e3o com controlo de temperatura durou 5 dias.<\/p>\n<p>ENVELHECIMENTO: A fermenta\u00e7\u00e3o malol\u00e1ctica e o envelhecimento s\u00e3o feitos 70% em cubas de inox e 30% em barricas de carvalho franc\u00eas.<\/p>","protected":false},"featured_media":11088,"template":"","meta":{"_exactmetrics_skip_tracking":false,"_exactmetrics_sitenote_active":false,"_exactmetrics_sitenote_note":"","_exactmetrics_sitenote_category":0,"_uf_show_specific_survey":0,"_uf_disable_surveys":false,"iawp_total_views":20},"product_brand":[],"product_cat":[215,184,157],"product_tag":[],"class_list":{"0":"post-14800","1":"product","2":"type-product","3":"status-publish","4":"has-post-thumbnail","6":"product_cat-douro","7":"product_cat-tinto","8":"product_cat-vinhos","10":"first","11":"instock","12":"shipping-taxable","13":"purchasable","14":"product-type-simple"},"_links":{"self":[{"href":"https:\/\/bracaravinum.pt\/fr\/wp-json\/wp\/v2\/product\/14800","targetHints":{"allow":["GET"]}}],"collection":[{"href":"https:\/\/bracaravinum.pt\/fr\/wp-json\/wp\/v2\/product"}],"about":[{"href":"https:\/\/bracaravinum.pt\/fr\/wp-json\/wp\/v2\/types\/product"}],"wp:featuredmedia":[{"embeddable":true,"href":"https:\/\/bracaravinum.pt\/fr\/wp-json\/wp\/v2\/media\/11088"}],"wp:attachment":[{"href":"https:\/\/bracaravinum.pt\/fr\/wp-json\/wp\/v2\/media?parent=14800"}],"wp:term":[{"taxonomy":"product_brand","embeddable":true,"href":"https:\/\/bracaravinum.pt\/fr\/wp-json\/wp\/v2\/product_brand?post=14800"},{"taxonomy":"product_cat","embeddable":true,"href":"https:\/\/bracaravinum.pt\/fr\/wp-json\/wp\/v2\/product_cat?post=14800"},{"taxonomy":"product_tag","embeddable":true,"href":"https:\/\/bracaravinum.pt\/fr\/wp-json\/wp\/v2\/product_tag?post=14800"}],"curies":[{"name":"wp","href":"https:\/\/api.w.org\/{rel}","templated":true}]}}