{"id":14796,"date":"2022-01-21T12:36:44","date_gmt":"2022-01-21T12:36:44","guid":{"rendered":"http:\/\/bracaravinum.pt\/?post_type=product&#038;p=14796"},"modified":"2024-10-22T10:07:44","modified_gmt":"2024-10-22T10:07:44","slug":"cem-reis-syrah-tinto-2016-magnum-15l","status":"publish","type":"product","link":"https:\/\/bracaravinum.pt\/fr\/produit\/cem-reis-syrah-tinto-2016-magnum-15l\/","title":{"rendered":"Cem Reis Syrah Tinto 2016 Magnum 1,5L"},"content":{"rendered":"<p><img fetchpriority=\"high\" decoding=\"async\" class=\"size-medium wp-image-15273 aligncenter\" src=\"http:\/\/bracaravinum.pt\/wp-content\/uploads\/2022\/02\/Herdade-da-maroteira-logo-300x300.png\" alt=\"\" width=\"300\" height=\"300\" srcset=\"https:\/\/bracaravinum.pt\/wp-content\/uploads\/2022\/02\/Herdade-da-maroteira-logo-300x300.png 300w, https:\/\/bracaravinum.pt\/wp-content\/uploads\/2022\/02\/Herdade-da-maroteira-logo-150x150.png 150w, https:\/\/bracaravinum.pt\/wp-content\/uploads\/2022\/02\/Herdade-da-maroteira-logo-100x100.png 100w, https:\/\/bracaravinum.pt\/wp-content\/uploads\/2022\/02\/Herdade-da-maroteira-logo.png 600w\" sizes=\"(max-width: 300px) 100vw, 300px\" \/><\/p>\n<div class=\"wpb_text_column wpb_content_element\">\n<div class=\"wpb_wrapper\">\n<p>Situ\u00e9e au pied de la Serra D&#039;Ossa, \u00e0 seulement 35 km au nord d&#039;\u00c9vora, Herdade da Maroteira est une propri\u00e9t\u00e9 de 540 ha qui appartient \u00e0 la m\u00eame famille anglo-portugaise depuis 5 g\u00e9n\u00e9rations, depuis le milieu du XIXe si\u00e8cle. A cette \u00e9poque, Robert Reynolds investit dans la for\u00eat de ch\u00eanes-li\u00e8ges de l&#039;Alentejo pour satisfaire les besoins de l&#039;industrie du vin de Porto dans le nord du Portugal.<\/p>\n<\/div>\n<\/div>\n<div class=\"wpb_text_column wpb_content_element\">\n<div class=\"wpb_wrapper\">\n<p>Pendant environ 150 ans, outre le li\u00e8ge, le domaine produisait principalement du b\u00e9tail et quelques olives. En 2000, Philip Mollet, actuel propri\u00e9taire et g\u00e9rant, r\u00e9volutionne la strat\u00e9gie de l&#039;exploitation et implante des vignes. Le c\u00e9page Syrah choisi s&#039;est av\u00e9r\u00e9 \u00eatre un \u00e9norme succ\u00e8s sous la forme du vin Cem Reis, mondialement reconnu. Plus tard, une charmante s\u00e9lection de rouges, blancs et ros\u00e9s a r\u00e9sult\u00e9 de la plantation des vignobles d&#039;Alicante Bouschet, Aragon\u00eaz et Touriga Nacional dans une vall\u00e9e ouverte.<\/p>\n<\/div>\n<\/div>\n<div class=\"wpb_text_column wpb_content_element\">\n<div class=\"wpb_wrapper\">\n<p>En 2004, l&#039;agrotourisme (tourisme rural) \u00e9tait l&#039;\u00e9volution naturelle de la ferme, id\u00e9ale pour se d\u00e9tendre dans une zone historique avec de beaux paysages de l&#039;Alentejo, au Portugal. C&#039;est l&#039;environnement id\u00e9al pour une aventure tranquille \u00e0 travers la for\u00eat de li\u00e8ge, en se concentrant sur le monde incroyable du li\u00e8ge, en balade en jeep ou en randonn\u00e9e\u2026 et en observant les oiseaux (Birdwatching) ou les \u00e9toiles (Stargazing). Autour d&#039;elle peuvent se d\u00e9rouler des activit\u00e9s agricoles saisonni\u00e8res typiques : extraction manuelle du li\u00e8ge (mai\/juin), r\u00e9colte, \u00e9levage des agneaux et tonte des moutons, cueillette des olives. En automne et en hiver, les cochons noirs (\u00e0 partir desquels est fabriqu\u00e9 le jambon) viennent d&#039;Espagne et se prom\u00e8nent librement en se nourrissant de glands.<\/p>\n<\/div>\n<\/div>","protected":false},"excerpt":{"rendered":"<p>Cem Reis Reserva Syrah est produit \u00e0 partir de la s\u00e9lection des meilleurs lots de Syrah de cette ann\u00e9e-l\u00e0, composant ainsi un lot final vieilli pendant 16 mois en f\u00fbts de ch\u00eane fran\u00e7ais (50%) et de ch\u00eane am\u00e9ricain (50%). De couleur violet fonc\u00e9, il pr\u00e9sente des notes intenses de fruits noirs. Un vin rond, \u00e0 la structure ferme et persistante.<\/p>","protected":false},"featured_media":520,"template":"","meta":{"_exactmetrics_skip_tracking":false,"_exactmetrics_sitenote_active":false,"_exactmetrics_sitenote_note":"","_exactmetrics_sitenote_category":0,"_uf_show_specific_survey":0,"_uf_disable_surveys":false,"iawp_total_views":55},"product_brand":[],"product_cat":[207,201,162,184,157],"product_tag":[],"class_list":{"0":"post-14796","1":"product","2":"type-product","3":"status-publish","4":"has-post-thumbnail","6":"product_cat-alentejo","7":"product_cat-grandes-vinhos","8":"product_cat-raridades","9":"product_cat-tinto","10":"product_cat-vinhos","12":"first","13":"instock","14":"shipping-taxable","15":"purchasable","16":"product-type-simple"},"_links":{"self":[{"href":"https:\/\/bracaravinum.pt\/fr\/wp-json\/wp\/v2\/product\/14796","targetHints":{"allow":["GET"]}}],"collection":[{"href":"https:\/\/bracaravinum.pt\/fr\/wp-json\/wp\/v2\/product"}],"about":[{"href":"https:\/\/bracaravinum.pt\/fr\/wp-json\/wp\/v2\/types\/product"}],"wp:featuredmedia":[{"embeddable":true,"href":"https:\/\/bracaravinum.pt\/fr\/wp-json\/wp\/v2\/media\/520"}],"wp:attachment":[{"href":"https:\/\/bracaravinum.pt\/fr\/wp-json\/wp\/v2\/media?parent=14796"}],"wp:term":[{"taxonomy":"product_brand","embeddable":true,"href":"https:\/\/bracaravinum.pt\/fr\/wp-json\/wp\/v2\/product_brand?post=14796"},{"taxonomy":"product_cat","embeddable":true,"href":"https:\/\/bracaravinum.pt\/fr\/wp-json\/wp\/v2\/product_cat?post=14796"},{"taxonomy":"product_tag","embeddable":true,"href":"https:\/\/bracaravinum.pt\/fr\/wp-json\/wp\/v2\/product_tag?post=14796"}],"curies":[{"name":"wp","href":"https:\/\/api.w.org\/{rel}","templated":true}]}}