{"id":14795,"date":"2022-01-21T12:30:37","date_gmt":"2022-01-21T12:30:37","guid":{"rendered":"http:\/\/bracaravinum.pt\/?post_type=product&#038;p=14795"},"modified":"2024-09-25T07:02:31","modified_gmt":"2024-09-25T07:02:31","slug":"40-varietes-de-reserve-17-rouge-75cl","status":"publish","type":"product","link":"https:\/\/bracaravinum.pt\/fr\/produit\/40-varietes-de-reserve-17-rouge-75cl\/","title":{"rendered":"R\u00e9serve 40 Vari\u00e9t\u00e9s 17% Rouge 2019 75cl"},"content":{"rendered":"<p><img fetchpriority=\"high\" decoding=\"async\" class=\"size-medium wp-image-15443 aligncenter\" src=\"http:\/\/bracaravinum.pt\/wp-content\/uploads\/2022\/02\/quinta-dona-doroteia-logo-300x182.png\" alt=\"\" width=\"300\" height=\"182\" srcset=\"https:\/\/bracaravinum.pt\/wp-content\/uploads\/2022\/02\/quinta-dona-doroteia-logo-300x182.png 300w, https:\/\/bracaravinum.pt\/wp-content\/uploads\/2022\/02\/quinta-dona-doroteia-logo.png 347w\" sizes=\"(max-width: 300px) 100vw, 300px\" \/><\/p>","protected":false},"excerpt":{"rendered":"<div dir=\"auto\">Un vin aux caract\u00e9ristiques uniques, aussi singuli\u00e8res que celles d&#039;un fr\u00e8re a\u00een\u00e9, plus mature et plein de force.<\/div>\n<div dir=\"auto\">Issu de raisins provenant de la vall\u00e9e ensoleill\u00e9e et exclusive de Dona Doroteia, sa composition comprend plus de 40 vari\u00e9t\u00e9s, avec une pr\u00e9dominance de Tinta Barroca, et les vari\u00e9t\u00e9s les plus nobles du Douro Touriga Nacional, Touriga Franca et Tinta Roriz.<\/div>","protected":false},"featured_media":11083,"template":"","meta":{"_exactmetrics_skip_tracking":false,"_exactmetrics_sitenote_active":false,"_exactmetrics_sitenote_note":"","_exactmetrics_sitenote_category":0,"_uf_show_specific_survey":0,"_uf_disable_surveys":false,"iawp_total_views":493},"product_brand":[],"product_cat":[157,184,215],"product_tag":[],"class_list":{"0":"post-14795","1":"product","2":"type-product","3":"status-publish","4":"has-post-thumbnail","6":"product_cat-vinhos","7":"product_cat-tinto","8":"product_cat-douro","10":"first","11":"instock","12":"shipping-taxable","13":"purchasable","14":"product-type-simple"},"_links":{"self":[{"href":"https:\/\/bracaravinum.pt\/fr\/wp-json\/wp\/v2\/product\/14795","targetHints":{"allow":["GET"]}}],"collection":[{"href":"https:\/\/bracaravinum.pt\/fr\/wp-json\/wp\/v2\/product"}],"about":[{"href":"https:\/\/bracaravinum.pt\/fr\/wp-json\/wp\/v2\/types\/product"}],"wp:featuredmedia":[{"embeddable":true,"href":"https:\/\/bracaravinum.pt\/fr\/wp-json\/wp\/v2\/media\/11083"}],"wp:attachment":[{"href":"https:\/\/bracaravinum.pt\/fr\/wp-json\/wp\/v2\/media?parent=14795"}],"wp:term":[{"taxonomy":"product_brand","embeddable":true,"href":"https:\/\/bracaravinum.pt\/fr\/wp-json\/wp\/v2\/product_brand?post=14795"},{"taxonomy":"product_cat","embeddable":true,"href":"https:\/\/bracaravinum.pt\/fr\/wp-json\/wp\/v2\/product_cat?post=14795"},{"taxonomy":"product_tag","embeddable":true,"href":"https:\/\/bracaravinum.pt\/fr\/wp-json\/wp\/v2\/product_tag?post=14795"}],"curies":[{"name":"wp","href":"https:\/\/api.w.org\/{rel}","templated":true}]}}