{"id":14759,"date":"2021-12-30T10:59:56","date_gmt":"2021-12-30T10:59:56","guid":{"rendered":"http:\/\/bracaravinum.pt\/?post_type=product&#038;p=14759"},"modified":"2025-12-16T11:23:54","modified_gmt":"2025-12-16T11:23:54","slug":"convento-da-tomina-rouge-75cl","status":"publish","type":"product","link":"https:\/\/bracaravinum.pt\/fr\/produit\/convento-da-tomina-rouge-75cl\/","title":{"rendered":"Convento da Tomina Rouge 2021 75cl"},"content":{"rendered":"","protected":false},"excerpt":{"rendered":"<p>Le vin Convento da Tomina est l&#039;un des vins les plus prestigieux de Francisco Nunes Garcia, produit depuis 2001.<\/p>\n<p>Ce vin doit \u00eatre servi \u00e0 une temp\u00e9rature d&#039;environ 16\u00baC.<\/p>\n<p>Couleur : Violet vif.<\/p>\n<p>Saveur et ar\u00f4me : Fruit\u00e9, tanins, framboises, fruits m\u00fbrs, touche de confiture et douce acidit\u00e9.<\/p>\n<p>C\u00e9pages : Aragon\u00eas, Alfrocheiro, Trincadeira et Alicante Bouschet.<\/p>\n<p>Style de vin : Rouge Clair.<\/p>\n<p>Accompagne : Poissons \/ Poissons \/ P\u00e2tes.<\/p>","protected":false},"featured_media":11038,"template":"","meta":{"_exactmetrics_skip_tracking":false,"_exactmetrics_sitenote_active":false,"_exactmetrics_sitenote_note":"","_exactmetrics_sitenote_category":0,"_uf_show_specific_survey":0,"_uf_disable_surveys":false,"iawp_total_views":195},"product_brand":[],"product_cat":[157,184,207],"product_tag":[],"class_list":{"0":"post-14759","1":"product","2":"type-product","3":"status-publish","4":"has-post-thumbnail","6":"product_cat-vinhos","7":"product_cat-tinto","8":"product_cat-alentejo","10":"first","11":"outofstock","12":"shipping-taxable","13":"purchasable","14":"product-type-simple"},"_links":{"self":[{"href":"https:\/\/bracaravinum.pt\/fr\/wp-json\/wp\/v2\/product\/14759","targetHints":{"allow":["GET"]}}],"collection":[{"href":"https:\/\/bracaravinum.pt\/fr\/wp-json\/wp\/v2\/product"}],"about":[{"href":"https:\/\/bracaravinum.pt\/fr\/wp-json\/wp\/v2\/types\/product"}],"wp:featuredmedia":[{"embeddable":true,"href":"https:\/\/bracaravinum.pt\/fr\/wp-json\/wp\/v2\/media\/11038"}],"wp:attachment":[{"href":"https:\/\/bracaravinum.pt\/fr\/wp-json\/wp\/v2\/media?parent=14759"}],"wp:term":[{"taxonomy":"product_brand","embeddable":true,"href":"https:\/\/bracaravinum.pt\/fr\/wp-json\/wp\/v2\/product_brand?post=14759"},{"taxonomy":"product_cat","embeddable":true,"href":"https:\/\/bracaravinum.pt\/fr\/wp-json\/wp\/v2\/product_cat?post=14759"},{"taxonomy":"product_tag","embeddable":true,"href":"https:\/\/bracaravinum.pt\/fr\/wp-json\/wp\/v2\/product_tag?post=14759"}],"curies":[{"name":"wp","href":"https:\/\/api.w.org\/{rel}","templated":true}]}}