{"id":14702,"date":"2021-11-15T17:46:46","date_gmt":"2021-11-15T17:46:46","guid":{"rendered":"http:\/\/bracaravinum.pt\/?post_type=product&#038;p=14702"},"modified":"2026-01-09T11:01:48","modified_gmt":"2026-01-09T11:01:48","slug":"herdade-papa-leite-religiosamente-guardado-2011-75cl","status":"publish","type":"product","link":"https:\/\/bracaravinum.pt\/fr\/produto\/herdade-papa-leite-religiosamente-guardado-2011-75cl\/","title":{"rendered":"Herdade Papa Leite Religiosamente Guardado 2011 75cl"},"content":{"rendered":"<p><img decoding=\"async\" class=\"size-full wp-image-15055 aligncenter\" src=\"http:\/\/bracaravinum.pt\/wp-content\/uploads\/2022\/02\/logo_herdade-papa-leite.png\" alt=\"\" width=\"192\" height=\"199\" \/><\/p>\n<p>&nbsp;<\/p>\n<div id=\"u13137-4\" class=\"clearfix colelem\" data-muse-uid=\"U13137\" data-muse-type=\"txt_frame\" data-ibe-flags=\"txtStyleSrc\">\n<p>Situ\u00e9e au c\u0153ur de l&#039;Alto Alentejo, \u00e0 Alter do Ch\u00e3o, la Herdade Papa Leite remonte au XVIIe si\u00e8cle, un rep\u00e8re que l&#039;on retrouve encore aujourd&#039;hui sur le domaine.<\/p>\n<\/div>\n<div id=\"u13135\" class=\"colelem\">Filipe Barreiros Cardoso, passionn\u00e9 par la r\u00e9gion et la propri\u00e9t\u00e9, a acquis Herdade Papa Leite pour r\u00e9aliser son r\u00eave de produire des produits de haute qualit\u00e9.<\/div>\n<div id=\"u13140-6\" class=\"clearfix colelem\" data-muse-uid=\"U13140\" data-muse-type=\"txt_frame\" data-ibe-flags=\"txtStyleSrc\">\n<p>Ce r\u00eave n\u2019a \u00e9t\u00e9 possible que gr\u00e2ce au soutien de sa famille et de l\u2019\u00e9quipe avec laquelle il travaille.<\/p>\n<div id=\"pu602313\" class=\"clearfix grpelem\">\n<div id=\"u62518-6\" class=\"clearfix colelem\" data-muse-uid=\"U62518\" data-muse-type=\"txt_frame\" data-ibe-flags=\"txtStyleSrc\">\n<p>Pendant des si\u00e8cles, l&#039;exploitation des c\u00e9r\u00e9ales, des oliveraies, des ch\u00eanes verts et des ch\u00eanes-li\u00e8ges furent les principales activit\u00e9s auxquelles le domaine se consacra.<\/p>\n<p>Avec la reproduction de la race Alentejana d\u00e9j\u00e0 existante et l&#039;introduction de la race Aberdeen-Angus, le domaine a vu son activit\u00e9 redynamis\u00e9e et, aujourd&#039;hui, les quelque 320 hectares, en plus de l&#039;\u00e9levage de b\u00e9tail, produisent \u00e9galement du vin et de l&#039;huile d&#039;olive.<\/p>\n<p>&nbsp;<\/p>\n<\/div>\n<div id=\"u15321\" class=\"colelem\"><\/div>\n<\/div>\n<\/div>","protected":false},"excerpt":{"rendered":"<p style=\"padding-left: 40px;\"><span id=\"u597313\">Castas: Alicante Bouschet e Shiraz<\/span><\/p>\n<div id=\"pu600620-4\" class=\"clearfix colelem\">\n<div id=\"u597331-14\" class=\"clearfix grpelem\" data-muse-uid=\"U597331\" data-muse-type=\"txt_frame\" data-ibe-flags=\"txtStyleSrc\">\n<div id=\"pu625365\" class=\"clearfix colelem\">\n<div id=\"u621570-14\" class=\"clearfix grpelem\" data-muse-uid=\"U621570\" data-muse-type=\"txt_frame\" data-ibe-flags=\"txtStyleSrc\">\n<p>Est\u00e1gio: 24 meses de barrica<\/p>\n<p>O vinho n\u00e3o foi filtrado e dever\u00e1 ser decantado antes de servir<\/p>\n<p>3106 garrafas numeradas<\/p>\n<\/div>\n<\/div>\n<\/div>\n<\/div>","protected":false},"featured_media":9337,"template":"","meta":{"_exactmetrics_skip_tracking":false,"_exactmetrics_sitenote_active":false,"_exactmetrics_sitenote_note":"","_exactmetrics_sitenote_category":0,"_uf_show_specific_survey":0,"_uf_disable_surveys":false,"iawp_total_views":22},"product_brand":[],"product_cat":[207,201,162,184,157],"product_tag":[],"class_list":{"0":"post-14702","1":"product","2":"type-product","3":"status-publish","4":"has-post-thumbnail","6":"product_cat-alentejo","7":"product_cat-grandes-vinhos","8":"product_cat-raridades","9":"product_cat-tinto","10":"product_cat-vinhos","12":"first","13":"instock","14":"shipping-taxable","15":"purchasable","16":"product-type-simple"},"_links":{"self":[{"href":"https:\/\/bracaravinum.pt\/fr\/wp-json\/wp\/v2\/product\/14702","targetHints":{"allow":["GET"]}}],"collection":[{"href":"https:\/\/bracaravinum.pt\/fr\/wp-json\/wp\/v2\/product"}],"about":[{"href":"https:\/\/bracaravinum.pt\/fr\/wp-json\/wp\/v2\/types\/product"}],"wp:featuredmedia":[{"embeddable":true,"href":"https:\/\/bracaravinum.pt\/fr\/wp-json\/wp\/v2\/media\/9337"}],"wp:attachment":[{"href":"https:\/\/bracaravinum.pt\/fr\/wp-json\/wp\/v2\/media?parent=14702"}],"wp:term":[{"taxonomy":"product_brand","embeddable":true,"href":"https:\/\/bracaravinum.pt\/fr\/wp-json\/wp\/v2\/product_brand?post=14702"},{"taxonomy":"product_cat","embeddable":true,"href":"https:\/\/bracaravinum.pt\/fr\/wp-json\/wp\/v2\/product_cat?post=14702"},{"taxonomy":"product_tag","embeddable":true,"href":"https:\/\/bracaravinum.pt\/fr\/wp-json\/wp\/v2\/product_tag?post=14702"}],"curies":[{"name":"wp","href":"https:\/\/api.w.org\/{rel}","templated":true}]}}