{"id":14654,"date":"2021-11-02T17:33:45","date_gmt":"2021-11-02T17:33:45","guid":{"rendered":"http:\/\/bracaravinum.pt\/?post_type=product&#038;p=14654"},"modified":"2024-02-28T16:15:13","modified_gmt":"2024-02-28T16:15:13","slug":"grambeira-grande-reserve-rouge-2018-75cl","status":"publish","type":"product","link":"https:\/\/bracaravinum.pt\/fr\/produto\/grambeira-grande-reserva-tinto-2018-75cl\/","title":{"rendered":"Grambeira Grande Reserva Rouge 2019 75cl"},"content":{"rendered":"<p>En 1994, trois des fils de la famille Meireles, Frederico, Afonso et Manuel, respectivement vigneron, technicien agricole et officier militaire, ont d\u00e9cid\u00e9 de d\u00e9velopper la petite exploitation agricole familiale situ\u00e9e dans le Douro \u00e0 Beira Grande-Carrazeda de Ansi\u00e3es, ont-ils compris. qu&#039;avec la \u00ab maison argent \u00bb r\u00e9unissait les conditions pour r\u00e9aliser un projet motivant dans le secteur vitivinicole. Et c&#039;est ce qui s&#039;est pass\u00e9.<\/p>\n<p>Cette ann\u00e9e-l\u00e0, ils ont restructur\u00e9 la petite Adega da Fam\u00edlia, utilis\u00e9 les moulins pour \u00e9laborer des vins rouges et \u00e9quip\u00e9 la cave d&#039;une technologie moderne pour la production de vins blancs. Les r\u00e9sultats ont \u00e9t\u00e9 rapides, d\u00e8s la premi\u00e8re r\u00e9colte, en 1995, au 1er Concours Casa do Douro - ils ont obtenu la premi\u00e8re place en blancs et une seconde en rouges, depuis lors leurs vins, \u00e0 savoir Grambeira Branco, ont acquis une place de r\u00e9f\u00e9rence dans la r\u00e9gion. .<\/p>","protected":false},"excerpt":{"rendered":"<p>Em 1994 tr\u00eas dos filhos da Fam\u00edlia Meireles, Frederico, Afonso e Manuel, en\u00f3logo, t\u00e9cnico agr\u00edcola e militar, respectivamente, resolveram dinamizar a pequena explora\u00e7\u00e3o agr\u00edcola da fam\u00edlia localizada no Douro em Beira Grande-Carrazeda de Ansi\u00e3es entendiam que com a \u201cprata da casa\u201d reuniam condi\u00e7\u00f5es para levar por diante um projecto motivador na vertente vitivin\u00edcola. E foi [&hellip;]<\/p>\n","protected":false},"featured_media":794,"template":"","meta":{"_exactmetrics_skip_tracking":false,"_exactmetrics_sitenote_active":false,"_exactmetrics_sitenote_note":"","_exactmetrics_sitenote_category":0,"_uf_show_specific_survey":0,"_uf_disable_surveys":false,"iawp_total_views":103},"product_brand":[],"product_cat":[215,184,157],"product_tag":[],"class_list":{"0":"post-14654","1":"product","2":"type-product","3":"status-publish","4":"has-post-thumbnail","6":"product_cat-douro","7":"product_cat-tinto","8":"product_cat-vinhos","10":"first","11":"instock","12":"shipping-taxable","13":"purchasable","14":"product-type-simple"},"_links":{"self":[{"href":"https:\/\/bracaravinum.pt\/fr\/wp-json\/wp\/v2\/product\/14654","targetHints":{"allow":["GET"]}}],"collection":[{"href":"https:\/\/bracaravinum.pt\/fr\/wp-json\/wp\/v2\/product"}],"about":[{"href":"https:\/\/bracaravinum.pt\/fr\/wp-json\/wp\/v2\/types\/product"}],"wp:featuredmedia":[{"embeddable":true,"href":"https:\/\/bracaravinum.pt\/fr\/wp-json\/wp\/v2\/media\/794"}],"wp:attachment":[{"href":"https:\/\/bracaravinum.pt\/fr\/wp-json\/wp\/v2\/media?parent=14654"}],"wp:term":[{"taxonomy":"product_brand","embeddable":true,"href":"https:\/\/bracaravinum.pt\/fr\/wp-json\/wp\/v2\/product_brand?post=14654"},{"taxonomy":"product_cat","embeddable":true,"href":"https:\/\/bracaravinum.pt\/fr\/wp-json\/wp\/v2\/product_cat?post=14654"},{"taxonomy":"product_tag","embeddable":true,"href":"https:\/\/bracaravinum.pt\/fr\/wp-json\/wp\/v2\/product_tag?post=14654"}],"curies":[{"name":"wp","href":"https:\/\/api.w.org\/{rel}","templated":true}]}}