{"id":14616,"date":"2021-09-09T11:17:46","date_gmt":"2021-09-09T11:17:46","guid":{"rendered":"http:\/\/bracaravinum.pt\/?post_type=product&#038;p=14616"},"modified":"2023-11-08T08:21:55","modified_gmt":"2023-11-08T08:21:55","slug":"pacheca-reserva-vinhas-velhas-tinto-75cl","status":"publish","type":"product","link":"https:\/\/bracaravinum.pt\/fr\/produit\/pacheca-reserva-vinhas-velhas-tinto-75cl\/","title":{"rendered":"Pacheca Reserva Vinhas Velhas Rouge 2020 75cl"},"content":{"rendered":"<p>\u03c4<img decoding=\"async\" class=\"size-full wp-image-15359 aligncenter\" src=\"http:\/\/bracaravinum.pt\/wp-content\/uploads\/2022\/02\/pacheca-logo.jpg\" alt=\"\" width=\"295\" height=\"134\" \/><\/p>\n<p>Quinta da Pacheca, l&#039;une des fermes les plus connues de la r\u00e9gion du Douro, a \u00e9galement \u00e9t\u00e9 l&#039;une des premi\u00e8res propri\u00e9t\u00e9s \u00e0 embouteiller du vin sous sa propre marque. Elle est mentionn\u00e9e pour la premi\u00e8re fois dans un document dat\u00e9 d&#039;avril 1738, o\u00f9 elle est appel\u00e9e \u00ab Pacheca \u00bb, car elle appartient \u00e0 D. Mariana Pacheco Pereira. Mais ce n&#039;est qu&#039;en 1903, lorsque D. Jos\u00e9 Freire de Serpa Pimentel d\u00e9cide de d\u00e9velopper son int\u00e9r\u00eat pour l&#039;\u0153nologie, qu&#039;il ach\u00e8te la ferme et commence \u00e0 se consacrer s\u00e9rieusement au secteur risqu\u00e9 de la vinification. Aujourd&#039;hui, un si\u00e8cle et de nombreux succ\u00e8s plus tard, une nouvelle g\u00e9n\u00e9ration de la famille Serpa Pimentel.<\/p>","protected":false},"excerpt":{"rendered":"<p>Pacheca Vinhas Velhas revela boa intensidade arom\u00e1tica, muito complexa com notas elegantes de chocolate e frutas pretas, como mirtilo e amora. \u00c9 muito equilibrado na boca com pr\u00e9-ent taninos e madeira bem integrada,acabamento longo e persistente.<\/p>\n<p>18 mois en f\u00fbts de ch\u00eane fran\u00e7ais neufs et de 2\u00e8me ann\u00e9e<\/p>","protected":false},"featured_media":9027,"template":"","meta":{"_exactmetrics_skip_tracking":false,"_exactmetrics_sitenote_active":false,"_exactmetrics_sitenote_note":"","_exactmetrics_sitenote_category":0,"_uf_show_specific_survey":0,"_uf_disable_surveys":false,"iawp_total_views":31},"product_brand":[],"product_cat":[157,184,215],"product_tag":[],"class_list":{"0":"post-14616","1":"product","2":"type-product","3":"status-publish","4":"has-post-thumbnail","6":"product_cat-vinhos","7":"product_cat-tinto","8":"product_cat-douro","10":"first","11":"instock","12":"shipping-taxable","13":"purchasable","14":"product-type-simple"},"_links":{"self":[{"href":"https:\/\/bracaravinum.pt\/fr\/wp-json\/wp\/v2\/product\/14616","targetHints":{"allow":["GET"]}}],"collection":[{"href":"https:\/\/bracaravinum.pt\/fr\/wp-json\/wp\/v2\/product"}],"about":[{"href":"https:\/\/bracaravinum.pt\/fr\/wp-json\/wp\/v2\/types\/product"}],"wp:featuredmedia":[{"embeddable":true,"href":"https:\/\/bracaravinum.pt\/fr\/wp-json\/wp\/v2\/media\/9027"}],"wp:attachment":[{"href":"https:\/\/bracaravinum.pt\/fr\/wp-json\/wp\/v2\/media?parent=14616"}],"wp:term":[{"taxonomy":"product_brand","embeddable":true,"href":"https:\/\/bracaravinum.pt\/fr\/wp-json\/wp\/v2\/product_brand?post=14616"},{"taxonomy":"product_cat","embeddable":true,"href":"https:\/\/bracaravinum.pt\/fr\/wp-json\/wp\/v2\/product_cat?post=14616"},{"taxonomy":"product_tag","embeddable":true,"href":"https:\/\/bracaravinum.pt\/fr\/wp-json\/wp\/v2\/product_tag?post=14616"}],"curies":[{"name":"wp","href":"https:\/\/api.w.org\/{rel}","templated":true}]}}