{"id":14451,"date":"2021-02-18T12:01:25","date_gmt":"2021-02-18T12:01:25","guid":{"rendered":"http:\/\/bracaravinum.pt\/?post_type=product&#038;p=14451"},"modified":"2024-12-06T15:31:14","modified_gmt":"2024-12-06T15:31:14","slug":"chamine-tinto-5l","status":"publish","type":"product","link":"https:\/\/bracaravinum.pt\/fr\/produit\/chamine-tinto-5l\/","title":{"rendered":"Chamin\u00e9 Tinto 2018 5L"},"content":{"rendered":"<p><img decoding=\"async\" class=\"size-medium wp-image-15617 aligncenter\" src=\"http:\/\/bracaravinum.pt\/wp-content\/uploads\/2021\/02\/logo-cortes-de-cima-300x142.png\" alt=\"\" width=\"300\" height=\"142\" srcset=\"https:\/\/bracaravinum.pt\/wp-content\/uploads\/2021\/02\/logo-cortes-de-cima-300x142.png 300w, https:\/\/bracaravinum.pt\/wp-content\/uploads\/2021\/02\/logo-cortes-de-cima.png 500w\" sizes=\"(max-width: 300px) 100vw, 300px\" \/><br \/>\nCortes de Cima est situ\u00e9e sur les pentes des montagnes de la Serra do Mendro, hautes de 400 m. La grande diversit\u00e9 des terroirs de nos vignobles s&#039;\u00e9tend de l&#039;argile brune m\u00e9diterran\u00e9enne aux calcaires, micaschistes, granites riches en quartz et graviers bien calibr\u00e9s.<\/p>\n<p>Les vignes les plus anciennes, autour de la maison et de la cave, ont \u00e9t\u00e9 plant\u00e9es en 1991. Les noms des vins proviennent de ces parcelles viticoles \u2013 \u00ab Cortes de Cima \u00bb, \u00ab Chamin\u00e9 de Gi\u00e3o \u00bb et \u00ab Courela dos Pageis \u00bb.<\/p>\n<p>La signification de Cortes de Cima : Zone ouverte cl\u00f4tur\u00e9e ou enclos couvert et ferm\u00e9 o\u00f9 le b\u00e9tail est rassembl\u00e9, au sommet d&#039;une colline.<\/p>\n<p>Lors du choix de nos vari\u00e9t\u00e9s ainsi que de notre syst\u00e8me de treillis, nous avons choisi de suivre la r\u00e9glementation \u00ab Vinho Regional \u00bb, moins restrictive que la r\u00e9glementation \u00ab DOC \u00bb.<\/p>\n<p>En 1991, la Syrah n&#039;\u00e9tait autoris\u00e9e par aucune des deux r\u00e9glementations, mais Hans l&#039;a quand m\u00eame plant\u00e9e, convaincu que nous disposions d&#039;un climat et d&#039;un type de sol id\u00e9aux pour le c\u00e9l\u00e8bre c\u00e9page du Rh\u00f4ne. Notre premier mill\u00e9sime de Syrah \u00ab en rupture avec les r\u00e8gles \u00bb, en 1998, a \u00e9t\u00e9 mis en bouteille sous le nom \u00ab Inc\u00f3gnito \u00bb, et a rapidement obtenu des \u00e9loges et une notori\u00e9t\u00e9 au Portugal, ainsi que des m\u00e9dailles repr\u00e9sentant des r\u00e9compenses remport\u00e9es \u00e0 Londres, Bruxelles et Bordeaux.<\/p>","protected":false},"excerpt":{"rendered":"<p>Castas: 45% Aragonez, 30% Syrah, 15% Touriga Nacional,\u00a05% Trincadeira,\u00a05% Alicante Bouschet<\/p>\n<p>Um vinho popular, com um comportamento no mercado sempre regular. Um lote de variedades portuguesas e francesas. O nome Chamin\u00e9 tem origem numa das parcelas da vinha \u2013 \u2018Chamin\u00e9 de Gi\u00e3o\u2019<\/p>\n<p>Aromas frescos de bagos vermelhos, intenso. Fruta vibrante com uma agrad\u00e1vel acidez.<\/p>","protected":false},"featured_media":8168,"template":"","meta":{"_exactmetrics_skip_tracking":false,"_exactmetrics_sitenote_active":false,"_exactmetrics_sitenote_note":"","_exactmetrics_sitenote_category":0,"_uf_show_specific_survey":0,"_uf_disable_surveys":false,"iawp_total_views":234},"product_brand":[],"product_cat":[157,184,207],"product_tag":[],"class_list":{"0":"post-14451","1":"product","2":"type-product","3":"status-publish","4":"has-post-thumbnail","6":"product_cat-vinhos","7":"product_cat-tinto","8":"product_cat-alentejo","10":"first","11":"instock","12":"shipping-taxable","13":"purchasable","14":"product-type-simple"},"_links":{"self":[{"href":"https:\/\/bracaravinum.pt\/fr\/wp-json\/wp\/v2\/product\/14451","targetHints":{"allow":["GET"]}}],"collection":[{"href":"https:\/\/bracaravinum.pt\/fr\/wp-json\/wp\/v2\/product"}],"about":[{"href":"https:\/\/bracaravinum.pt\/fr\/wp-json\/wp\/v2\/types\/product"}],"wp:featuredmedia":[{"embeddable":true,"href":"https:\/\/bracaravinum.pt\/fr\/wp-json\/wp\/v2\/media\/8168"}],"wp:attachment":[{"href":"https:\/\/bracaravinum.pt\/fr\/wp-json\/wp\/v2\/media?parent=14451"}],"wp:term":[{"taxonomy":"product_brand","embeddable":true,"href":"https:\/\/bracaravinum.pt\/fr\/wp-json\/wp\/v2\/product_brand?post=14451"},{"taxonomy":"product_cat","embeddable":true,"href":"https:\/\/bracaravinum.pt\/fr\/wp-json\/wp\/v2\/product_cat?post=14451"},{"taxonomy":"product_tag","embeddable":true,"href":"https:\/\/bracaravinum.pt\/fr\/wp-json\/wp\/v2\/product_tag?post=14451"}],"curies":[{"name":"wp","href":"https:\/\/api.w.org\/{rel}","templated":true}]}}