{"id":14378,"date":"2020-11-17T18:15:39","date_gmt":"2020-11-17T18:15:39","guid":{"rendered":"http:\/\/bracaravinum.pt\/?post_type=product&#038;p=14378"},"modified":"2023-03-28T16:53:08","modified_gmt":"2023-03-28T16:53:08","slug":"7678","status":"publish","type":"product","link":"https:\/\/bracaravinum.pt\/fr\/produit\/7678\/","title":{"rendered":"Montalegre Grande R\u00e9serve Rouge 2015 75cl"},"content":{"rendered":"<p><img decoding=\"async\" class=\"size-full wp-image-7679 aligncenter\" src=\"https:\/\/bracaravinum.pt\/wp-content\/uploads\/2020\/11\/logo_fgwines01.png\" alt=\"\" width=\"159\" height=\"150\" \/><\/p>\n<p>Mentor du projet FGwines, Francisco Gon\u00e7alves est \u00e9galement le vigneron responsable des vins de la marque Mont&#039;alegre. Fort d&#039;une vaste exp\u00e9rience dans l&#039;industrie du vin, il a d\u00e9cid\u00e9 d&#039;aller de l&#039;avant avec ce projet innovant et pionnier au Portugal.<\/p>\n<p>Paulo Gon\u00e7alves est un entrepreneur, dirigeant de plusieurs entreprises r\u00e9gionales et nationales. Avec un profil orient\u00e9 business et marketing, il est le g\u00e9rant de la soci\u00e9t\u00e9 FGwines en partenariat avec Francisco Gon\u00e7alves.<\/p>","protected":false},"excerpt":{"rendered":"<p>C\u00e9pages : Vinhas Velhas<\/p>\n<p>Vieillissement pendant 18 mois en f\u00fbts neufs de ch\u00eane fran\u00e7ais et 14 mois en bouteille.<\/p>\n<p>Nez intense et fruit\u00e9, avec des notes d&#039;\u00e9pices, de buisson, un peu de th\u00e9 et des notes balsamiques avec une finale min\u00e9rale. Bouche fra\u00eeche, aux tanins fins et \u00e9l\u00e9gants, avec une excellente structure et beaucoup de caract\u00e8re et de personnalit\u00e9. Finale longue.<\/p>","protected":false},"featured_media":7679,"template":"","meta":{"_exactmetrics_skip_tracking":false,"_exactmetrics_sitenote_active":false,"_exactmetrics_sitenote_note":"","_exactmetrics_sitenote_category":0,"_uf_show_specific_survey":0,"_uf_disable_surveys":false,"iawp_total_views":64},"product_brand":[],"product_cat":[184,212,157],"product_tag":[],"class_list":{"0":"post-14378","1":"product","2":"type-product","3":"status-publish","4":"has-post-thumbnail","6":"product_cat-tinto","7":"product_cat-tras-os-montes","8":"product_cat-vinhos","10":"first","11":"instock","12":"shipping-taxable","13":"purchasable","14":"product-type-simple"},"_links":{"self":[{"href":"https:\/\/bracaravinum.pt\/fr\/wp-json\/wp\/v2\/product\/14378","targetHints":{"allow":["GET"]}}],"collection":[{"href":"https:\/\/bracaravinum.pt\/fr\/wp-json\/wp\/v2\/product"}],"about":[{"href":"https:\/\/bracaravinum.pt\/fr\/wp-json\/wp\/v2\/types\/product"}],"wp:featuredmedia":[{"embeddable":true,"href":"https:\/\/bracaravinum.pt\/fr\/wp-json\/wp\/v2\/media\/7679"}],"wp:attachment":[{"href":"https:\/\/bracaravinum.pt\/fr\/wp-json\/wp\/v2\/media?parent=14378"}],"wp:term":[{"taxonomy":"product_brand","embeddable":true,"href":"https:\/\/bracaravinum.pt\/fr\/wp-json\/wp\/v2\/product_brand?post=14378"},{"taxonomy":"product_cat","embeddable":true,"href":"https:\/\/bracaravinum.pt\/fr\/wp-json\/wp\/v2\/product_cat?post=14378"},{"taxonomy":"product_tag","embeddable":true,"href":"https:\/\/bracaravinum.pt\/fr\/wp-json\/wp\/v2\/product_tag?post=14378"}],"curies":[{"name":"wp","href":"https:\/\/api.w.org\/{rel}","templated":true}]}}