{"id":14314,"date":"2020-10-08T15:39:02","date_gmt":"2020-10-08T15:39:02","guid":{"rendered":"http:\/\/bracaravinum.pt\/?post_type=product&#038;p=14314"},"modified":"2025-11-05T18:13:26","modified_gmt":"2025-11-05T18:13:26","slug":"gin-vermuiz-50cl","status":"publish","type":"product","link":"https:\/\/bracaravinum.pt\/fr\/produto\/gin-vermuiz-50cl\/","title":{"rendered":"Gin Vermuiz Sec 50cl"},"content":{"rendered":"<p>&nbsp;<\/p>\n<p>L&#039;origine de la ville de Famalic\u00e3o a donn\u00e9 le ton \u00e0 la cr\u00e9ation de notre gin, inspir\u00e9 du soi-disant Ch\u00e2teau de Vermoim, construit au XIe si\u00e8cle par le comte Vermuiz Forjaz. En fait, c&#039;est le comte qui a ordonn\u00e9 la construction de la forteresse qui prot\u00e9geait la ville d&#039;o\u00f9 le gin tire son nom. Le nom et les principales caract\u00e9ristiques : fort, combatif et adaptable \u00e0 chaque palais. Une nouvelle exp\u00e9rience pour tous les palais !<\/p>\n<p>Le gin Vermuiz offre une combinaison parfaite de saveurs d&#039;agrumes avec d&#039;\u00e9pices et d&#039;herbes. Issu d&#039;une distillation conjointe de plantes dans un alambic traditionnel, Vermuiz a \u00e9t\u00e9 d\u00e9velopp\u00e9 pendant deux mois par un distillateur poss\u00e9dant une vaste exp\u00e9rience dans le domaine. Apr\u00e8s un processus de mac\u00e9ration de six jours et une double distillation, le gin atteint un \u00e9quilibre botanique.<\/p>\n<p>Le gen\u00e9vrier et la coriandre sont des piliers essentiels du Vermuiz. Ensemble, ils parviennent au juste \u00e9quilibre pour que la fra\u00eecheur envahisse la bouche et \u00e9veille tous les sens. Et si la bouche est longue, l&#039;arri\u00e8re-go\u00fbt pr\u00e9sente une saveur \u00e9pic\u00e9e sans jamais oublier le go\u00fbt du citron et du pamplemousse.<\/p>\n<p>Issu d&#039;une distillation conjointe de plantes dans un alambic traditionnel, Vermuiz a \u00e9t\u00e9 d\u00e9velopp\u00e9 pendant deux mois par un distillateur poss\u00e9dant une vaste exp\u00e9rience dans le domaine. Apr\u00e8s un processus de mac\u00e9ration de six jours et gr\u00e2ce \u00e0 une double distillation, Vermuiz atteint un \u00e9quilibre botanique qui offre une exp\u00e9rience unique.<\/p>\n<p>Avec un titre alcoom\u00e9trique de 42%, notre gin a comme piliers essentiels le geni\u00e8vre et la coriandre, qui ensemble r\u00e9alisent un \u00e9quilibre parfait pour que la fra\u00eecheur envahisse la bouche et \u00e9veille tous les sens.<\/p>\n<p>Vermuiz donne une longueur en bouche instantan\u00e9e et un arri\u00e8re-go\u00fbt qui dure et incorpore des amandes, des clous de girofle et du goji. C&#039;est un arri\u00e8re-go\u00fbt \u00e0 la saveur \u00e9pic\u00e9e, et une bouche d&#039;agrumes soulign\u00e9e par la pr\u00e9sence de pamplemousse et de citron. Boire du Vermuiz, c&#039;est d\u00e9couvrir un ensemble de saveurs en une seule exp\u00e9rience.<\/p>","protected":false},"excerpt":{"rendered":"<p><img decoding=\"async\" class=\"alignnone size-full wp-image-3689\" src=\"https:\/\/bracaravinum.pt\/wp-content\/uploads\/2020\/04\/portugal.png\" alt=\"\" width=\"70\" height=\"40\" \/>Origine Portugal<\/p>\n<p>Vermuiz est un gin premium qui utilise des plantes traditionnelles, en les combinant avec des \u00e9pices qui lui conf\u00e8rent un ar\u00f4me et un go\u00fbt tout sauf conventionnels. Inspir\u00e9 des souvenirs du Minho, Vermuiz est \u00e0 la fois traditionnel et surprenant. Alors qu&#039;on s&#039;attend \u00e0 go\u00fbter les agrumes si caract\u00e9ristiques de la r\u00e9gion du Minho, o\u00f9 il a \u00e9t\u00e9 cr\u00e9\u00e9, il surprend par la combinaison d&#039;\u00e9pices et d&#039;herbes.<\/p>","protected":false},"featured_media":7328,"template":"","meta":{"_exactmetrics_skip_tracking":false,"_exactmetrics_sitenote_active":false,"_exactmetrics_sitenote_note":"","_exactmetrics_sitenote_category":0,"_uf_show_specific_survey":0,"_uf_disable_surveys":false,"iawp_total_views":207},"product_brand":[],"product_cat":[158,183,162],"product_tag":[],"class_list":{"0":"post-14314","1":"product","2":"type-product","3":"status-publish","4":"has-post-thumbnail","6":"product_cat-espirituosos","7":"product_cat-gin","8":"product_cat-raridades","10":"first","11":"instock","12":"shipping-taxable","13":"purchasable","14":"product-type-simple"},"_links":{"self":[{"href":"https:\/\/bracaravinum.pt\/fr\/wp-json\/wp\/v2\/product\/14314","targetHints":{"allow":["GET"]}}],"collection":[{"href":"https:\/\/bracaravinum.pt\/fr\/wp-json\/wp\/v2\/product"}],"about":[{"href":"https:\/\/bracaravinum.pt\/fr\/wp-json\/wp\/v2\/types\/product"}],"wp:featuredmedia":[{"embeddable":true,"href":"https:\/\/bracaravinum.pt\/fr\/wp-json\/wp\/v2\/media\/7328"}],"wp:attachment":[{"href":"https:\/\/bracaravinum.pt\/fr\/wp-json\/wp\/v2\/media?parent=14314"}],"wp:term":[{"taxonomy":"product_brand","embeddable":true,"href":"https:\/\/bracaravinum.pt\/fr\/wp-json\/wp\/v2\/product_brand?post=14314"},{"taxonomy":"product_cat","embeddable":true,"href":"https:\/\/bracaravinum.pt\/fr\/wp-json\/wp\/v2\/product_cat?post=14314"},{"taxonomy":"product_tag","embeddable":true,"href":"https:\/\/bracaravinum.pt\/fr\/wp-json\/wp\/v2\/product_tag?post=14314"}],"curies":[{"name":"wp","href":"https:\/\/api.w.org\/{rel}","templated":true}]}}