{"id":14238,"date":"2020-08-24T15:54:16","date_gmt":"2020-08-24T15:54:16","guid":{"rendered":"http:\/\/bracaravinum.pt\/?post_type=product&#038;p=14238"},"modified":"2023-10-10T14:45:34","modified_gmt":"2023-10-10T14:45:34","slug":"2pr-reserva-tinto-75cl","status":"publish","type":"product","link":"https:\/\/bracaravinum.pt\/fr\/produit\/2pr-reserva-tinto-75cl\/","title":{"rendered":"2PR R\u00e9serva Rouge 2021 75cl"},"content":{"rendered":"<p>Conceito: a Duplo PR (ou 2PR) \u00e9 uma empresa de consultoria enol\u00f3gica que desenvolve servi\u00e7os t\u00e9cnicos maioritariamente na Regi\u00e3o Demarcada do Douro.<br \/>\nUma equipa, que se renova ao longo dos \u00faltimos 16 anos, acompanhando v\u00e1rios produtores de Quinta e ainda liderando projectos da sua autoria. \u00c9 nesse \u00e2mbito que apaixonadamente mas sem concess\u00f5es se desenham os vinhos 2PR e ITER.<br \/>\n\u201cComo en\u00f3logos e sobretudo apaixonados pela regi\u00e3o, \u00e9 nossa miss\u00e3o criar vinhos que respeitem o car\u00e1cter das vinhas e castas ind\u00edgenas do Douro, procurando sempre a harmonia entre complexidade e eleg\u00e2ncia\u201d diz o Ant\u00f3nio Rosas.<br \/>\nPor sua vez, a Filipa Pizarro afirma: \u201cOs vinhos s\u00e3o o resultado de uma identidade pr\u00f3pria, que queremos partilhar, porque nesta mistura de sabores e aromas h\u00e1 sempre uma hist\u00f3ria para contar, uma paix\u00e3o para viver e um sonho para realizar!\u201d<\/p>","protected":false},"excerpt":{"rendered":"<p>Bals\u00e2mico e apimentado no nariz com fruta profunda, a mostrar-se bem intenso. Chocolate preto com raspas de gengibre e frutos do bosque comp\u00f5em o conjunto, tornando-o muito guloso, atractivo e fresco.<\/p>\n<p>Um tinto ambicioso.<\/p>","protected":false},"featured_media":6832,"template":"","meta":{"_exactmetrics_skip_tracking":false,"_exactmetrics_sitenote_active":false,"_exactmetrics_sitenote_note":"","_exactmetrics_sitenote_category":0,"_uf_show_specific_survey":0,"_uf_disable_surveys":false,"iawp_total_views":58},"product_brand":[],"product_cat":[157,184,215],"product_tag":[],"class_list":{"0":"post-14238","1":"product","2":"type-product","3":"status-publish","4":"has-post-thumbnail","6":"product_cat-vinhos","7":"product_cat-tinto","8":"product_cat-douro","10":"first","11":"instock","12":"shipping-taxable","13":"purchasable","14":"product-type-simple"},"_links":{"self":[{"href":"https:\/\/bracaravinum.pt\/fr\/wp-json\/wp\/v2\/product\/14238","targetHints":{"allow":["GET"]}}],"collection":[{"href":"https:\/\/bracaravinum.pt\/fr\/wp-json\/wp\/v2\/product"}],"about":[{"href":"https:\/\/bracaravinum.pt\/fr\/wp-json\/wp\/v2\/types\/product"}],"wp:featuredmedia":[{"embeddable":true,"href":"https:\/\/bracaravinum.pt\/fr\/wp-json\/wp\/v2\/media\/6832"}],"wp:attachment":[{"href":"https:\/\/bracaravinum.pt\/fr\/wp-json\/wp\/v2\/media?parent=14238"}],"wp:term":[{"taxonomy":"product_brand","embeddable":true,"href":"https:\/\/bracaravinum.pt\/fr\/wp-json\/wp\/v2\/product_brand?post=14238"},{"taxonomy":"product_cat","embeddable":true,"href":"https:\/\/bracaravinum.pt\/fr\/wp-json\/wp\/v2\/product_cat?post=14238"},{"taxonomy":"product_tag","embeddable":true,"href":"https:\/\/bracaravinum.pt\/fr\/wp-json\/wp\/v2\/product_tag?post=14238"}],"curies":[{"name":"wp","href":"https:\/\/api.w.org\/{rel}","templated":true}]}}