{"id":14227,"date":"2020-08-22T11:35:10","date_gmt":"2020-08-22T11:35:10","guid":{"rendered":"http:\/\/bracaravinum.pt\/?post_type=product&#038;p=14227"},"modified":"2025-11-28T14:42:29","modified_gmt":"2025-11-28T14:42:29","slug":"casa-da-senra-loureiro-75cl","status":"publish","type":"product","link":"https:\/\/bracaravinum.pt\/fr\/produto\/casa-da-senra-loureiro-75cl\/","title":{"rendered":"Casa da Senra Loureiro 75cl"},"content":{"rendered":"<p>&nbsp;<\/p>\n<p>O vinho\u00a0CASA DA SENRA\u00a0\u00e9 produzido pela\u00a0Quinta dos Abrigueiros\u00a0no vale do rio Lima, a norte de Portugal, entre as vilas\u00a0Ponte de Lima\u00a0e\u00a0Arcos de Valdevez.<\/p>\n<p>No s\u00e9culo XVII, o Senhor da Casa da Senra,\u00a0Trist\u00e3o de Azevedo de Ara\u00fajo \u201cLeon\u00eas\u201d, j\u00e1 produzia este vinho nas suas terras. Este era\u00a0exportado\u00a0pelo porto de\u00a0Viana do Castelo\u00a0para os pa\u00edses do\u00a0Norte da Europa. Parte dessas terras \u00e9 a Quinta dos Abrigueiros.<br \/>\nHoje, a 10\u00aa gera\u00e7\u00e3o, liderada por\u00a0Paulo Pimenta de Castro Dam\u00e1sio, ampliou a planta\u00e7\u00e3o do vinhedo no sistema de condu\u00e7\u00e3o cord\u00e3o simples, elegendo a casta rainha aut\u00f3ctone da sub-regi\u00e3o \u2013 Loureiro.<\/p>\n<p>Apesar de agora estar plantada em grande parte da regi\u00e3o dos Vinhos Verdes, a casta\u00a0Loureiro\u00a0parece ter origem no\u00a0Vale do Lima\u00a0e \u00e9 claramente a\u00ed que as suas caracter\u00edsticas melhor se manifestam.<\/p>\n<p>\u201cLoureiro\u201d significa \u201clouro\u201d que remete para a cor dourada e das folhas de louro que exalam um perfume especial. Na antiguidade cl\u00e1ssica a\u00a0\u201ccoroa de louros\u201d\u00a0simbolizava a gl\u00f3ria e distin\u00e7\u00e3o, o que se adequa perfeitamente com as caracter\u00edsticas da casta!<\/p>\n<p>A Quinta dos Abrigueiros tem vindo a aumentar a produ\u00e7\u00e3o ao longo dos anos, tal como a investir no melhoramento das novas tecnologias de vinifica\u00e7\u00e3o. Esta faz-se em\u00a0adega pr\u00f3pria\u00a0onde se procura real\u00e7ar a frescura e aroma das massas v\u00ednicas, obtendo-se um vinho de aroma frutado e de sabor fresco t\u00edpico da casta Loureiro.<\/p>","protected":false},"excerpt":{"rendered":"<p>Aroma bem perfumado, com flores brancas, p\u00f3len, algum citrino, vegetal seco Prova de boca com corpo m\u00e9dio, tudo bem integrado e muito elegante, leve amargo final a compensar bem alguma do\u00e7ura de fruto.<\/p>","protected":false},"featured_media":6780,"template":"","meta":{"_exactmetrics_skip_tracking":false,"_exactmetrics_sitenote_active":false,"_exactmetrics_sitenote_note":"","_exactmetrics_sitenote_category":0,"_uf_show_specific_survey":0,"_uf_disable_surveys":false,"iawp_total_views":215},"product_brand":[],"product_cat":[185,157,206],"product_tag":[],"class_list":{"0":"post-14227","1":"product","2":"type-product","3":"status-publish","4":"has-post-thumbnail","6":"product_cat-branco","7":"product_cat-vinhos","8":"product_cat-vinhos-verdes","10":"first","11":"instock","12":"shipping-taxable","13":"purchasable","14":"product-type-simple"},"_links":{"self":[{"href":"https:\/\/bracaravinum.pt\/fr\/wp-json\/wp\/v2\/product\/14227","targetHints":{"allow":["GET"]}}],"collection":[{"href":"https:\/\/bracaravinum.pt\/fr\/wp-json\/wp\/v2\/product"}],"about":[{"href":"https:\/\/bracaravinum.pt\/fr\/wp-json\/wp\/v2\/types\/product"}],"wp:featuredmedia":[{"embeddable":true,"href":"https:\/\/bracaravinum.pt\/fr\/wp-json\/wp\/v2\/media\/6780"}],"wp:attachment":[{"href":"https:\/\/bracaravinum.pt\/fr\/wp-json\/wp\/v2\/media?parent=14227"}],"wp:term":[{"taxonomy":"product_brand","embeddable":true,"href":"https:\/\/bracaravinum.pt\/fr\/wp-json\/wp\/v2\/product_brand?post=14227"},{"taxonomy":"product_cat","embeddable":true,"href":"https:\/\/bracaravinum.pt\/fr\/wp-json\/wp\/v2\/product_cat?post=14227"},{"taxonomy":"product_tag","embeddable":true,"href":"https:\/\/bracaravinum.pt\/fr\/wp-json\/wp\/v2\/product_tag?post=14227"}],"curies":[{"name":"wp","href":"https:\/\/api.w.org\/{rel}","templated":true}]}}