{"id":14214,"date":"2020-07-24T18:41:52","date_gmt":"2020-07-24T18:41:52","guid":{"rendered":"http:\/\/bracaravinum.pt\/?post_type=product&#038;p=14214"},"modified":"2025-10-31T12:48:37","modified_gmt":"2025-10-31T12:48:37","slug":"cerveja-la-trappe-dubbel-75cl-2","status":"publish","type":"product","link":"https:\/\/bracaravinum.pt\/fr\/produit\/cerveja-la-trappe-dubbel-75cl-2\/","title":{"rendered":"Cerveja La Trappe Dubbel 75cl"},"content":{"rendered":"<p>A cervejaria Koningshoeven \u00e9 uma das poucas cervejarias trapistas do mundo autorizadas a usar o logotipo do &#8220;Produto Trapista Aut\u00eantico&#8221;. Porque a cerveja inglesa s\u00f3 pode ser chamada de cerveja trapista quando foi fabricada entre as quatro paredes de um mosteiro trapista, sob a supervis\u00e3o dos monges do mosteiro, e quando uma parte dos lucros \u00e9 destinada \u00e0 caridade. Puro e honesto. E isso se reflete no gosto.<\/p>\n<p>Um &#8220;trapista&#8221; tem de satisfazer uma s\u00e9rie de crit\u00e9rios estritos pr\u00f3prios para este logo antes de poder levar este nome:<\/p>\n<p>1. A cerveja deve ser fabricada dentro das paredes de um mosteiro trapista, quer pelos pr\u00f3prios monges, quer sob a sua supervis\u00e3o.<br \/>\n2. A cervejaria deve ter uma import\u00e2ncia secund\u00e1ria dentro do mosteiro e deve testemunhar as pr\u00e1ticas empresariais pr\u00f3prias de um modo de vida mon\u00e1stico<br \/>\n3. A cervejaria n\u00e3o se destina a ser uma empresa lucrativa. A renda cobre as despesas de subsist\u00eancia dos monges e a manuten\u00e7\u00e3o dos edif\u00edcios e terrenos. Tudo o que resta \u00e9 doado para a caridade para o trabalho social e para ajudar as pessoas necessitadas.<br \/>\nPuro e honesto. E isso se reflete no gosto.<\/p>","protected":false},"excerpt":{"rendered":"<p><img decoding=\"async\" class=\"alignnone size-full wp-image-3554\" src=\"https:\/\/bracaravinum.pt\/wp-content\/uploads\/2020\/04\/holanda.png\" alt=\"\" width=\"70\" height=\"40\" \/>\u00a0Origem Holanda<\/p>\n<p>Cor: Marrom escuro com a cabe\u00e7a marfim-colorida.<\/p>\n<p>Aroma: aroma frutado com tons escuros de baunilha, caramelo e chocolate torrado.<\/p>\n<p>Sabor: La Trappe Dubbel \u00e9 uma cl\u00e1ssica cerveja Trappista escura com um sabor malsano, caramelo-doce e uma sutil influ\u00eancia de datas, mel e frutos secos.<\/p>\n<p>Aftertaste: doce e levemente amargo.<\/p>","protected":false},"featured_media":3663,"template":"","meta":{"_exactmetrics_skip_tracking":false,"_exactmetrics_sitenote_active":false,"_exactmetrics_sitenote_note":"","_exactmetrics_sitenote_category":0,"_uf_show_specific_survey":0,"_uf_disable_surveys":false,"iawp_total_views":29},"product_brand":[],"product_cat":[259,171],"product_tag":[],"class_list":{"0":"post-14214","1":"product","2":"type-product","3":"status-publish","4":"has-post-thumbnail","6":"product_cat-cervejas","7":"product_cat-gourmet","9":"first","10":"outofstock","11":"shipping-taxable","12":"purchasable","13":"product-type-simple"},"_links":{"self":[{"href":"https:\/\/bracaravinum.pt\/fr\/wp-json\/wp\/v2\/product\/14214","targetHints":{"allow":["GET"]}}],"collection":[{"href":"https:\/\/bracaravinum.pt\/fr\/wp-json\/wp\/v2\/product"}],"about":[{"href":"https:\/\/bracaravinum.pt\/fr\/wp-json\/wp\/v2\/types\/product"}],"wp:featuredmedia":[{"embeddable":true,"href":"https:\/\/bracaravinum.pt\/fr\/wp-json\/wp\/v2\/media\/3663"}],"wp:attachment":[{"href":"https:\/\/bracaravinum.pt\/fr\/wp-json\/wp\/v2\/media?parent=14214"}],"wp:term":[{"taxonomy":"product_brand","embeddable":true,"href":"https:\/\/bracaravinum.pt\/fr\/wp-json\/wp\/v2\/product_brand?post=14214"},{"taxonomy":"product_cat","embeddable":true,"href":"https:\/\/bracaravinum.pt\/fr\/wp-json\/wp\/v2\/product_cat?post=14214"},{"taxonomy":"product_tag","embeddable":true,"href":"https:\/\/bracaravinum.pt\/fr\/wp-json\/wp\/v2\/product_tag?post=14214"}],"curies":[{"name":"wp","href":"https:\/\/api.w.org\/{rel}","templated":true}]}}