{"id":14209,"date":"2020-07-22T17:17:38","date_gmt":"2020-07-22T17:17:38","guid":{"rendered":"http:\/\/bracaravinum.pt\/?post_type=product&#038;p=14209"},"modified":"2022-12-05T15:37:03","modified_gmt":"2022-12-05T15:37:03","slug":"tequila-pretre-bleu","status":"publish","type":"product","link":"https:\/\/bracaravinum.pt\/fr\/produit\/tequila-pretre-bleu\/","title":{"rendered":"Tequila Padre Azul Anejo 70cl"},"content":{"rendered":"<p><img decoding=\"async\" class=\"size-medium wp-image-15360 aligncenter\" src=\"http:\/\/bracaravinum.pt\/wp-content\/uploads\/2022\/02\/padreazul-logo-black-300x106.png\" alt=\"\" width=\"300\" height=\"106\" srcset=\"https:\/\/bracaravinum.pt\/wp-content\/uploads\/2022\/02\/padreazul-logo-black-300x106.png 300w, https:\/\/bracaravinum.pt\/wp-content\/uploads\/2022\/02\/padreazul-logo-black-768x271.png 768w, https:\/\/bracaravinum.pt\/wp-content\/uploads\/2022\/02\/padreazul-logo-black-600x212.png 600w, https:\/\/bracaravinum.pt\/wp-content\/uploads\/2022\/02\/padreazul-logo-black.png 851w\" sizes=\"(max-width: 300px) 100vw, 300px\" \/><\/p>\n<p>Un Autrichien a h\u00e9rit\u00e9 de la passion pour la distillation de son p\u00e8re, qui produisait du brandy de haute qualit\u00e9. Son \u00e9quipe s&#039;est associ\u00e9e \u00e0 son beau-p\u00e8re et \u00e0 une \u00e9quipe de ma\u00eetres distillateurs renomm\u00e9s de Jalisco, au Mexique, pour cr\u00e9er Padre Azul.<\/p>\n<p>Padre Azul est fabriqu\u00e9e au Mexique, allant au-del\u00e0 des exigences standards et des crit\u00e8res de qualit\u00e9 de la tequila du Mexique. Notre bouteille s&#039;inspire de la culture et du patrimoine mexicains.<\/p>\n<p>Issu de Blue Weber Agave avec une maturit\u00e9 d&#039;au moins huit ans. Les agaves sont cultiv\u00e9es dans les \u00ab\u00a0Valles\u00a0\u00bb pr\u00e8s d&#039;Amatit\u00e1n, dans l&#039;\u00c9tat de Jalisco, au Mexique.<\/p>\n<p>Cuit lentement dans les fours traditionnels \u00ab\u00a0Mamposteria\u00a0\u00bb, ferment\u00e9 sans levure artificielle et distill\u00e9 en petits lots.<\/p>","protected":false},"excerpt":{"rendered":"<p><img decoding=\"async\" class=\"alignnone size-full wp-image-6614\" src=\"https:\/\/bracaravinum.pt\/wp-content\/uploads\/2020\/07\/bandeira-mexico.jpg\" alt=\"\" width=\"70\" height=\"40\" \/>Origine Mexique<\/p>\n<p>La tequila Padre Azul A\u00f1ejo est vieillie dans des f\u00fbts de ch\u00eane bourbon s\u00e9lectionn\u00e9s \u00e0 la main pendant au moins 18 mois. L&#039;influence suppl\u00e9mentaire du ch\u00eane donne \u00e0 cette tequila complexe des saveurs haut de gamme comme la cannelle, le chocolat et les noix caram\u00e9lis\u00e9es.<\/p>\n<p>Alcool : 38% vol.<\/p>","protected":false},"featured_media":6612,"template":"","meta":{"_exactmetrics_skip_tracking":false,"_exactmetrics_sitenote_active":false,"_exactmetrics_sitenote_note":"","_exactmetrics_sitenote_category":0,"_uf_show_specific_survey":0,"_uf_disable_surveys":false,"iawp_total_views":20},"product_brand":[],"product_cat":[158,199],"product_tag":[],"class_list":{"0":"post-14209","1":"product","2":"type-product","3":"status-publish","4":"has-post-thumbnail","6":"product_cat-espirituosos","7":"product_cat-tequilla","9":"first","10":"instock","11":"shipping-taxable","12":"purchasable","13":"product-type-simple"},"_links":{"self":[{"href":"https:\/\/bracaravinum.pt\/fr\/wp-json\/wp\/v2\/product\/14209","targetHints":{"allow":["GET"]}}],"collection":[{"href":"https:\/\/bracaravinum.pt\/fr\/wp-json\/wp\/v2\/product"}],"about":[{"href":"https:\/\/bracaravinum.pt\/fr\/wp-json\/wp\/v2\/types\/product"}],"wp:featuredmedia":[{"embeddable":true,"href":"https:\/\/bracaravinum.pt\/fr\/wp-json\/wp\/v2\/media\/6612"}],"wp:attachment":[{"href":"https:\/\/bracaravinum.pt\/fr\/wp-json\/wp\/v2\/media?parent=14209"}],"wp:term":[{"taxonomy":"product_brand","embeddable":true,"href":"https:\/\/bracaravinum.pt\/fr\/wp-json\/wp\/v2\/product_brand?post=14209"},{"taxonomy":"product_cat","embeddable":true,"href":"https:\/\/bracaravinum.pt\/fr\/wp-json\/wp\/v2\/product_cat?post=14209"},{"taxonomy":"product_tag","embeddable":true,"href":"https:\/\/bracaravinum.pt\/fr\/wp-json\/wp\/v2\/product_tag?post=14209"}],"curies":[{"name":"wp","href":"https:\/\/api.w.org\/{rel}","templated":true}]}}