{"id":14095,"date":"2020-06-19T12:47:14","date_gmt":"2020-06-19T12:47:14","guid":{"rendered":"http:\/\/bracaravinum.pt\/?post_type=product&#038;p=14095"},"modified":"2024-02-01T09:03:07","modified_gmt":"2024-02-01T09:03:07","slug":"mamore-de-borba-syrah-tinto-2019-75cl","status":"publish","type":"product","link":"https:\/\/bracaravinum.pt\/fr\/produit\/mamore-de-borba-syrah-tinto-2019-75cl\/","title":{"rendered":"Mamor\u00e9 de Borba Syrah Tinto 2019 75cl"},"content":{"rendered":"<p><img fetchpriority=\"high\" decoding=\"async\" class=\"size-medium wp-image-16646 aligncenter\" src=\"http:\/\/bracaravinum.pt\/wp-content\/uploads\/2020\/06\/sovibor-logo-300x217.jpg\" alt=\"\" width=\"300\" height=\"217\" srcset=\"https:\/\/bracaravinum.pt\/wp-content\/uploads\/2020\/06\/sovibor-logo-300x217.jpg 300w, https:\/\/bracaravinum.pt\/wp-content\/uploads\/2020\/06\/sovibor-logo-768x555.jpg 768w, https:\/\/bracaravinum.pt\/wp-content\/uploads\/2020\/06\/sovibor-logo-18x12.jpg 18w, https:\/\/bracaravinum.pt\/wp-content\/uploads\/2020\/06\/sovibor-logo-600x433.jpg 600w, https:\/\/bracaravinum.pt\/wp-content\/uploads\/2020\/06\/sovibor-logo.jpg 1011w\" sizes=\"(max-width: 300px) 100vw, 300px\" \/><\/p>\n<p class=\"p1\"><span class=\"s1\">Il s&#039;agit d&#039;une entreprise historique de la r\u00e9gion de l&#039;Alentejo, fond\u00e9e en 1968 et qui, avec l&#039;entr\u00e9e r\u00e9cente d&#039;une nouvelle administration dirig\u00e9e par Fernando Tavares, se concentre d\u00e9sormais sur la qualit\u00e9 et le repositionnement de tous les vins, \u00e0 un niveau de qualit\u00e9 et de prix plus \u00e9lev\u00e9.<\/span><\/p>\n<p class=\"p1\"><span class=\"s1\">Au c\u0153ur de Borba, SOVIBOR b\u00e9n\u00e9ficie d&#039;installations uniques, o\u00f9 plus de deux si\u00e8cles d&#039;histoire se confondent avec de nouvelles normes de qualit\u00e9, de nouveaux vins et marques, une nouvelle \u00e9quipe de direction, des images renouvel\u00e9es et une nouvelle strat\u00e9gie.<\/span><\/p>\n<p class=\"p3\"><span class=\"s1\">Entreprise familiale, avec une exp\u00e9rience reconnue dans la production de vins de l&#039;Alentejo, en particulier les vins DOC Borba<b>.<\/b><\/span><\/p>\n<p class=\"p3\"><span class=\"s1\">Tradition, Qualit\u00e9 et Modernit\u00e9 sont des valeurs que nous souhaitons pr\u00e9server, pour continuer \u00e0 faire notre Histoire.<\/span><\/p>","protected":false},"excerpt":{"rendered":"<p>Notas de Prova: Cor rubi viva, aromas elegantes onde \u00a0 predominam os pequenos frutos vermelhos, \u00a0 fumo de charuto, notas bals\u00e2micas e c\u00e2nfora.<\/p>\n<p>Na boca apresenta taninos de fino recorte,\u00a0 acidez fina bem envolvida na estrutura.\u00a0 Excelente equil\u00edbrio entre acidez e taninos, \u00a0 terminando longevo e elegante.<\/p>\n<p>\u00c1lcool\u00a0\u00a014,5% vol.<\/p>\n<p>Est\u00e1gio\u00a0em balseiro de 5 000L cerca de 12 meses.<\/p>","protected":false},"featured_media":18611,"template":"","meta":{"_exactmetrics_skip_tracking":false,"_exactmetrics_sitenote_active":false,"_exactmetrics_sitenote_note":"","_exactmetrics_sitenote_category":0,"_uf_show_specific_survey":0,"_uf_disable_surveys":false,"iawp_total_views":3},"product_brand":[],"product_cat":[157,184,207],"product_tag":[],"class_list":{"0":"post-14095","1":"product","2":"type-product","3":"status-publish","4":"has-post-thumbnail","6":"product_cat-vinhos","7":"product_cat-tinto","8":"product_cat-alentejo","10":"first","11":"instock","12":"shipping-taxable","13":"purchasable","14":"product-type-simple"},"_links":{"self":[{"href":"https:\/\/bracaravinum.pt\/fr\/wp-json\/wp\/v2\/product\/14095","targetHints":{"allow":["GET"]}}],"collection":[{"href":"https:\/\/bracaravinum.pt\/fr\/wp-json\/wp\/v2\/product"}],"about":[{"href":"https:\/\/bracaravinum.pt\/fr\/wp-json\/wp\/v2\/types\/product"}],"wp:featuredmedia":[{"embeddable":true,"href":"https:\/\/bracaravinum.pt\/fr\/wp-json\/wp\/v2\/media\/18611"}],"wp:attachment":[{"href":"https:\/\/bracaravinum.pt\/fr\/wp-json\/wp\/v2\/media?parent=14095"}],"wp:term":[{"taxonomy":"product_brand","embeddable":true,"href":"https:\/\/bracaravinum.pt\/fr\/wp-json\/wp\/v2\/product_brand?post=14095"},{"taxonomy":"product_cat","embeddable":true,"href":"https:\/\/bracaravinum.pt\/fr\/wp-json\/wp\/v2\/product_cat?post=14095"},{"taxonomy":"product_tag","embeddable":true,"href":"https:\/\/bracaravinum.pt\/fr\/wp-json\/wp\/v2\/product_tag?post=14095"}],"curies":[{"name":"wp","href":"https:\/\/api.w.org\/{rel}","templated":true}]}}