{"id":14094,"date":"2020-06-19T12:07:40","date_gmt":"2020-06-19T12:07:40","guid":{"rendered":"http:\/\/bracaravinum.pt\/?post_type=product&#038;p=14094"},"modified":"2024-12-14T17:13:44","modified_gmt":"2024-12-14T17:13:44","slug":"castelomor-reserve-rouge-75cl","status":"publish","type":"product","link":"https:\/\/bracaravinum.pt\/fr\/produit\/castelomor-reserve-rouge-75cl\/","title":{"rendered":"Castelomor Reserva Rouge 2019 75cl"},"content":{"rendered":"","protected":false},"excerpt":{"rendered":"<p>C\u00e9pages : Trincadeira, Aragon\u00eas<\/p>\n<p>Couleur rubis prononc\u00e9e. Ar\u00f4mes de fruits sauvages avec des notes de chocolat noir et d&#039;eucalyptus. Corps rond en \u00e9quilibre avec une acidit\u00e9 et des tanins structur\u00e9s. Finale longue et complexe.<\/p>\n<p>Gastronomie : Id\u00e9al pour accompagner des viandes rouges grill\u00e9es, des plats de gibier, des fromages \u00e0 p\u00e2te molle ou, seul, lors d&#039;une r\u00e9union entre amis.<\/p>","protected":false},"featured_media":5957,"template":"","meta":{"_exactmetrics_skip_tracking":false,"_exactmetrics_sitenote_active":false,"_exactmetrics_sitenote_note":"","_exactmetrics_sitenote_category":0,"_uf_show_specific_survey":0,"_uf_disable_surveys":false,"iawp_total_views":42},"product_brand":[],"product_cat":[157,184,207],"product_tag":[],"class_list":{"0":"post-14094","1":"product","2":"type-product","3":"status-publish","4":"has-post-thumbnail","6":"product_cat-vinhos","7":"product_cat-tinto","8":"product_cat-alentejo","10":"first","11":"instock","12":"shipping-taxable","13":"purchasable","14":"product-type-simple"},"_links":{"self":[{"href":"https:\/\/bracaravinum.pt\/fr\/wp-json\/wp\/v2\/product\/14094","targetHints":{"allow":["GET"]}}],"collection":[{"href":"https:\/\/bracaravinum.pt\/fr\/wp-json\/wp\/v2\/product"}],"about":[{"href":"https:\/\/bracaravinum.pt\/fr\/wp-json\/wp\/v2\/types\/product"}],"wp:featuredmedia":[{"embeddable":true,"href":"https:\/\/bracaravinum.pt\/fr\/wp-json\/wp\/v2\/media\/5957"}],"wp:attachment":[{"href":"https:\/\/bracaravinum.pt\/fr\/wp-json\/wp\/v2\/media?parent=14094"}],"wp:term":[{"taxonomy":"product_brand","embeddable":true,"href":"https:\/\/bracaravinum.pt\/fr\/wp-json\/wp\/v2\/product_brand?post=14094"},{"taxonomy":"product_cat","embeddable":true,"href":"https:\/\/bracaravinum.pt\/fr\/wp-json\/wp\/v2\/product_cat?post=14094"},{"taxonomy":"product_tag","embeddable":true,"href":"https:\/\/bracaravinum.pt\/fr\/wp-json\/wp\/v2\/product_tag?post=14094"}],"curies":[{"name":"wp","href":"https:\/\/api.w.org\/{rel}","templated":true}]}}