{"id":13961,"date":"2020-05-25T19:10:35","date_gmt":"2020-05-25T19:10:35","guid":{"rendered":"http:\/\/bracaravinum.pt\/?post_type=product&#038;p=13961"},"modified":"2023-02-15T13:03:53","modified_gmt":"2023-02-15T13:03:53","slug":"lenda-tinto-2016-75cl","status":"publish","type":"product","link":"https:\/\/bracaravinum.pt\/fr\/produto\/lenda-tinto-2016-75cl\/","title":{"rendered":"Lenda de Dona Maria Tinto 75cl"},"content":{"rendered":"<p>Au d\u00e9but de ce nouveau projet, l&#039;ancienne cave \u00e0 vin de la Quinta a \u00e9t\u00e9 enti\u00e8rement restaur\u00e9e et agrandie, dot\u00e9e des \u00e9quipements les plus modernes, tout en conservant les c\u00e9l\u00e8bres pressoirs \u00e0 marbre, o\u00f9 se d\u00e9roule encore la vinification d&#039;une grande partie des vins. aujourd&#039;hui, en utilisant le traditionnel \u00ab Grape Stomp \u00bb.<\/p>\n<p>Au sous-sol de la cave se trouvent des f\u00fbts de ch\u00eane fran\u00e7ais et am\u00e9ricain, dans un rapport de 95% \u00e0 5%, o\u00f9 le vin est vieilli jusqu&#039;\u00e0 ce qu&#039;il soit pr\u00eat \u00e0 \u00eatre mis en bouteille.<\/p>\n<p><img fetchpriority=\"high\" decoding=\"async\" class=\"alignnone wp-image-5221\" src=\"https:\/\/bracaravinum.pt\/wp-content\/uploads\/2020\/05\/dona-maria-image-300x131.jpg\" alt=\"\" width=\"531\" height=\"232\" \/><\/p>","protected":false},"excerpt":{"rendered":"<p>Castas: Alicante Bouschet, Aragon\u00eaz, Trincadeira, Cabernet Sauvignon<\/p>\n<p>Est\u00e1gio de 3 meses em barricas de carvalho franc\u00eas e americano.<\/p>\n<p>Cor vermelho rubi e aroma frutado com muita amora. O sabor \u00e9 seco, frutado, frutos suculentos com um corpo forte, e os taninos s\u00e3o bem integrados e bem arredondados. Um vinho lindamente equilibrado, com um final longo.<\/p>","protected":false},"featured_media":5223,"template":"","meta":{"_exactmetrics_skip_tracking":false,"_exactmetrics_sitenote_active":false,"_exactmetrics_sitenote_note":"","_exactmetrics_sitenote_category":0,"_uf_show_specific_survey":0,"_uf_disable_surveys":false,"iawp_total_views":23},"product_brand":[],"product_cat":[207,184,157],"product_tag":[],"class_list":{"0":"post-13961","1":"product","2":"type-product","3":"status-publish","4":"has-post-thumbnail","6":"product_cat-alentejo","7":"product_cat-tinto","8":"product_cat-vinhos","10":"first","11":"instock","12":"shipping-taxable","13":"purchasable","14":"product-type-simple"},"_links":{"self":[{"href":"https:\/\/bracaravinum.pt\/fr\/wp-json\/wp\/v2\/product\/13961","targetHints":{"allow":["GET"]}}],"collection":[{"href":"https:\/\/bracaravinum.pt\/fr\/wp-json\/wp\/v2\/product"}],"about":[{"href":"https:\/\/bracaravinum.pt\/fr\/wp-json\/wp\/v2\/types\/product"}],"wp:featuredmedia":[{"embeddable":true,"href":"https:\/\/bracaravinum.pt\/fr\/wp-json\/wp\/v2\/media\/5223"}],"wp:attachment":[{"href":"https:\/\/bracaravinum.pt\/fr\/wp-json\/wp\/v2\/media?parent=13961"}],"wp:term":[{"taxonomy":"product_brand","embeddable":true,"href":"https:\/\/bracaravinum.pt\/fr\/wp-json\/wp\/v2\/product_brand?post=13961"},{"taxonomy":"product_cat","embeddable":true,"href":"https:\/\/bracaravinum.pt\/fr\/wp-json\/wp\/v2\/product_cat?post=13961"},{"taxonomy":"product_tag","embeddable":true,"href":"https:\/\/bracaravinum.pt\/fr\/wp-json\/wp\/v2\/product_tag?post=13961"}],"curies":[{"name":"wp","href":"https:\/\/api.w.org\/{rel}","templated":true}]}}