{"id":13729,"date":"2020-04-28T17:07:04","date_gmt":"2020-04-28T17:07:04","guid":{"rendered":"http:\/\/bracaravinum.pt\/?post_type=product&#038;p=13729"},"modified":"2023-11-09T15:59:00","modified_gmt":"2023-11-09T15:59:00","slug":"quinta-do-carqueijal-tinto-2017-75cl","status":"publish","type":"product","link":"https:\/\/bracaravinum.pt\/fr\/produto\/quinta-do-carqueijal-tinto-2017-75cl\/","title":{"rendered":"Quinta do Carqueijal Tinto 75cl"},"content":{"rendered":"<p>Quinta Seara d&#039;Ordens est une entreprise familiale situ\u00e9e dans la vall\u00e9e du Douro, \u00e0 9 km de Peso da R\u00e9gua.<\/p>\n<p>La Quinta Seara d&#039;Ordens existe depuis la fin du XVIIIe si\u00e8cle et est situ\u00e9e au c\u0153ur du Douro, \u00e0 9 km de Peso da R\u00e9gua.<\/p>\n<p><span style=\"font-style: inherit; font-weight: inherit;\">\u00c0 partir des ann\u00e9es 1960, Jo\u00e3o Leite Moreira, propri\u00e9taire de la Quinta, entame une forte dynamique de modernisation qui sera compl\u00e9t\u00e9e des ann\u00e9es plus tard par ses trois fils : Ant\u00f3nio, Jos\u00e9 et Fernando.<\/span><\/p>\n<p>En 1988, les trois fr\u00e8res, encourag\u00e9s par leur p\u00e8re, fondent la Sociedade Agr\u00edcola Quinta Seara d&#039;Ordens, englobant l&#039;ensemble du projet. Quatre ans plus tard, ils commencent \u00e0 vendre des vins sous leur propre marque (1992).<\/p>\n<p>Actuellement, avec 60 ha de superficie et une tradition viticole centenaire, la Quinta b\u00e9n\u00e9ficie d&#039;un emplacement privil\u00e9gi\u00e9, situ\u00e9 \u00e0 mi-coteau avec une exposition sud-ouest, des conditions optimales pour la production de raisins de la plus haute qualit\u00e9.<\/p>\n<p>&nbsp;<\/p>","protected":false},"excerpt":{"rendered":"<p>Castas: Touriga Franca, Roriz e Barroca<\/p>\n<div class=\"wpb_text_column wpb_content_element\">\n<div class=\"wpb_wrapper\">\n<div class=\"wpb_text_column wpb_content_element\">\n<div class=\"wpb_wrapper\">\n<div class=\"wpb_text_column wpb_content_element\">\n<div class=\"wpb_wrapper\">\n<p>\u00c9 um vinho equilibrado, maduro, espec\u00edfico do \u201cTerroir\u201d do Douro, prev\u00ea-se um envelhecimento positivo na garrafa durante cerca de 4 a 5 anos ap\u00f3s o engarrafamento.<\/p>\n<\/div>\n<\/div>\n<div class=\"vc_icon_element vc_icon_element-outer vc_custom_1519129610779 vc_icon_element-align-left\"><\/div>\n<div class=\"wpb_text_column wpb_content_element\">\n<div class=\"wpb_wrapper\">\n<p>De cor rubi, o Carqueijal Tinto \u00e9 um vinho do Douro que apresenta aromas a fruto limpo e vivo. Na boca, revela-se elegante e com final frutado.<\/p>\n<\/div>\n<\/div>\n<div class=\"vc_icon_element vc_icon_element-outer vc_custom_1519129001714 vc_icon_element-align-left\"><\/div>\n<div class=\"wpb_text_column wpb_content_element\">\n<div class=\"wpb_wrapper\">\n<p>Carnes e peixes grelhados, entre outros.<\/p>\n<\/div>\n<\/div>\n<\/div>\n<\/div>\n<\/div>\n<\/div>","protected":false},"featured_media":4450,"template":"","meta":{"_exactmetrics_skip_tracking":false,"_exactmetrics_sitenote_active":false,"_exactmetrics_sitenote_note":"","_exactmetrics_sitenote_category":0,"_uf_show_specific_survey":0,"_uf_disable_surveys":false,"iawp_total_views":7},"product_brand":[],"product_cat":[215,184,157],"product_tag":[],"class_list":{"0":"post-13729","1":"product","2":"type-product","3":"status-publish","4":"has-post-thumbnail","6":"product_cat-douro","7":"product_cat-tinto","8":"product_cat-vinhos","10":"first","11":"instock","12":"shipping-taxable","13":"purchasable","14":"product-type-simple"},"_links":{"self":[{"href":"https:\/\/bracaravinum.pt\/fr\/wp-json\/wp\/v2\/product\/13729","targetHints":{"allow":["GET"]}}],"collection":[{"href":"https:\/\/bracaravinum.pt\/fr\/wp-json\/wp\/v2\/product"}],"about":[{"href":"https:\/\/bracaravinum.pt\/fr\/wp-json\/wp\/v2\/types\/product"}],"wp:featuredmedia":[{"embeddable":true,"href":"https:\/\/bracaravinum.pt\/fr\/wp-json\/wp\/v2\/media\/4450"}],"wp:attachment":[{"href":"https:\/\/bracaravinum.pt\/fr\/wp-json\/wp\/v2\/media?parent=13729"}],"wp:term":[{"taxonomy":"product_brand","embeddable":true,"href":"https:\/\/bracaravinum.pt\/fr\/wp-json\/wp\/v2\/product_brand?post=13729"},{"taxonomy":"product_cat","embeddable":true,"href":"https:\/\/bracaravinum.pt\/fr\/wp-json\/wp\/v2\/product_cat?post=13729"},{"taxonomy":"product_tag","embeddable":true,"href":"https:\/\/bracaravinum.pt\/fr\/wp-json\/wp\/v2\/product_tag?post=13729"}],"curies":[{"name":"wp","href":"https:\/\/api.w.org\/{rel}","templated":true}]}}