{"id":13496,"date":"2020-04-17T13:09:30","date_gmt":"2020-04-17T13:09:30","guid":{"rendered":"http:\/\/bracaravinum.pt\/?post_type=product&#038;p=13496"},"modified":"2024-04-18T15:15:42","modified_gmt":"2024-04-18T15:15:42","slug":"herdade-das-servas-colheita-seleccionada-branco-75cl","status":"publish","type":"product","link":"https:\/\/bracaravinum.pt\/fr\/produit\/herdade-das-servas-colheita-seleccionada-branco-75cl\/","title":{"rendered":"Herdade das Servas Escolha Branco 75cl"},"content":{"rendered":"<p>Com base na casta Roupeiro, \u00e9 um branco com caracter\u00edsticas bem marcadas da regi\u00e3o do Alentejo.<\/p>\n<p>Apo\u0301s recepc\u0327a\u0303o das uvas por casta, as uvas sa\u0303o desengac\u0327adas e esmagadas, seguindo-se prensagem com protecc\u0327a\u0303o de oxidac\u0327o\u0303es. Decantac\u0327a\u0303o esta\u0301tica durante 48 horas e fermentac\u0327a\u0303o em cubas de inox com controlo de temperatura.<\/p>","protected":false},"excerpt":{"rendered":"<p>Vinho li\u0301mpido, cor citrina, aromas de pe\u0302ssego, mac\u0327a\u0303, ameixa e lima\u0303o. Equilibrado, complexo e volumoso com final persistente.<\/p>\n<p>Saladas, mariscos, peixes grelhados, sushi e carnes brancas.<\/p>\n<p>Roupeiro (50%), Arinto (20%), Anta\u0303o Vaz (20%) e Se\u0301millon (10%)<\/p>","protected":false},"featured_media":3765,"template":"","meta":{"_exactmetrics_skip_tracking":false,"_exactmetrics_sitenote_active":false,"_exactmetrics_sitenote_note":"","_exactmetrics_sitenote_category":0,"_uf_show_specific_survey":0,"_uf_disable_surveys":false,"iawp_total_views":0},"product_brand":[],"product_cat":[157,185,189],"product_tag":[],"class_list":{"0":"post-13496","1":"product","2":"type-product","3":"status-publish","4":"has-post-thumbnail","6":"product_cat-vinhos","7":"product_cat-branco","8":"product_cat-alentejo-branco","10":"first","11":"outofstock","12":"shipping-taxable","13":"purchasable","14":"product-type-simple"},"_links":{"self":[{"href":"https:\/\/bracaravinum.pt\/fr\/wp-json\/wp\/v2\/product\/13496","targetHints":{"allow":["GET"]}}],"collection":[{"href":"https:\/\/bracaravinum.pt\/fr\/wp-json\/wp\/v2\/product"}],"about":[{"href":"https:\/\/bracaravinum.pt\/fr\/wp-json\/wp\/v2\/types\/product"}],"wp:featuredmedia":[{"embeddable":true,"href":"https:\/\/bracaravinum.pt\/fr\/wp-json\/wp\/v2\/media\/3765"}],"wp:attachment":[{"href":"https:\/\/bracaravinum.pt\/fr\/wp-json\/wp\/v2\/media?parent=13496"}],"wp:term":[{"taxonomy":"product_brand","embeddable":true,"href":"https:\/\/bracaravinum.pt\/fr\/wp-json\/wp\/v2\/product_brand?post=13496"},{"taxonomy":"product_cat","embeddable":true,"href":"https:\/\/bracaravinum.pt\/fr\/wp-json\/wp\/v2\/product_cat?post=13496"},{"taxonomy":"product_tag","embeddable":true,"href":"https:\/\/bracaravinum.pt\/fr\/wp-json\/wp\/v2\/product_tag?post=13496"}],"curies":[{"name":"wp","href":"https:\/\/api.w.org\/{rel}","templated":true}]}}