{"id":13397,"date":"2020-04-14T12:43:25","date_gmt":"2020-04-14T12:43:25","guid":{"rendered":"http:\/\/bracaravinum.pt\/?post_type=product&#038;p=13397"},"modified":"2025-11-13T16:48:23","modified_gmt":"2025-11-13T16:48:23","slug":"rum-diplomatico-reserva-exclusiva-70cl-2","status":"publish","type":"product","link":"https:\/\/bracaravinum.pt\/fr\/produit\/rum-diplomatico-reserva-exclusiva-70cl-2\/","title":{"rendered":"Diplom\u00e1tico Rhum R\u00e9serve Exclusive 70cl"},"content":{"rendered":"<p><img decoding=\"async\" class=\"size-medium wp-image-15063 aligncenter\" src=\"http:\/\/bracaravinum.pt\/wp-content\/uploads\/2022\/02\/rum-diplomatico-logo-300x160.png\" alt=\"\" width=\"300\" height=\"160\" srcset=\"https:\/\/bracaravinum.pt\/wp-content\/uploads\/2022\/02\/rum-diplomatico-logo-300x160.png 300w, https:\/\/bracaravinum.pt\/wp-content\/uploads\/2022\/02\/rum-diplomatico-logo.png 308w\" sizes=\"(max-width: 300px) 100vw, 300px\" \/><\/p>\n<p>A identidade da Diplom\u00e1tico \u00e9 forjada pelo compromisso com a qualidade e por colocar paix\u00e3o e cora\u00e7\u00e3o na produ\u00e7\u00e3o de rum.\u00a0Somos uma marca independente, de propriedade familiar, que controla todo o processo de produ\u00e7\u00e3o, do campo \u00e0 garrafa, para criar rum de excelente qualidade.<br \/>\nValorizamos a qualidade e a autenticidade para produzir os melhores rum, cuidamos de nosso pessoal e da comunidade local e protegemos o meio ambiente com nossas pr\u00e1ticas de produ\u00e7\u00e3o sustent\u00e1vel.<\/p>\n<p>Somos uma marca independente, de propriedade familiar, que controla todo o processo de produ\u00e7\u00e3o, do campo \u00e0 garrafa, para criar rum de excelente qualidade.\u00a0Fam\u00edlia faz parte da identidade do Diplom\u00e1tico.\u00a0Colocamos as pessoas em primeiro lugar em tudo o que fazemos e nos esfor\u00e7amos para criar uma comunidade Diplom\u00e1tica em todo o mundo que reflita nossos valores e compromissos.<\/p>\n<p>A destilaria do Diplom\u00e1tico fica no sop\u00e9 da Cordilheira dos Andes, na Venezuela, onde a mais pura das \u00e1guas corre para tirar o melhor proveito dos rum.\u00a0Sua localiza\u00e7\u00e3o tamb\u00e9m foi cuidadosamente selecionada por sua proximidade com as principais plantas de processamento de a\u00e7\u00facar da regi\u00e3o.<\/p>\n<p>Fundada em 1959, a Licorer\u00edas Unidas SA (LUSA) era propriet\u00e1ria da destilaria por meio de seu principal acionista, Seagram&#8217;s International, uma das maiores empresas de vinhos e bebidas espirituosas do mundo.<\/p>\n<p>Em 2002, a LUSA foi vendida a um grupo de empres\u00e1rios venezuelanos e tornou-se uma empresa venezuelana 100% privada com o nome atual: Destiler\u00edas Unidas SA (DUSA).\u00a0A empresa orgulha-se de ser uma operadora independente e de propriedade familiar.<\/p>\n<p>A destilaria \u00e9 \u00fanica, pois possui 3 processos diferentes de destila\u00e7\u00e3o que, combinados na mistura, produzem rum \u00fanicos, como a Reserva Exclusiva, do Diplomatico, um rum aclamado em todo o mundo.<\/p>","protected":false},"excerpt":{"rendered":"<p><img decoding=\"async\" class=\"alignnone size-full wp-image-6427\" src=\"https:\/\/bracaravinum.pt\/wp-content\/uploads\/2020\/07\/bandeira-Venezuela.jpg\" alt=\"\" width=\"70\" height=\"40\" \/>Origem Venezuela<\/p>\n<p>Um fabuloso rum dourado venezuelano escuro, destilado de mela\u00e7o em uma panela de cobre ainda antes de envelhecer por at\u00e9 12 anos.\u00a0Rico, doce e frutado, do jeito que gostamos.\u00a0O Diplomatico Reserva Exclusiva \u00e9 um dos rum mais premiados, com mais de 20 pr\u00eamios em seu nome.<\/p>\n<p class=\"product-notes__author\">Notas de degusta\u00e7\u00e3o da The Whiskey Exchange<\/p>\n<p class=\"product-notes__title\">NARIZ:\u00a0Bolo de frutas e sorvete de rum&#8217;n&#8217;raisin, polvilhado com cacau e banana.<\/p>\n<p class=\"product-notes__title\">PALATO:\u00a0As notas de chocolate dominam no in\u00edcio, desbotando para revelar fudge e frutas tropicais.<\/p>\n<p class=\"product-notes__title\">TERMINAR:\u00a0Laranja agridoce, chocolate preto e creme de baunilha.<\/p>","protected":false},"featured_media":3391,"template":"","meta":{"_exactmetrics_skip_tracking":false,"_exactmetrics_sitenote_active":false,"_exactmetrics_sitenote_note":"","_exactmetrics_sitenote_category":0,"_uf_show_specific_survey":0,"_uf_disable_surveys":false,"iawp_total_views":38},"product_brand":[],"product_cat":[158,198],"product_tag":[],"class_list":{"0":"post-13397","1":"product","2":"type-product","3":"status-publish","4":"has-post-thumbnail","6":"product_cat-espirituosos","7":"product_cat-rum","9":"first","10":"instock","11":"shipping-taxable","12":"purchasable","13":"product-type-simple"},"_links":{"self":[{"href":"https:\/\/bracaravinum.pt\/fr\/wp-json\/wp\/v2\/product\/13397","targetHints":{"allow":["GET"]}}],"collection":[{"href":"https:\/\/bracaravinum.pt\/fr\/wp-json\/wp\/v2\/product"}],"about":[{"href":"https:\/\/bracaravinum.pt\/fr\/wp-json\/wp\/v2\/types\/product"}],"wp:featuredmedia":[{"embeddable":true,"href":"https:\/\/bracaravinum.pt\/fr\/wp-json\/wp\/v2\/media\/3391"}],"wp:attachment":[{"href":"https:\/\/bracaravinum.pt\/fr\/wp-json\/wp\/v2\/media?parent=13397"}],"wp:term":[{"taxonomy":"product_brand","embeddable":true,"href":"https:\/\/bracaravinum.pt\/fr\/wp-json\/wp\/v2\/product_brand?post=13397"},{"taxonomy":"product_cat","embeddable":true,"href":"https:\/\/bracaravinum.pt\/fr\/wp-json\/wp\/v2\/product_cat?post=13397"},{"taxonomy":"product_tag","embeddable":true,"href":"https:\/\/bracaravinum.pt\/fr\/wp-json\/wp\/v2\/product_tag?post=13397"}],"curies":[{"name":"wp","href":"https:\/\/api.w.org\/{rel}","templated":true}]}}