{"id":13260,"date":"2020-04-09T19:36:56","date_gmt":"2020-04-09T19:36:56","guid":{"rendered":"http:\/\/bracaravinum.pt\/?post_type=product&#038;p=13260"},"modified":"2024-04-23T12:04:43","modified_gmt":"2024-04-23T12:04:43","slug":"fafide-reserva-branco-2018-75cl","status":"publish","type":"product","link":"https:\/\/bracaravinum.pt\/fr\/produit\/fafide-reserva-branco-2018-75cl\/","title":{"rendered":"Fafide Reserva Branco 2022 75cl"},"content":{"rendered":"<p style=\"text-align: center;\">Numa das zonas mais remotas da pen\u00ednsula ib\u00e9rica, na zona raiana entre o Douro Superior e a Beira Alta, foi em fam\u00edlia que nasceu a minha paix\u00e3o pelos aromas e cheiros desta terra que nos moldam o car\u00e1cter.<\/p>\n<div class=\"et_pb_column et_pb_column_1_2 et_pb_column_0 et_pb_css_mix_blend_mode_passthrough\">\n<div class=\"et_pb_module et_pb_text et_pb_text_0 et_pb_bg_layout_light et_pb_text_align_justified\">\n<div class=\"et_pb_text_inner\">Depois de ter contactado com muitas culturas de viver e fazer os vinhos, em v\u00e1rios ponto do globo, regressei ao grande vale do Douro convicto de que temos o potencial para fazer dos melhores vinhos do mundo.<\/div>\n<\/div>\n<\/div>\n<div class=\"et_pb_column et_pb_column_1_2 et_pb_column_1 et_pb_css_mix_blend_mode_passthrough et-last-child\">\n<div class=\"et_pb_module et_pb_divider_3 et_pb_space et_pb_divider_hidden\">\n<div class=\"et_pb_divider_internal\">Em respeito pela natureza, pela forma como cultivamos as nossas vinhas, os meus vinhos reflectem as minhas viv\u00eancias, que cheiram e sabem \u00e0 minha terra, ao xisto, ao granito molhado, \u00e0 esteva, \u00e0s flores e frutos do campo.<\/div>\n<\/div>\n<div class=\"et_pb_module et_pb_text et_pb_text_1 et_pb_bg_layout_light et_pb_text_align_justified\">\n<div class=\"et_pb_text_inner\">\u00c9 na minha Adega que fa\u00e7o os vinhos com o car\u00e1cter do nosso \u2018terroir\u2019, expresso pelas castas aut\u00f3ctones, a que imprimo um estilo pr\u00f3prio e um perfil internacional.<\/div>\n<\/div>\n<\/div>","protected":false},"excerpt":{"rendered":"<p>&nbsp;<\/p>\n<p>6 meses em barricas de carvalho franc\u00eas e americano, fermenta\u00e7\u00e3o e est\u00e1gio com agita\u00e7\u00e3o de borras finas \/ Uvas de vinhas velhas das castas: C\u00f3dega do Larinho, Rabigato, Viosinho \/ Solos xistosos do Douro Superior<\/p>\n<p>Aroma mineral, frutos c\u00edtricos e ex\u00f3ticos, fresco com bom volume de boca, textura amanteigada e complexidade dada pela fermenta\u00e7\u00e3o e est\u00e1gio em barricas. Aconselho-o vivamente com peixes grelhados gordos, pratos de marisco, sushi e cozinha Italiana.<\/p>","protected":false},"featured_media":9727,"template":"","meta":{"_exactmetrics_skip_tracking":false,"_exactmetrics_sitenote_active":false,"_exactmetrics_sitenote_note":"","_exactmetrics_sitenote_category":0,"_uf_show_specific_survey":0,"_uf_disable_surveys":false,"iawp_total_views":2},"product_brand":[],"product_cat":[157,185,188],"product_tag":[],"class_list":{"0":"post-13260","1":"product","2":"type-product","3":"status-publish","4":"has-post-thumbnail","6":"product_cat-vinhos","7":"product_cat-branco","8":"product_cat-douro-branco","10":"first","11":"instock","12":"shipping-taxable","13":"purchasable","14":"product-type-simple"},"_links":{"self":[{"href":"https:\/\/bracaravinum.pt\/fr\/wp-json\/wp\/v2\/product\/13260","targetHints":{"allow":["GET"]}}],"collection":[{"href":"https:\/\/bracaravinum.pt\/fr\/wp-json\/wp\/v2\/product"}],"about":[{"href":"https:\/\/bracaravinum.pt\/fr\/wp-json\/wp\/v2\/types\/product"}],"wp:featuredmedia":[{"embeddable":true,"href":"https:\/\/bracaravinum.pt\/fr\/wp-json\/wp\/v2\/media\/9727"}],"wp:attachment":[{"href":"https:\/\/bracaravinum.pt\/fr\/wp-json\/wp\/v2\/media?parent=13260"}],"wp:term":[{"taxonomy":"product_brand","embeddable":true,"href":"https:\/\/bracaravinum.pt\/fr\/wp-json\/wp\/v2\/product_brand?post=13260"},{"taxonomy":"product_cat","embeddable":true,"href":"https:\/\/bracaravinum.pt\/fr\/wp-json\/wp\/v2\/product_cat?post=13260"},{"taxonomy":"product_tag","embeddable":true,"href":"https:\/\/bracaravinum.pt\/fr\/wp-json\/wp\/v2\/product_tag?post=13260"}],"curies":[{"name":"wp","href":"https:\/\/api.w.org\/{rel}","templated":true}]}}