{"id":13162,"date":"2020-04-06T11:30:40","date_gmt":"2020-04-06T11:30:40","guid":{"rendered":"http:\/\/bracaravinum.pt\/?post_type=product&#038;p=13162"},"modified":"2024-09-13T11:58:24","modified_gmt":"2024-09-13T11:58:24","slug":"solaire-de-serrade-alvarinho-75cl","status":"publish","type":"product","link":"https:\/\/bracaravinum.pt\/fr\/produto\/solar-de-serrade-alvarinho-75cl\/","title":{"rendered":"Solaire de Serrade Alvarinho 75cl"},"content":{"rendered":"<p>&nbsp;<\/p>\n<p><img decoding=\"async\" class=\"size-full wp-image-16316 aligncenter\" src=\"http:\/\/bracaravinum.pt\/wp-content\/uploads\/2020\/04\/solar-serrade-logo.png\" alt=\"\" width=\"267\" height=\"60\" srcset=\"https:\/\/bracaravinum.pt\/wp-content\/uploads\/2020\/04\/solar-serrade-logo.png 267w, https:\/\/bracaravinum.pt\/wp-content\/uploads\/2020\/04\/solar-serrade-logo-18x4.png 18w\" sizes=\"(max-width: 267px) 100vw, 267px\" \/><\/p>\n<p>Maison blind\u00e9e du milieu du XVIIe si\u00e8cle, dans l&#039;architecture solaire typique d&#039;Altominho, dans laquelle deux tours flanquent le corps central inf\u00e9rieur et plus long. Il poss\u00e8de une chapelle et un jardin romantique. La Serrade Morgado a \u00e9t\u00e9 fond\u00e9e par le P\u00e8re Dr Belchior Barbosa. Ses successeurs et descendants furent gouverneurs et capitaines en chef de Mon\u00e7\u00e3o et voyage\u00e8rent \u00e0 travers le Mozambique et les Indes. Le quartier g\u00e9n\u00e9ral des forces de surveillance des fronti\u00e8res est install\u00e9 \u00e0 Serrade (1801), sous le commandement du marquis de la Rosi\u00e8re.<\/p>\n<p>Solar de Serrade, inaugur\u00e9 par le Secr\u00e9taire du Commerce et du Tourisme, Dr. Jaime Andrez, le 8\/8\/1997, a depuis lors re\u00e7u la visite des personnalit\u00e9s les plus grandes et les plus diverses.<\/p>\n<p><strong>TOURISME<\/strong><\/p>\n<p>Au Solar de Serrade se trouve une importante collection de meubles, de tapisseries et de vaisselle, ainsi qu&#039;une collection inhabituelle de carrelages.<br \/>\nPlafonds traditionnels en pl\u00e2tre, salons avec chemin\u00e9e, sont une invitation \u00e0 la qui\u00e9tude et aux loisirs.<br \/>\nSolar de Serrade est un bon exemple de r\u00e9cup\u00e9ration du patrimoine architectural de la r\u00e9gion d&#039;Altominhota.<\/p>\n<p>Les soins investis dans un haut degr\u00e9 de confort comprennent, entre autres infrastructures, six chambres doubles et deux suites. Lorsque nous nous d\u00e9pla\u00e7ons \u00e0 l&#039;int\u00e9rieur du Solar de Serrade, nous rencontrons, de mani\u00e8re surprenante, des coins pleins de tranquillit\u00e9 et de bon go\u00fbt.<\/p>\n<p>M\u00e9daille de Bronze : Concours National des Vins 2013. Alvarinho \u00ab R\u00e9colte S\u00e9lectionn\u00e9e Solar de Serrade 2012 \u00bb<br \/>\nMention honorable : Concours Vinhos Verdes 2013. Alvarinho \u00ab R\u00e9colte s\u00e9lectionn\u00e9e Solar de Serrade 2012 \u00bb<br \/>\nRecommand\u00e9 : Concours International d&#039;Alvarinhos et Albari\u00f1os 2013. Alvarinho \u00ab R\u00e9colte S\u00e9lectionn\u00e9e Solar de Serrade 2012 \u00bb<br \/>\nM\u00e9daille d&#039;argent : IWC Londres 2104. Alvarinho \u00ab Solar de Serrade Selected Harvest 2012 \u00bb<\/p>","protected":false},"excerpt":{"rendered":"<p>Le c\u00e9page Alvarinho est consid\u00e9r\u00e9 comme la \u00ab reine \u00bb des vins blancs portugais.<\/p>\n<p>Provenant de la sous-r\u00e9gion de Mon\u00e7\u00e3o et Melga\u00e7o, ce vin pr\u00e9sente une qualit\u00e9 sup\u00e9rieure, digne de reconnaissance et de r\u00e9compenses internationales.<\/p>","protected":false},"featured_media":2735,"template":"","meta":{"_exactmetrics_skip_tracking":false,"_exactmetrics_sitenote_active":false,"_exactmetrics_sitenote_note":"","_exactmetrics_sitenote_category":0,"_uf_show_specific_survey":0,"_uf_disable_surveys":false,"iawp_total_views":96},"product_brand":[],"product_cat":[185,157,206],"product_tag":[],"class_list":{"0":"post-13162","1":"product","2":"type-product","3":"status-publish","4":"has-post-thumbnail","6":"product_cat-branco","7":"product_cat-vinhos","8":"product_cat-vinhos-verdes","10":"first","11":"instock","12":"shipping-taxable","13":"purchasable","14":"product-type-simple"},"_links":{"self":[{"href":"https:\/\/bracaravinum.pt\/fr\/wp-json\/wp\/v2\/product\/13162","targetHints":{"allow":["GET"]}}],"collection":[{"href":"https:\/\/bracaravinum.pt\/fr\/wp-json\/wp\/v2\/product"}],"about":[{"href":"https:\/\/bracaravinum.pt\/fr\/wp-json\/wp\/v2\/types\/product"}],"wp:featuredmedia":[{"embeddable":true,"href":"https:\/\/bracaravinum.pt\/fr\/wp-json\/wp\/v2\/media\/2735"}],"wp:attachment":[{"href":"https:\/\/bracaravinum.pt\/fr\/wp-json\/wp\/v2\/media?parent=13162"}],"wp:term":[{"taxonomy":"product_brand","embeddable":true,"href":"https:\/\/bracaravinum.pt\/fr\/wp-json\/wp\/v2\/product_brand?post=13162"},{"taxonomy":"product_cat","embeddable":true,"href":"https:\/\/bracaravinum.pt\/fr\/wp-json\/wp\/v2\/product_cat?post=13162"},{"taxonomy":"product_tag","embeddable":true,"href":"https:\/\/bracaravinum.pt\/fr\/wp-json\/wp\/v2\/product_tag?post=13162"}],"curies":[{"name":"wp","href":"https:\/\/api.w.org\/{rel}","templated":true}]}}