{"id":13018,"date":"2020-04-01T12:56:08","date_gmt":"2020-04-01T12:56:08","guid":{"rendered":"http:\/\/bracaravinum.pt\/?post_type=product&#038;p=13018"},"modified":"2023-04-26T09:40:46","modified_gmt":"2023-04-26T09:40:46","slug":"popa-edition-noire-rouge-75cl","status":"publish","type":"product","link":"https:\/\/bracaravinum.pt\/fr\/produto\/popa-black-edition-tinto-75cl\/","title":{"rendered":"P\u00f4pa Black Edition Rouge 2017 75cl"},"content":{"rendered":"","protected":false},"excerpt":{"rendered":"<p>S\u00c9RIEUX &amp; EXPRESSIF, avec un \u00e9levage partiel en f\u00fbts.<\/p>\n<p>\u00ab (\u2026) Tellement cosmopolites, qu&#039;ils sont cat\u00e9goris\u00e9s comme le pr\u00eat-\u00e0-porter des vins P\u00f4pa \u2013 en raison de la repr\u00e9sentation de mod\u00e8les d&#039;exp\u00e9rimentation oenologique, rigoureux et co\u00fbteux, appliqu\u00e9s en haut de gamme, propos\u00e9s ici \u00e0 un niveau de prix moyen. . Dans ces assemblages, des parcelles de vignes plus anciennes sont utilis\u00e9es, ainsi que des techniques de vinification traditionnelles\/ancestrales (comme le foulage des pieds) pratiqu\u00e9es avec une \u0153nologie actuelle et fiable (\u2026) \u00bb<\/p>\n<p>VARI\u00c9T\u00c9S\u00a0:\u00a0Touriga Nacional, Touriga Franca\u00a0; Assemblage de vieilles vignes.<\/p>\n<p>DES VINS CONSCIENTS ET V\u00c9GAN-FRIENDLY<\/p>\n<p>Certifi\u00e9 par BevVeg ! International, SARL.<\/p>\n<p>\u00c9LEVAGE : f\u00fbts de ch\u00eane fran\u00e7ais, pendant 12 \u00e0 15 mois.<\/p>","protected":false},"featured_media":2351,"template":"","meta":{"_exactmetrics_skip_tracking":false,"_exactmetrics_sitenote_active":false,"_exactmetrics_sitenote_note":"","_exactmetrics_sitenote_category":0,"_uf_show_specific_survey":0,"_uf_disable_surveys":false,"iawp_total_views":14},"product_brand":[],"product_cat":[215,184,157],"product_tag":[],"class_list":{"0":"post-13018","1":"product","2":"type-product","3":"status-publish","4":"has-post-thumbnail","6":"product_cat-douro","7":"product_cat-tinto","8":"product_cat-vinhos","10":"first","11":"instock","12":"shipping-taxable","13":"purchasable","14":"product-type-simple"},"_links":{"self":[{"href":"https:\/\/bracaravinum.pt\/fr\/wp-json\/wp\/v2\/product\/13018","targetHints":{"allow":["GET"]}}],"collection":[{"href":"https:\/\/bracaravinum.pt\/fr\/wp-json\/wp\/v2\/product"}],"about":[{"href":"https:\/\/bracaravinum.pt\/fr\/wp-json\/wp\/v2\/types\/product"}],"wp:featuredmedia":[{"embeddable":true,"href":"https:\/\/bracaravinum.pt\/fr\/wp-json\/wp\/v2\/media\/2351"}],"wp:attachment":[{"href":"https:\/\/bracaravinum.pt\/fr\/wp-json\/wp\/v2\/media?parent=13018"}],"wp:term":[{"taxonomy":"product_brand","embeddable":true,"href":"https:\/\/bracaravinum.pt\/fr\/wp-json\/wp\/v2\/product_brand?post=13018"},{"taxonomy":"product_cat","embeddable":true,"href":"https:\/\/bracaravinum.pt\/fr\/wp-json\/wp\/v2\/product_cat?post=13018"},{"taxonomy":"product_tag","embeddable":true,"href":"https:\/\/bracaravinum.pt\/fr\/wp-json\/wp\/v2\/product_tag?post=13018"}],"curies":[{"name":"wp","href":"https:\/\/api.w.org\/{rel}","templated":true}]}}