{"id":12648,"date":"2020-03-27T19:51:48","date_gmt":"2020-03-27T19:51:48","guid":{"rendered":"http:\/\/bracaravinum.pt\/?post_type=product&#038;p=12648"},"modified":"2024-02-15T18:57:16","modified_gmt":"2024-02-15T18:57:16","slug":"quinta-do-pessegueiro-cao-danado-tinto-75cl","status":"publish","type":"product","link":"https:\/\/bracaravinum.pt\/fr\/produto\/quinta-do-pessegueiro-cao-danado-tinto-75cl\/","title":{"rendered":"Quinta do Pessegueiro C\u00e3o Danado Tinto 2020 75cl"},"content":{"rendered":"<p>&nbsp;<\/p>\n<p><img decoding=\"async\" class=\"size-full wp-image-15437 aligncenter\" src=\"http:\/\/bracaravinum.pt\/wp-content\/uploads\/2022\/02\/quinta_do_pessegueiro_logo.png\" alt=\"\" width=\"200\" height=\"100\" \/><\/p>\n<p>La nature, l&#039;histoire et l&#039;homme ont fa\u00e7onn\u00e9 la culture et les valeurs du Douro. Pour pr\u00e9server la vitalit\u00e9 de son paysage et son prestige, nous \u0153uvrons dans le respect des traditions et du patrimoine.<\/p>\n<p>Nous int\u00e9grons les notions de d\u00e9veloppement durable \u00e0 toutes les \u00e9tapes de production, et l&#039;\u00e9nergie consomm\u00e9e par notre cave est produite \u00e0 partir de sources renouvelables. Nous travaillons sans rel\u00e2che et collaborons pour perp\u00e9tuer la cr\u00e9ation d\u2019authentiques \u0153uvres d\u2019art viticoles.<\/p>\n<p>Construite au c\u0153ur de la propri\u00e9t\u00e9, la cave Pessegueiro se distingue par son architecture extraordinaire, qui r\u00e9sulte des fonctions du b\u00e2timent et surtout de la m\u00e9thode de vinification sp\u00e9cifique qu&#039;il accueille.<\/p>\n<p>Le b\u00e2timent comporte cinq niveaux et combine les m\u00e9thodes traditionnelles de production de vins de haute qualit\u00e9 avec les \u00e9quipements les plus sophistiqu\u00e9s.<\/p>\n<p>V\u00e9ritable d\u00e9fi technologique, notre cave a \u00e9t\u00e9 con\u00e7ue pour utiliser la gravit\u00e9 naturelle tout au long du processus de transformation des raisins en vin. Afin de pr\u00e9server et respecter au maximum le vin, l&#039;utilisation de pompes a \u00e9t\u00e9 totalement exclue tout au long du parcours, depuis la r\u00e9ception des raisins jusqu&#039;au chai \u00e0 barriques. Pour compl\u00e9ter la gravit\u00e9 naturelle, nous disposons \u00e9galement d&#039;un r\u00e9servoir de levage.<\/p>\n<p>Ce proc\u00e9d\u00e9 exclusivement gravitaire garantit un traitement doux et respectueux du vin.<\/p>\n<p>Toute notre production est contr\u00f4l\u00e9e par Jo\u00e3o Nicolau de Almeida et une \u00e9quipe multidisciplinaire de professionnels d\u00e9vou\u00e9s.<\/p>","protected":false},"excerpt":{"rendered":"<p>CASTAS: Tinto C\u00e3o (100%).<\/p>\n<p>Vinifica\u00e7\u00e3o em lagar de granito. Envelhecimento durante 12 meses em barricas de 225L.<\/p>\n<p>Vinho de cor rubi e com um aroma que nos remete para um ambiente floral e vegetal. Na boca surgem notas bals\u00e2micas e a surpresa de algumas especiarias como a pimenta preta. O vinho termina na boca com grande eleg\u00e2ncia e equil\u00edbrio.<\/p>","protected":false},"featured_media":1550,"template":"","meta":{"_exactmetrics_skip_tracking":false,"_exactmetrics_sitenote_active":false,"_exactmetrics_sitenote_note":"","_exactmetrics_sitenote_category":0,"_uf_show_specific_survey":0,"_uf_disable_surveys":false,"iawp_total_views":12},"product_brand":[],"product_cat":[215,184,157],"product_tag":[],"class_list":{"0":"post-12648","1":"product","2":"type-product","3":"status-publish","4":"has-post-thumbnail","6":"product_cat-douro","7":"product_cat-tinto","8":"product_cat-vinhos","10":"first","11":"instock","12":"shipping-taxable","13":"purchasable","14":"product-type-simple"},"_links":{"self":[{"href":"https:\/\/bracaravinum.pt\/fr\/wp-json\/wp\/v2\/product\/12648","targetHints":{"allow":["GET"]}}],"collection":[{"href":"https:\/\/bracaravinum.pt\/fr\/wp-json\/wp\/v2\/product"}],"about":[{"href":"https:\/\/bracaravinum.pt\/fr\/wp-json\/wp\/v2\/types\/product"}],"wp:featuredmedia":[{"embeddable":true,"href":"https:\/\/bracaravinum.pt\/fr\/wp-json\/wp\/v2\/media\/1550"}],"wp:attachment":[{"href":"https:\/\/bracaravinum.pt\/fr\/wp-json\/wp\/v2\/media?parent=12648"}],"wp:term":[{"taxonomy":"product_brand","embeddable":true,"href":"https:\/\/bracaravinum.pt\/fr\/wp-json\/wp\/v2\/product_brand?post=12648"},{"taxonomy":"product_cat","embeddable":true,"href":"https:\/\/bracaravinum.pt\/fr\/wp-json\/wp\/v2\/product_cat?post=12648"},{"taxonomy":"product_tag","embeddable":true,"href":"https:\/\/bracaravinum.pt\/fr\/wp-json\/wp\/v2\/product_tag?post=12648"}],"curies":[{"name":"wp","href":"https:\/\/api.w.org\/{rel}","templated":true}]}}