{"id":12629,"date":"2020-03-25T22:26:02","date_gmt":"2020-03-25T22:26:02","guid":{"rendered":"http:\/\/bracaravinum.pt\/?post_type=product&#038;p=12629"},"modified":"2022-05-14T11:29:01","modified_gmt":"2022-05-14T11:29:01","slug":"whisky-inver-house-21-ans-70cl","status":"publish","type":"product","link":"https:\/\/bracaravinum.pt\/fr\/produto\/whisky-inver-house-21-anos-70cl\/","title":{"rendered":"Whisky Inver House Green Plaid 21 ans 70cl"},"content":{"rendered":"","protected":false},"excerpt":{"rendered":"<p><span style=\"color: #ff0000\">3 bouteilles disponibles<\/span><\/p>\n<p>Vieillis pendant plus de 21 ans, bon nombre des meilleurs malts d&#039;\u00c9cosse ont \u00e9t\u00e9 savamment assembl\u00e9s pour produire ce whisky le plus prestigieux et parfaitement \u00e9quilibr\u00e9. En sirotant votre Inver House 21 ans, vous r\u00e9fl\u00e9chirez peut-\u00eatre \u00e0 ce qui lui donne une douceur extraordinaire, une pl\u00e9nitude de corps et une subtilit\u00e9 de caract\u00e8re. Savourez chaque goutte en contemplant son vieillissement, son nez distinct et sa saveur ronde.<\/p>","protected":false},"featured_media":1486,"template":"","meta":{"_exactmetrics_skip_tracking":false,"_exactmetrics_sitenote_active":false,"_exactmetrics_sitenote_note":"","_exactmetrics_sitenote_category":0,"_uf_show_specific_survey":0,"_uf_disable_surveys":false,"iawp_total_views":58},"product_brand":[],"product_cat":[158,162,179],"product_tag":[],"class_list":{"0":"post-12629","1":"product","2":"type-product","3":"status-publish","4":"has-post-thumbnail","6":"product_cat-espirituosos","7":"product_cat-raridades","8":"product_cat-whisky","10":"first","11":"instock","12":"shipping-taxable","13":"purchasable","14":"product-type-simple"},"_links":{"self":[{"href":"https:\/\/bracaravinum.pt\/fr\/wp-json\/wp\/v2\/product\/12629","targetHints":{"allow":["GET"]}}],"collection":[{"href":"https:\/\/bracaravinum.pt\/fr\/wp-json\/wp\/v2\/product"}],"about":[{"href":"https:\/\/bracaravinum.pt\/fr\/wp-json\/wp\/v2\/types\/product"}],"wp:featuredmedia":[{"embeddable":true,"href":"https:\/\/bracaravinum.pt\/fr\/wp-json\/wp\/v2\/media\/1486"}],"wp:attachment":[{"href":"https:\/\/bracaravinum.pt\/fr\/wp-json\/wp\/v2\/media?parent=12629"}],"wp:term":[{"taxonomy":"product_brand","embeddable":true,"href":"https:\/\/bracaravinum.pt\/fr\/wp-json\/wp\/v2\/product_brand?post=12629"},{"taxonomy":"product_cat","embeddable":true,"href":"https:\/\/bracaravinum.pt\/fr\/wp-json\/wp\/v2\/product_cat?post=12629"},{"taxonomy":"product_tag","embeddable":true,"href":"https:\/\/bracaravinum.pt\/fr\/wp-json\/wp\/v2\/product_tag?post=12629"}],"curies":[{"name":"wp","href":"https:\/\/api.w.org\/{rel}","templated":true}]}}