{"id":12507,"date":"2020-03-24T18:25:38","date_gmt":"2020-03-24T18:25:38","guid":{"rendered":"http:\/\/bracaravinum.pt\/?post_type=product&#038;p=12507"},"modified":"2026-04-03T17:20:44","modified_gmt":"2026-04-03T17:20:44","slug":"porto-quinta-do-estanho-vintage-1996","status":"publish","type":"product","link":"https:\/\/bracaravinum.pt\/fr\/produit\/porto-quinta-do-estanho-vintage-1996\/","title":{"rendered":"Porto Quinta do Estanho Vintage 1996 75cl"},"content":{"rendered":"<p><img fetchpriority=\"high\" decoding=\"async\" class=\"size-full wp-image-15248 aligncenter\" src=\"http:\/\/bracaravinum.pt\/wp-content\/uploads\/2022\/02\/estanho-logo.png\" alt=\"\" width=\"237\" height=\"222\" \/><\/p>\n<p>D\u00e8s le premier raisin\u2026<\/p>\n<p>Sur les pentes accident\u00e9es et abruptes du Douro, gr\u00e2ce \u00e0 la b\u00e9n\u00e9diction du soleil et \u00e0 l&#039;art de l&#039;homme, la vigne produit un nectar digne de la table des dieux.<\/p>\n<p>La renomm\u00e9e arch\u00e9ologique du Douro est ant\u00e9rieure \u00e0 l&#039;industrie vitivinicole. En effet, des hommes sont pass\u00e9s par cette r\u00e9gion et ont d\u00e9couvert les richesses du sous-sol. Ceux-ci exploitaient l\u2019or et l\u2019\u00e9tain, non seulement abondants, mais pouvant \u00eatre extraits par des moyens rudimentaires utilis\u00e9s \u00e0 l\u2019\u00e9poque pr\u00e9historique.<\/p>\n<p>De la bo\u00eete au vin, il n\u2019y avait qu\u2019un pas. Et c&#039;est sur la rive gauche de la rivi\u00e8re Pinh\u00e3o, reconnue comme ancestrale, que se situe \u00ab Quinta do Estanho \u00bb, connue sous le nom du min\u00e9ral qui y prolif\u00e9rait. Apr\u00e8s avoir explor\u00e9 le sous-sol, les vignes sont cultiv\u00e9es.<\/p>","protected":false},"excerpt":{"rendered":"<p>Vinho de cor vermelha alourado.\u00a0Aromas delicados de marmelo, ameixas e passas. Algumas nuances atraentes de resina e especiarias. Na\u00a0boca, mostra j\u00e1 a sua\u00a0idade em garrafa, com notas de alca\u00e7uz, ameixa seca e couro. Taninos suaves e com grande eleg\u00e2ncia e delicadeza.<\/p>","protected":false},"featured_media":1145,"template":"","meta":{"_exactmetrics_skip_tracking":false,"_exactmetrics_sitenote_active":false,"_exactmetrics_sitenote_note":"","_exactmetrics_sitenote_category":0,"_uf_show_specific_survey":0,"_uf_disable_surveys":false,"iawp_total_views":17},"product_brand":[],"product_cat":[159,162,168],"product_tag":[],"class_list":{"0":"post-12507","1":"product","2":"type-product","3":"status-publish","4":"has-post-thumbnail","6":"product_cat-portos","7":"product_cat-raridades","8":"product_cat-vintage","10":"first","11":"instock","12":"shipping-taxable","13":"purchasable","14":"product-type-simple"},"_links":{"self":[{"href":"https:\/\/bracaravinum.pt\/fr\/wp-json\/wp\/v2\/product\/12507","targetHints":{"allow":["GET"]}}],"collection":[{"href":"https:\/\/bracaravinum.pt\/fr\/wp-json\/wp\/v2\/product"}],"about":[{"href":"https:\/\/bracaravinum.pt\/fr\/wp-json\/wp\/v2\/types\/product"}],"wp:featuredmedia":[{"embeddable":true,"href":"https:\/\/bracaravinum.pt\/fr\/wp-json\/wp\/v2\/media\/1145"}],"wp:attachment":[{"href":"https:\/\/bracaravinum.pt\/fr\/wp-json\/wp\/v2\/media?parent=12507"}],"wp:term":[{"taxonomy":"product_brand","embeddable":true,"href":"https:\/\/bracaravinum.pt\/fr\/wp-json\/wp\/v2\/product_brand?post=12507"},{"taxonomy":"product_cat","embeddable":true,"href":"https:\/\/bracaravinum.pt\/fr\/wp-json\/wp\/v2\/product_cat?post=12507"},{"taxonomy":"product_tag","embeddable":true,"href":"https:\/\/bracaravinum.pt\/fr\/wp-json\/wp\/v2\/product_tag?post=12507"}],"curies":[{"name":"wp","href":"https:\/\/api.w.org\/{rel}","templated":true}]}}