{"id":12449,"date":"2020-03-23T18:33:53","date_gmt":"2020-03-23T18:33:53","guid":{"rendered":"http:\/\/bracaravinum.pt\/?post_type=product&#038;p=12449"},"modified":"2024-11-26T21:34:45","modified_gmt":"2024-11-26T21:34:45","slug":"pocas-reserva-tinto","status":"publish","type":"product","link":"https:\/\/bracaravinum.pt\/fr\/produit\/pocas-reserva-tinto\/","title":{"rendered":"Po\u00e7as Reserva Tinto 2017 75cl"},"content":{"rendered":"<p><img decoding=\"async\" class=\"size-medium wp-image-16702 aligncenter\" src=\"http:\/\/bracaravinum.pt\/wp-content\/uploads\/2022\/11\/pocas-logo-300x129.png\" alt=\"\" width=\"300\" height=\"129\" srcset=\"https:\/\/bracaravinum.pt\/wp-content\/uploads\/2022\/11\/pocas-logo-300x129.png 300w, https:\/\/bracaravinum.pt\/wp-content\/uploads\/2022\/11\/pocas-logo-18x8.png 18w, https:\/\/bracaravinum.pt\/wp-content\/uploads\/2022\/11\/pocas-logo.png 343w\" sizes=\"(max-width: 300px) 100vw, 300px\" \/><\/p>\n<p>Tout a commenc\u00e9 en 1918, lorsque Manoel Domingues Po\u00e7as J\u00fanior, n\u00e9 au milieu de l&#039;agitation du vin de Porto, a d\u00e9cid\u00e9 de fonder sa propre entreprise.<br \/>\nC&#039;\u00e9tait le 15 ao\u00fbt, quelques mois seulement avant l&#039;Armistice. Manoel Po\u00e7as avait 30 ans et poss\u00e9dait une certaine exp\u00e9rience professionnelle dans la r\u00e9gion. Avec son oncle, il fonde une entreprise de vente d&#039;eaux-de-vie aux grands producteurs de Porto. Peu de temps apr\u00e8s, elle a \u00e9tabli son si\u00e8ge actuel, \u00e0 Vila Nova de Gaia.<br \/>\nD&#039;abord son oncle, puis ses fr\u00e8res, sa femme, ses petits-enfants : toute la famille Po\u00e7as est venue partager sa passion pour le vin, alliant respect de la tradition et ouverture d&#039;esprit \u00e0 l&#039;innovation apport\u00e9e par les nouvelles g\u00e9n\u00e9rations.<br \/>\nAujourd&#039;hui, avec trois exploitations agricoles situ\u00e9es dans les meilleurs emplacements de la r\u00e9gion d\u00e9limit\u00e9e du Douro, Po\u00e7as ma\u00eetrise totalement la qualit\u00e9 de ses vins. Et l\u2019implication des familles est plus forte que jamais.<\/p>","protected":false},"excerpt":{"rendered":"<p>Castas:\u00a080% Vinhas Velhas; 20% Touriga Nacional.<\/p>\n<p>Notas de prova:\u00a0Rubi profundo. Fruta preta, compota e especiarias. Vinho de elevada concentra\u00e7\u00e3o, sedoso e elegante com acidez equilibrada. Encorpado, com notas de fruta preta e especiarias, com um final longo e persistente.<\/p>\n<p>Harmoniza\u00e7\u00e3o:\u00a0Acompanha especialmente bem ossobuco, rabo de boi, tripas \u00e0 moda do porto.<\/p>","protected":false},"featured_media":993,"template":"","meta":{"_exactmetrics_skip_tracking":false,"_exactmetrics_sitenote_active":false,"_exactmetrics_sitenote_note":"","_exactmetrics_sitenote_category":0,"_uf_show_specific_survey":0,"_uf_disable_surveys":false,"iawp_total_views":11},"product_brand":[],"product_cat":[215,184,157],"product_tag":[],"class_list":{"0":"post-12449","1":"product","2":"type-product","3":"status-publish","4":"has-post-thumbnail","6":"product_cat-douro","7":"product_cat-tinto","8":"product_cat-vinhos","10":"first","11":"instock","12":"shipping-taxable","13":"purchasable","14":"product-type-simple"},"_links":{"self":[{"href":"https:\/\/bracaravinum.pt\/fr\/wp-json\/wp\/v2\/product\/12449","targetHints":{"allow":["GET"]}}],"collection":[{"href":"https:\/\/bracaravinum.pt\/fr\/wp-json\/wp\/v2\/product"}],"about":[{"href":"https:\/\/bracaravinum.pt\/fr\/wp-json\/wp\/v2\/types\/product"}],"wp:featuredmedia":[{"embeddable":true,"href":"https:\/\/bracaravinum.pt\/fr\/wp-json\/wp\/v2\/media\/993"}],"wp:attachment":[{"href":"https:\/\/bracaravinum.pt\/fr\/wp-json\/wp\/v2\/media?parent=12449"}],"wp:term":[{"taxonomy":"product_brand","embeddable":true,"href":"https:\/\/bracaravinum.pt\/fr\/wp-json\/wp\/v2\/product_brand?post=12449"},{"taxonomy":"product_cat","embeddable":true,"href":"https:\/\/bracaravinum.pt\/fr\/wp-json\/wp\/v2\/product_cat?post=12449"},{"taxonomy":"product_tag","embeddable":true,"href":"https:\/\/bracaravinum.pt\/fr\/wp-json\/wp\/v2\/product_tag?post=12449"}],"curies":[{"name":"wp","href":"https:\/\/api.w.org\/{rel}","templated":true}]}}