{"id":12280,"date":"2020-03-20T22:16:00","date_gmt":"2020-03-20T22:16:00","guid":{"rendered":"http:\/\/bracaravinum.pt\/?post_type=product&#038;p=12280"},"modified":"2022-02-04T17:33:29","modified_gmt":"2022-02-04T17:33:29","slug":"crasto-tinto","status":"publish","type":"product","link":"https:\/\/bracaravinum.pt\/fr\/produit\/crasto-tinto\/","title":{"rendered":"Crasto Tinto 75cl"},"content":{"rendered":"<p><img fetchpriority=\"high\" decoding=\"async\" class=\"size-medium wp-image-15212 aligncenter\" src=\"http:\/\/bracaravinum.pt\/wp-content\/uploads\/2022\/02\/crasto-logo-300x300.png\" alt=\"\" width=\"300\" height=\"300\" srcset=\"https:\/\/bracaravinum.pt\/wp-content\/uploads\/2022\/02\/crasto-logo-300x300.png 300w, https:\/\/bracaravinum.pt\/wp-content\/uploads\/2022\/02\/crasto-logo-150x150.png 150w, https:\/\/bracaravinum.pt\/wp-content\/uploads\/2022\/02\/crasto-logo-100x100.png 100w, https:\/\/bracaravinum.pt\/wp-content\/uploads\/2022\/02\/crasto-logo.png 555w\" sizes=\"(max-width: 300px) 100vw, 300px\" \/><\/p>\n<p>Quinta do Crasto, SA est une entreprise portugaise produisant des vins du Douro et du Porto, bas\u00e9e \u00e0 Gouvinhas, municipalit\u00e9 de Sabrosa, au nord du Portugal. Situ\u00e9e au c\u0153ur de la vall\u00e9e du Douro, la plus ancienne r\u00e9gion viticole r\u00e9glement\u00e9e au monde et \u00e9galement class\u00e9e\u00a0<a href=\"https:\/\/www.unescoportugal.mne.pt\/pt\/temas\/proteger-o-nosso-patrimonio-e-promover-a-criatividade\/patrimonio-mundial-em-portugal\" target=\"_blank\" rel=\"noopener noreferrer\">Patrimoine mondial par l&#039;UNESCO<\/a>\u00a0En 2001, Quinta do Crasto b\u00e9n\u00e9ficiait de conditions exceptionnelles pour la production de vins et d&#039;huiles d&#039;olive de la plus haute qualit\u00e9.<\/p>","protected":false},"excerpt":{"rendered":"<p>Castas: Tinta Roriz, Touriga Nacional, Tinta Barroca e Touriga Franca.<\/p>\n<p>Na elabora\u00e7\u00e3o deste vinho s\u00e3o utilizadas as castas tradicionais do Douro \u2013 Tinta Roriz, Touriga Nacional, Tinta Barroca e Touriga Franca. Pretendemos que seja um vinho fresco, frutado e f\u00e1cil de beber.<\/p>\n<p>Cor rubi intensa. Aroma a frutos vermelhos muito maduros. Na boca, a fruta est\u00e1 bem presente, com boa estrutura e taninos ligeiros, que o tornam um vinho muito agrad\u00e1vel.<\/p>","protected":false},"featured_media":597,"template":"","meta":{"_exactmetrics_skip_tracking":false,"_exactmetrics_sitenote_active":false,"_exactmetrics_sitenote_note":"","_exactmetrics_sitenote_category":0,"_uf_show_specific_survey":0,"_uf_disable_surveys":false,"iawp_total_views":4},"product_brand":[],"product_cat":[157,184,215],"product_tag":[],"class_list":{"0":"post-12280","1":"product","2":"type-product","3":"status-publish","4":"has-post-thumbnail","6":"product_cat-vinhos","7":"product_cat-tinto","8":"product_cat-douro","10":"first","11":"instock","12":"shipping-taxable","13":"purchasable","14":"product-type-simple"},"_links":{"self":[{"href":"https:\/\/bracaravinum.pt\/fr\/wp-json\/wp\/v2\/product\/12280","targetHints":{"allow":["GET"]}}],"collection":[{"href":"https:\/\/bracaravinum.pt\/fr\/wp-json\/wp\/v2\/product"}],"about":[{"href":"https:\/\/bracaravinum.pt\/fr\/wp-json\/wp\/v2\/types\/product"}],"wp:featuredmedia":[{"embeddable":true,"href":"https:\/\/bracaravinum.pt\/fr\/wp-json\/wp\/v2\/media\/597"}],"wp:attachment":[{"href":"https:\/\/bracaravinum.pt\/fr\/wp-json\/wp\/v2\/media?parent=12280"}],"wp:term":[{"taxonomy":"product_brand","embeddable":true,"href":"https:\/\/bracaravinum.pt\/fr\/wp-json\/wp\/v2\/product_brand?post=12280"},{"taxonomy":"product_cat","embeddable":true,"href":"https:\/\/bracaravinum.pt\/fr\/wp-json\/wp\/v2\/product_cat?post=12280"},{"taxonomy":"product_tag","embeddable":true,"href":"https:\/\/bracaravinum.pt\/fr\/wp-json\/wp\/v2\/product_tag?post=12280"}],"curies":[{"name":"wp","href":"https:\/\/api.w.org\/{rel}","templated":true}]}}