{"id":12275,"date":"2020-03-20T21:56:58","date_gmt":"2020-03-20T21:56:58","guid":{"rendered":"http:\/\/bracaravinum.pt\/?post_type=product&#038;p=12275"},"modified":"2022-10-17T15:32:48","modified_gmt":"2022-10-17T15:32:48","slug":"cottas-tinto","status":"publish","type":"product","link":"https:\/\/bracaravinum.pt\/fr\/produit\/cottas-tinto\/","title":{"rendered":"Cottas Tinto 75cl"},"content":{"rendered":"<p><img decoding=\"async\" class=\"size-medium wp-image-15092 aligncenter\" src=\"http:\/\/bracaravinum.pt\/wp-content\/uploads\/2020\/03\/cottas-image-2-300x154.png\" alt=\"\" width=\"300\" height=\"154\" srcset=\"https:\/\/bracaravinum.pt\/wp-content\/uploads\/2020\/03\/cottas-image-2-300x154.png 300w, https:\/\/bracaravinum.pt\/wp-content\/uploads\/2020\/03\/cottas-image-2.png 313w\" sizes=\"(max-width: 300px) 100vw, 300px\" \/><\/p>\n<p>Situ\u00e9e dans la vall\u00e9e d&#039;Alij\u00f3, Quinta de Cottas est une propri\u00e9t\u00e9 de 10 ha qui b\u00e9n\u00e9ficie d&#039;excellentes conditions pour la production de vins du Douro et de Porto.<\/p>\n<p>En 2006, Isabel et Pedro Carmo ont \u00e9t\u00e9 attir\u00e9s par un vignoble qui appartenait autrefois \u00e0 une grande et importante exploitation agricole. Leur grand amour pour le vin et la vall\u00e9e du Douro a fait qu&#039;il \u00e9tait impossible de ne pas profiter de l&#039;opportunit\u00e9 de produire leurs propres vins dans cette r\u00e9gion unique, donnant naissance \u00e0 ce projet viticole. Ils ont rapidement entam\u00e9 la conversion de la propri\u00e9t\u00e9, notamment en r\u00e9cup\u00e9rant la partie existante des vieilles vignes et en plantant le reste de la surface disponible. D\u00e8s le d\u00e9but, ils ont d\u00e9fini que l&#039;approche de Quinta de Cottas consisterait \u00e0 capturer l&#039;essence des principaux c\u00e9pages du Douro, en produisant des vins de haute qualit\u00e9 avec une personnalit\u00e9 distincte qui expriment leur terroir unique.<\/p>\n<p>Certaines des vieilles vignes atteignent 70 ans et sont constitu\u00e9es de vignes m\u00e9lang\u00e9es avec environ 16 c\u00e9pages diff\u00e9rents, notamment Touriga Franca, Tinta Barroca, Tinta Amarela et Tinta Carvalha.<\/p>","protected":false},"excerpt":{"rendered":"<p><strong>Castes\u00a0: <\/strong>Touriga Franca, Touriga Nacional e Tinto C\u00e3o<br \/>\n<strong>Origem das Uvas: <\/strong>As uvas s\u00e3o provenientes das nossas vinhas e de vinhas por n\u00f3s exploradas na regi\u00e3o do Cima Corgo.<br \/>\n<strong>Vinifica\u00e7\u00e3o: <\/strong>As uvas s\u00e3o colhidas manualmente e transportadas em caixas de 25 kg, selecionadas, desenga\u00e7adas e esmagadas \u00e0 entrada da adega. Segue-se um processo de fermenta\u00e7\u00e3o a temperatura controlada. Ap\u00f3s a fermenta\u00e7\u00e3o alco\u00f3lica segue-se a fermenta\u00e7\u00e3o malol\u00e1tica natural, mantendo o vinho a cerca de 20\u00baC.<br \/>\n<strong>Stage: <\/strong>Cerca de 30% do lote estagia durante 6 meses em barricas de carvalho franc\u00eas e americano.<br \/>\n<strong>R\u00e9sultats de test: <\/strong>O nariz deste vinho \u00e9 ousado e fresco, com aromas de amora, groselha preta e canela torrada. O paladar \u00e9 agradavelmente generoso, cremoso com taninos doces e finos com um excelente volume. Final persistente marcado pela fruta. Um vinho muito agrad\u00e1vel para um consumo informal.<\/p>\n<p>\u0152nologie: Manuel Vieira<\/p>","protected":false},"featured_media":581,"template":"","meta":{"_exactmetrics_skip_tracking":false,"_exactmetrics_sitenote_active":false,"_exactmetrics_sitenote_note":"","_exactmetrics_sitenote_category":0,"_uf_show_specific_survey":0,"_uf_disable_surveys":false,"iawp_total_views":34},"product_brand":[],"product_cat":[157,184,215],"product_tag":[],"class_list":{"0":"post-12275","1":"product","2":"type-product","3":"status-publish","4":"has-post-thumbnail","6":"product_cat-vinhos","7":"product_cat-tinto","8":"product_cat-douro","10":"first","11":"instock","12":"shipping-taxable","13":"purchasable","14":"product-type-simple"},"_links":{"self":[{"href":"https:\/\/bracaravinum.pt\/fr\/wp-json\/wp\/v2\/product\/12275","targetHints":{"allow":["GET"]}}],"collection":[{"href":"https:\/\/bracaravinum.pt\/fr\/wp-json\/wp\/v2\/product"}],"about":[{"href":"https:\/\/bracaravinum.pt\/fr\/wp-json\/wp\/v2\/types\/product"}],"wp:featuredmedia":[{"embeddable":true,"href":"https:\/\/bracaravinum.pt\/fr\/wp-json\/wp\/v2\/media\/581"}],"wp:attachment":[{"href":"https:\/\/bracaravinum.pt\/fr\/wp-json\/wp\/v2\/media?parent=12275"}],"wp:term":[{"taxonomy":"product_brand","embeddable":true,"href":"https:\/\/bracaravinum.pt\/fr\/wp-json\/wp\/v2\/product_brand?post=12275"},{"taxonomy":"product_cat","embeddable":true,"href":"https:\/\/bracaravinum.pt\/fr\/wp-json\/wp\/v2\/product_cat?post=12275"},{"taxonomy":"product_tag","embeddable":true,"href":"https:\/\/bracaravinum.pt\/fr\/wp-json\/wp\/v2\/product_tag?post=12275"}],"curies":[{"name":"wp","href":"https:\/\/api.w.org\/{rel}","templated":true}]}}