{"id":12187,"date":"2020-03-19T12:48:48","date_gmt":"2020-03-19T12:48:48","guid":{"rendered":"http:\/\/bracaravinum.pt\/?post_type=product&#038;p=12187"},"modified":"2022-11-30T16:19:56","modified_gmt":"2022-11-30T16:19:56","slug":"al-ria-rouge-2018","status":"publish","type":"product","link":"https:\/\/bracaravinum.pt\/fr\/produit\/al-ria-rouge-2018\/","title":{"rendered":"Al-Ria Rouge 2017 75cl"},"content":{"rendered":"<p><img fetchpriority=\"high\" decoding=\"async\" class=\"size-medium wp-image-15518 aligncenter\" src=\"http:\/\/bracaravinum.pt\/wp-content\/uploads\/2020\/03\/casa-santos-lima-logo-300x300.jpg\" alt=\"\" width=\"300\" height=\"300\" srcset=\"https:\/\/bracaravinum.pt\/wp-content\/uploads\/2020\/03\/casa-santos-lima-logo-300x300.jpg 300w, https:\/\/bracaravinum.pt\/wp-content\/uploads\/2020\/03\/casa-santos-lima-logo-150x150.jpg 150w, https:\/\/bracaravinum.pt\/wp-content\/uploads\/2020\/03\/casa-santos-lima-logo-100x100.jpg 100w, https:\/\/bracaravinum.pt\/wp-content\/uploads\/2020\/03\/casa-santos-lima-logo.jpg 360w\" sizes=\"(max-width: 300px) 100vw, 300px\" \/><\/p>\n<p>Casa Santos Lima est une entreprise familiale d\u00e9di\u00e9e \u00e0 la production, \u00e0 la mise en bouteille et \u00e0 la commercialisation de vins portugais. Il travaille dans les r\u00e9gions de Lisbonne, Algarve, Alentejo, Douro et Vinhos Verdes. L&#039;entreprise produit des vins reconnus pour leur excellent rapport qualit\u00e9\/prix et exporte environ 90% de sa production totale dans plus de 50 pays sur 5 continents. Casa Santos Lima est \u00e9galement le plus grand producteur de \u00ab Vinho Regional Lisboa \u00bb et de \u00ab DOC Alenquer \u00bb et a \u00e9t\u00e9 ces derni\u00e8res ann\u00e9es l&#039;un des producteurs portugais les plus r\u00e9compens\u00e9s dans les principaux concours de vins nationaux et internationaux.<\/p>\n<p>Actuellement, les principales installations de l&#039;entreprise (bureaux, magasin et caves \u00e0 vin plus grandes) sont situ\u00e9es \u00e0 Quinta da Boavista \u00e0 Alenquer, \u00e0 seulement 45 km au nord de la ville de Lisbonne. Cette Quinta appartient \u00e0 la famille Santos Lima depuis 5 g\u00e9n\u00e9rations et offre des conditions id\u00e9ales pour la production de vins de qualit\u00e9.<br \/>\nCasa Santos Lima poss\u00e8de \u00e9galement ses propres vignobles dans les r\u00e9gions de l&#039;Algarve, du Douro et de Vinhos Verdes, ainsi qu&#039;un partenariat de longue date avec un producteur de la r\u00e9gion de l&#039;Alentejo.<br \/>\nCasa Santos Lima dispose d&#039;un portefeuille de vins tr\u00e8s large, produisant chaque ann\u00e9e des vins rouges, blancs, ros\u00e9s, mousseux, mousseux, l\u00e9gers et de vendanges tardives dans 5 r\u00e9gions diff\u00e9rentes. Cette gamme vari\u00e9e d&#039;options permet \u00e0 l&#039;entreprise un grand dynamisme sur le march\u00e9 national et international et a permis une croissance constante ann\u00e9e apr\u00e8s ann\u00e9e. \u00c0 l&#039;heure actuelle, Casa Santos Lima est responsable de la production de plus de 501 TP3T de tous les vins certifi\u00e9s de la r\u00e9gion de Lisbonne et est l&#039;un des principaux exportateurs de vins portugais.<\/p>","protected":false},"excerpt":{"rendered":"<p>Capacit\u00e9 75cl<\/p>\n<p>Al-Ria rouge est un vin \u00e0 la robe profonde, aux reflets violets, avec une bonne concentration au nez. Riche en ar\u00f4me, avec des notes de fruits noirs m\u00fbrs, de confiture et de fleurs. En bouche, il pr\u00e9sente des notes douces et velout\u00e9es de fruits m\u00fbrs, de chocolat et de vanille. Finale longue et \u00e9quilibr\u00e9e, dont les tanins mettent en valeur son potentiel de long\u00e9vit\u00e9.<\/p>\n<p>Vari\u00e9t\u00e9s<\/p>\n<div data-desc=\"Lorem ipsum dolor sit amet, consectetur adipiscing elit. Aliquam viverra magna tellus, non suscipit nisl dictum sit amet. Donec pharetra ante mattis, iaculis enim ut, finibus quam.\">Touriga Nacional, Syrah et Tinta Roriz<\/div>","protected":false},"featured_media":325,"template":"","meta":{"_exactmetrics_skip_tracking":false,"_exactmetrics_sitenote_active":false,"_exactmetrics_sitenote_note":"","_exactmetrics_sitenote_category":0,"_uf_show_specific_survey":0,"_uf_disable_surveys":false,"iawp_total_views":121},"product_brand":[],"product_cat":[196,184,157],"product_tag":[],"class_list":{"0":"post-12187","1":"product","2":"type-product","3":"status-publish","4":"has-post-thumbnail","6":"product_cat-algarve","7":"product_cat-tinto","8":"product_cat-vinhos","10":"first","11":"instock","12":"shipping-taxable","13":"purchasable","14":"product-type-simple"},"_links":{"self":[{"href":"https:\/\/bracaravinum.pt\/fr\/wp-json\/wp\/v2\/product\/12187","targetHints":{"allow":["GET"]}}],"collection":[{"href":"https:\/\/bracaravinum.pt\/fr\/wp-json\/wp\/v2\/product"}],"about":[{"href":"https:\/\/bracaravinum.pt\/fr\/wp-json\/wp\/v2\/types\/product"}],"wp:featuredmedia":[{"embeddable":true,"href":"https:\/\/bracaravinum.pt\/fr\/wp-json\/wp\/v2\/media\/325"}],"wp:attachment":[{"href":"https:\/\/bracaravinum.pt\/fr\/wp-json\/wp\/v2\/media?parent=12187"}],"wp:term":[{"taxonomy":"product_brand","embeddable":true,"href":"https:\/\/bracaravinum.pt\/fr\/wp-json\/wp\/v2\/product_brand?post=12187"},{"taxonomy":"product_cat","embeddable":true,"href":"https:\/\/bracaravinum.pt\/fr\/wp-json\/wp\/v2\/product_cat?post=12187"},{"taxonomy":"product_tag","embeddable":true,"href":"https:\/\/bracaravinum.pt\/fr\/wp-json\/wp\/v2\/product_tag?post=12187"}],"curies":[{"name":"wp","href":"https:\/\/api.w.org\/{rel}","templated":true}]}}