{"id":21682,"date":"2026-04-13T15:12:17","date_gmt":"2026-04-13T15:12:17","guid":{"rendered":"https:\/\/bracaravinum.pt\/?post_type=product&#038;p=21682"},"modified":"2026-04-13T15:12:18","modified_gmt":"2026-04-13T15:12:18","slug":"champagne-h-blin-brut-tradition-75cl","status":"publish","type":"product","link":"https:\/\/bracaravinum.pt\/en\/produto\/champagne-h-blin-brut-tradition-75cl\/","title":{"rendered":"Champagne H. Blin Brut Tradition 75cl"},"content":{"rendered":"<p><img decoding=\"async\" class=\"aligncenter\" src=\"https:\/\/www.champagne-blin.com\/wp-content\/uploads\/2024\/08\/logo.png\" \/><\/p>\n<p>Vincelles, o verdadeiro ber\u00e7o da uva Meunier, \u00e9 uma antiga vila localizada na rota tur\u00edstica de Champagne no Vall\u00e9e de la Marne, a oeste de \u00c9pernay e Reims (a 25 minutos de dist\u00e2ncia). Seu nome, Vincelles, refere-se \u00e0 sua origem vin\u00edcola: &#8220;vini cella&#8221; em latim, que significa &#8220;adega&#8221;.<\/p>\n<p>Henri Blin, assim como a maioria dos produtores de Vincelles, descende de uma longa gera\u00e7\u00e3o de viticultores que remonta ao s\u00e9culo XVII. Em 1947, por iniciativa de Henri Blin, 29 viticultores de Vincelles se uniram para fundar a Champagne H.Blin.<\/p>\n<p>Simon Blin, atual presidente (desde 2009) da Champagne H.Blin e neto de Henri Blin, \u00e9 a 12\u00aa gera\u00e7\u00e3o de viticultores do terroir de Vincelles,<br \/>\ndando continuidade a uma longa tradi\u00e7\u00e3o familiar (Jacques Blin, en\u00f3logo, nascido em 1636).<\/p>\n<p>Seu compromisso constante com a promo\u00e7\u00e3o da Meunier e sua paix\u00e3o por defender e valorizar essa casta t\u00eam rendido os frutos desse esfor\u00e7o de longa data. Especialmente em Vincelles, onde a Meunier oferece, al\u00e9m de sua habitual redondeza e frutado, uma frescura e tens\u00e3o que a tornam \u00fanica e procurada pelos degustadores mais exigentes.<\/p>","protected":false},"excerpt":{"rendered":"<p>Com envelhecimento m\u00ednimo de 24 meses, este champanhe revela aromas frescos e um paladar harmonioso, perfeito para aperitivos e pratos de frutos do mar.<\/p>\n<p>O Brut Tradition \u00e9 um convite para descobrir o estilo do Champagne H.BLIN cuja hist\u00f3ria como viticultor de Vincelles remonta ao per\u00edodo galo-romano. Orgulhosa dessa heran\u00e7a e de seu terroir, a Champagne H.BLIN perpetua essa tradi\u00e7\u00e3o, seculares de tradi\u00e7\u00e3o.<\/p>\n<p>Cor dourada, fina efervesc\u00eancia, notas de frutas amarelas &#8211; p\u00eassego, damasco &#8211; e com aromas presentes no nariz que se acentuam no paladar, com frescor, tudo em equil\u00edbrio.<\/p>","protected":false},"featured_media":21683,"template":"","meta":{"_exactmetrics_skip_tracking":false,"_exactmetrics_sitenote_active":false,"_exactmetrics_sitenote_note":"","_exactmetrics_sitenote_category":0,"_uf_show_specific_survey":0,"_uf_disable_surveys":false,"iawp_total_views":2},"product_brand":[],"product_cat":[178,160],"product_tag":[],"class_list":{"0":"post-21682","1":"product","2":"type-product","3":"status-publish","4":"has-post-thumbnail","6":"product_cat-champagne","7":"product_cat-espumantes","9":"first","10":"instock","11":"shipping-taxable","12":"purchasable","13":"product-type-simple"},"_links":{"self":[{"href":"https:\/\/bracaravinum.pt\/en\/wp-json\/wp\/v2\/product\/21682","targetHints":{"allow":["GET"]}}],"collection":[{"href":"https:\/\/bracaravinum.pt\/en\/wp-json\/wp\/v2\/product"}],"about":[{"href":"https:\/\/bracaravinum.pt\/en\/wp-json\/wp\/v2\/types\/product"}],"wp:featuredmedia":[{"embeddable":true,"href":"https:\/\/bracaravinum.pt\/en\/wp-json\/wp\/v2\/media\/21683"}],"wp:attachment":[{"href":"https:\/\/bracaravinum.pt\/en\/wp-json\/wp\/v2\/media?parent=21682"}],"wp:term":[{"taxonomy":"product_brand","embeddable":true,"href":"https:\/\/bracaravinum.pt\/en\/wp-json\/wp\/v2\/product_brand?post=21682"},{"taxonomy":"product_cat","embeddable":true,"href":"https:\/\/bracaravinum.pt\/en\/wp-json\/wp\/v2\/product_cat?post=21682"},{"taxonomy":"product_tag","embeddable":true,"href":"https:\/\/bracaravinum.pt\/en\/wp-json\/wp\/v2\/product_tag?post=21682"}],"curies":[{"name":"wp","href":"https:\/\/api.w.org\/{rel}","templated":true}]}}