{"id":21649,"date":"2026-04-03T11:36:27","date_gmt":"2026-04-03T11:36:27","guid":{"rendered":"https:\/\/bracaravinum.pt\/?post_type=product&#038;p=21649"},"modified":"2026-04-03T16:39:13","modified_gmt":"2026-04-03T16:39:13","slug":"grande-rocim-tinto-2021-75cl-caixa-de-3","status":"publish","type":"product","link":"https:\/\/bracaravinum.pt\/en\/product-2\/grande-rocim-tinto-2021-75cl-caixa-de-3\/","title":{"rendered":"Grande Rocim Tinto 2021 75cl Caixa de 3"},"content":{"rendered":"<p><img decoding=\"async\" class=\"size-medium wp-image-15321 aligncenter\" src=\"http:\/\/bracaravinum.pt\/wp-content\/uploads\/2022\/02\/logo_herdade-rocim-300x77.png\" alt=\"\" width=\"300\" height=\"77\" srcset=\"https:\/\/bracaravinum.pt\/wp-content\/uploads\/2022\/02\/logo_herdade-rocim-300x77.png 300w, https:\/\/bracaravinum.pt\/wp-content\/uploads\/2022\/02\/logo_herdade-rocim-1024x263.png 1024w, https:\/\/bracaravinum.pt\/wp-content\/uploads\/2022\/02\/logo_herdade-rocim-768x197.png 768w, https:\/\/bracaravinum.pt\/wp-content\/uploads\/2022\/02\/logo_herdade-rocim-1536x394.png 1536w, https:\/\/bracaravinum.pt\/wp-content\/uploads\/2022\/02\/logo_herdade-rocim-600x154.png 600w, https:\/\/bracaravinum.pt\/wp-content\/uploads\/2022\/02\/logo_herdade-rocim.png 1772w\" sizes=\"(max-width: 300px) 100vw, 300px\" \/><\/p>\n<p>Herdade do Rocim is a property located between Vidigueira and Cuba, in Baixo Alentejo.<\/p>\n<p>Starting with operations in the area of agricultural mechanization in the 1970s, investment in diversified and complementary sectors is a reference in Movicortes&#039; journey. The equipment business (public works, agriculture and automobiles) was later joined by social communications, books and wine production, with Rocim.<\/p>\n<p>Investment in the wine sector began in 2000 with Herdade do Rocim. A property with around 120 hectares, of which 70 are vineyards, between Vidigueira and Cuba, in Baixo Alentejo. A new adventure and a dream began.<\/p>\n<p>The first years were dedicated to restructuring and qualifying the estate, with the planting of new vines and the introduction of new grape varieties, in a project that mixed new and old knowledge, with reason and emotion, supported by the love of father and daughter.<br \/>\nThen came the construction of the wine cellar and the production of wine, with its own brands.<\/p>\n<p>Also in Cortes (Leiria), the birthplace of Jos\u00e9 Ribeiro Vieira, founder of the company, Rocim began planting vineyards in 2003 with a view to recovering the brand image of this parish and also the family tradition in the wine sector, with the launch of Vale da Mata.<\/p>\n<p>Today, Rocim is already recognized for the quality of its wines and the winery. Talking about your story is talking about the dream and therefore it is also talking about the present and the future. Because the dream has no end.<\/p>\n<p><em>\u201cTalking about the future is not easy because you cannot guess. In any case, we believe that the foundations and structures capable of encouraging us to continue have been laid.\u201d<\/em>\u00a0Jos\u00e9 Ribeiro Vieira.<\/p>\n<p>Gold Medal in the \u201cBest of Alentejo\u201d Competition of the Confraria dos En\u00f3filos do Alentejo 2014 \u2013 Harvest 2011<\/p>\n<p>91 pts. \u201cWine Enthusiast\u201d \u2013 Cellar Sellection \u2013 2011 Harvest<\/p>\n<p>Gold Medal in the \u201cBest of Alentejo\u201d Competition of the Confraria dos En\u00f3filos do Alentejo 2015 \u2013 Harvest 2013<\/p>\n<p>18 Julia Harding | Jancis Robinson \u2013 2013 Harvest<\/p>\n<p>\u201cBest Red Monovarietal of the Year\u201d in the Wines of Portugal Competition 2019 \u2013 Harvest 2015<\/p>\n<p>\u201cHighly Recommended\u201d by Revista de Vinhos \u2013 Harvest 2015<\/p>\n<p>17.5 pts \u2013 July 2019 Edition \u201cWine \u2013 Grandes Escolhas\u201d \u2013 2017 Vintage<\/p>","protected":false},"excerpt":{"rendered":"<p>Castas: Alicante Bouschet. A casta \u00e9 conduzida em monoplano ascendente, com exposi\u00e7\u00e3o poente. A orienta\u00e7\u00e3o das linhas \u00e9 Este-Oeste.<\/p>\n<p>EST\u00c1GIO \u203a O vinho estagiou 20 meses em barrica de carvalho franc\u00eas de 500 L. Est\u00e1gio em garrafa por um per\u00edodo de quatro meses. NOTA DE PROVA \u203a Cor ruby profunda e opaca. Aroma especiado, qu\u00edmico e bals\u00e2mico de grande complexidade. Fruta preta bem madura. Grande volume de boca e concentra\u00e7\u00e3o. Final longo e persistente. Taninos firmes e estrutura que lhe permitir\u00e1 uma longa evolu\u00e7\u00e3o em garrafa.<\/p>","protected":false},"featured_media":21650,"template":"","meta":{"_exactmetrics_skip_tracking":false,"_exactmetrics_sitenote_active":false,"_exactmetrics_sitenote_note":"","_exactmetrics_sitenote_category":0,"_uf_show_specific_survey":0,"_uf_disable_surveys":false,"iawp_total_views":19},"product_brand":[],"product_cat":[258,257,216,157,201,184,207],"product_tag":[],"class_list":{"0":"post-21649","1":"product","2":"type-product","3":"status-publish","4":"has-post-thumbnail","6":"product_cat-conjuntos-de-oferta","7":"product_cat-conjuntos-de-vinhos","8":"product_cat-conjuntos","9":"product_cat-vinhos","10":"product_cat-grandes-vinhos","11":"product_cat-tinto","12":"product_cat-alentejo","14":"first","15":"instock","16":"shipping-taxable","17":"purchasable","18":"product-type-simple"},"_links":{"self":[{"href":"https:\/\/bracaravinum.pt\/en\/wp-json\/wp\/v2\/product\/21649","targetHints":{"allow":["GET"]}}],"collection":[{"href":"https:\/\/bracaravinum.pt\/en\/wp-json\/wp\/v2\/product"}],"about":[{"href":"https:\/\/bracaravinum.pt\/en\/wp-json\/wp\/v2\/types\/product"}],"wp:featuredmedia":[{"embeddable":true,"href":"https:\/\/bracaravinum.pt\/en\/wp-json\/wp\/v2\/media\/21650"}],"wp:attachment":[{"href":"https:\/\/bracaravinum.pt\/en\/wp-json\/wp\/v2\/media?parent=21649"}],"wp:term":[{"taxonomy":"product_brand","embeddable":true,"href":"https:\/\/bracaravinum.pt\/en\/wp-json\/wp\/v2\/product_brand?post=21649"},{"taxonomy":"product_cat","embeddable":true,"href":"https:\/\/bracaravinum.pt\/en\/wp-json\/wp\/v2\/product_cat?post=21649"},{"taxonomy":"product_tag","embeddable":true,"href":"https:\/\/bracaravinum.pt\/en\/wp-json\/wp\/v2\/product_tag?post=21649"}],"curies":[{"name":"wp","href":"https:\/\/api.w.org\/{rel}","templated":true}]}}