{"id":21578,"date":"2026-03-20T18:46:42","date_gmt":"2026-03-20T18:46:42","guid":{"rendered":"https:\/\/bracaravinum.pt\/?post_type=product&#038;p=21578"},"modified":"2026-03-20T18:46:42","modified_gmt":"2026-03-20T18:46:42","slug":"colheita-tardia-falcoaria-375cl","status":"publish","type":"product","link":"https:\/\/bracaravinum.pt\/en\/product-2\/colheita-tardia-falcoaria-375cl\/","title":{"rendered":"Colheita Tardia Falcoaria 37,5cl"},"content":{"rendered":"<p><img decoding=\"async\" class=\"aligncenter\" src=\"https:\/\/www.casalbranco.com\/pt\/wp-content\/uploads\/2025\/10\/Logo-QCB-horizontal-original.png\" alt=\"Quinta do Casal Branco\" width=\"294\" height=\"90\" \/><\/p>\n<p>&nbsp;<\/p>\n<p>Quinta do Casal Branco fundada em 1775 \u00e9 uma das quintas mais emblem\u00e1ticas da regi\u00e3o de vinhos do Tejo, propriedade h\u00e1 mais de oito gera\u00e7\u00f5es da fam\u00edlia Braamcamp Sobral Lobo de Vasconcelos.<\/p>\n<p>A propriedade que durante quatro s\u00e9culos foi coutada real espraia-se hoje por 1.100 hectares. Desses, 130 hectares s\u00e3o ocupados por vinha em solos de charneca.<\/p>\n<p>H\u00e1 mais de dois s\u00e9culos que a Quinta do Casal Branco se tem dedicado \u00e0 produ\u00e7\u00e3o de vinho. A primeira adega da Quinta do Casal Branco data de 1817. O in\u00edcio do S\u00e9c. XX ficou marcado por uma profunda interven\u00e7\u00e3o com a introdu\u00e7\u00e3o de maquinaria a vapor, plantio de novas castas, moderniza\u00e7\u00e3o e amplia\u00e7\u00e3o da adega. Ao longo dos tempos houve sempre uma forte aposta na viticultura e na produ\u00e7\u00e3o vin\u00edcola, o que se traduz numa tradi\u00e7\u00e3o marcada pela inova\u00e7\u00e3o, qualidade e consist\u00eancia dos vinhos produzidos at\u00e9 aos nossos dias.<\/p>\n<p>Jos\u00e9 Lobo de Vasconcelos lidera a equipa da Quinta do Casal Branco com a miss\u00e3o de ser uma empresa econ\u00f3mica, social e ambientalmente sustent\u00e1vel, capaz de oferecer experi\u00eancias e produtos \u00fanicos que melhorem a vida das pessoas e a ambi\u00e7\u00e3o de revelar o melhor do Tejo no mundo.<\/p>","protected":false},"excerpt":{"rendered":"<p>Excelente exuber\u00e2ncia arom\u00e1tica, notas intensas de fruta: tangerina, figo e alperce desidratado. Destaque tamb\u00e9m, para a notas de flor de laranjeira, bem presentes. Enorme complexidade arom\u00e1tica, que se traduz numa descoberta constante.<\/p>\n<p>In\u00edcio cativante, evoluindo para um vinho de excelente estrutura e com acidez viva, em perfeita harmonia com as complexas notas arom\u00e1ticas de tangerina, alperce e figo. Termina fresco e muito persistente. Um vinho \u00edmpar, soberbo, de eleg\u00e2ncia e complexidade.<\/p>\n<p>IDADE DAS VINHAS: Viognier \u2013 15 anos Fern\u00e3o Pires \u2013 70 anos<\/p>","protected":false},"featured_media":21579,"template":"","meta":{"_exactmetrics_skip_tracking":false,"_exactmetrics_sitenote_active":false,"_exactmetrics_sitenote_note":"","_exactmetrics_sitenote_category":0,"_uf_show_specific_survey":0,"_uf_disable_surveys":false,"iawp_total_views":1},"product_brand":[],"product_cat":[157,165],"product_tag":[],"class_list":{"0":"post-21578","1":"product","2":"type-product","3":"status-publish","4":"has-post-thumbnail","6":"product_cat-vinhos","7":"product_cat-colheita-tardia","9":"first","10":"instock","11":"shipping-taxable","12":"purchasable","13":"product-type-simple"},"_links":{"self":[{"href":"https:\/\/bracaravinum.pt\/en\/wp-json\/wp\/v2\/product\/21578","targetHints":{"allow":["GET"]}}],"collection":[{"href":"https:\/\/bracaravinum.pt\/en\/wp-json\/wp\/v2\/product"}],"about":[{"href":"https:\/\/bracaravinum.pt\/en\/wp-json\/wp\/v2\/types\/product"}],"wp:featuredmedia":[{"embeddable":true,"href":"https:\/\/bracaravinum.pt\/en\/wp-json\/wp\/v2\/media\/21579"}],"wp:attachment":[{"href":"https:\/\/bracaravinum.pt\/en\/wp-json\/wp\/v2\/media?parent=21578"}],"wp:term":[{"taxonomy":"product_brand","embeddable":true,"href":"https:\/\/bracaravinum.pt\/en\/wp-json\/wp\/v2\/product_brand?post=21578"},{"taxonomy":"product_cat","embeddable":true,"href":"https:\/\/bracaravinum.pt\/en\/wp-json\/wp\/v2\/product_cat?post=21578"},{"taxonomy":"product_tag","embeddable":true,"href":"https:\/\/bracaravinum.pt\/en\/wp-json\/wp\/v2\/product_tag?post=21578"}],"curies":[{"name":"wp","href":"https:\/\/api.w.org\/{rel}","templated":true}]}}