{"id":21508,"date":"2026-03-09T16:29:54","date_gmt":"2026-03-09T16:29:54","guid":{"rendered":"https:\/\/bracaravinum.pt\/?post_type=product&#038;p=21508"},"modified":"2026-03-09T18:16:02","modified_gmt":"2026-03-09T18:16:02","slug":"linhas-da-primavera-loureiro-branco-75cl","status":"publish","type":"product","link":"https:\/\/bracaravinum.pt\/en\/produto\/linhas-da-primavera-loureiro-branco-75cl\/","title":{"rendered":"Linhas da Primavera Loureiro Branco 2024 75cl"},"content":{"rendered":"<p><img decoding=\"async\" class=\"aligncenter\" src=\"https:\/\/www.quintaldp.com\/cdn\/shop\/files\/LDP_Logo-color.png?v=1741953471&amp;width=508\" alt=\"Sobre N\u00f3s | Quinta LDP \u2013 Paix\u00e3o pelo Vinho Verde em Guimar\u00e3es\" width=\"155\" height=\"156\" \/><\/p>\n<p>A qualidade de um vinho come\u00e7a na escolha da casta. Cada variedade traz caracter\u00edsticas \u00fanicas, influenciadas pelo solo, pelo clima e pela tradi\u00e7\u00e3o vitivin\u00edcola. No nosso terroir, selecionamos castas que expressam autenticidade e eleg\u00e2ncia, refletindo a riqueza da nossa terra em cada garrafa.<\/p>\n<p>\u00c9 com base na qualidade da mat\u00e9ria-prima que se desenvolve toda a produ\u00e7\u00e3o vin\u00edcola da Quinta Linhas de Primavera. Os padr\u00f5es definidos para a qualidade da uva s\u00e3o de grande exig\u00eancia, sendo feita uma an\u00e1lise e escolha meticulosas das parcelas (em termos de natureza do solo, relevo, exposi\u00e7\u00e3o solar), das castas utilizadas e de todos os restantes procedimentos t\u00e9cnicos de interven\u00e7\u00e3o na planta durante a produ\u00e7\u00e3o do fruto.<\/p>\n<p>Os vinhedos da Quinta Linhas da Primavera s\u00e3o o cora\u00e7\u00e3o da nossa produ\u00e7\u00e3o. Aqui, as castas Alvarinho e Loureiro prosperam sob o clima \u00fanico da regi\u00e3o, com solos f\u00e9rteis e bem drenados.<\/p>\n<p>Ao longo das esta\u00e7\u00f5es, as uvas amadurecem lentamente, absorvendo a ess\u00eancia da nossa terra. Um passeio pelos vinhedos revela a beleza das vinhas e o cuidado meticuloso com que cada cepa \u00e9 tratada, desde a poda at\u00e9 a colheita. A visita a este espa\u00e7o permite entender a conex\u00e3o profunda entre a natureza e o vinho.<\/p>","protected":false},"excerpt":{"rendered":"<p>Um vinho feito exclusivamente com uvas da casta de\u00a0Loureiro, da sub-regi\u00e3o de Ronfe, Guimar\u00e3es, onde encontra o terroir perfeito\u00a0para a produ\u00e7\u00e3o de vinhos de excelente qualidade.<\/p>\n<p>Proveniente de solos gran\u00edticos mais profundos, trata-se de um vinho pleno de eleg\u00e2ncia, frescura, resultado de um ano muito equilibrado para esta casta. Este Loureiro apresenta um aroma floral, com uma cor esverdeada e muito refrescante.<\/p>","protected":false},"featured_media":21509,"template":"","meta":{"_exactmetrics_skip_tracking":false,"_exactmetrics_sitenote_active":false,"_exactmetrics_sitenote_note":"","_exactmetrics_sitenote_category":0,"_uf_show_specific_survey":0,"_uf_disable_surveys":false,"iawp_total_views":34},"product_brand":[],"product_cat":[185,157,206],"product_tag":[],"class_list":{"0":"post-21508","1":"product","2":"type-product","3":"status-publish","4":"has-post-thumbnail","6":"product_cat-branco","7":"product_cat-vinhos","8":"product_cat-vinhos-verdes","10":"first","11":"instock","12":"shipping-taxable","13":"purchasable","14":"product-type-simple"},"_links":{"self":[{"href":"https:\/\/bracaravinum.pt\/en\/wp-json\/wp\/v2\/product\/21508","targetHints":{"allow":["GET"]}}],"collection":[{"href":"https:\/\/bracaravinum.pt\/en\/wp-json\/wp\/v2\/product"}],"about":[{"href":"https:\/\/bracaravinum.pt\/en\/wp-json\/wp\/v2\/types\/product"}],"wp:featuredmedia":[{"embeddable":true,"href":"https:\/\/bracaravinum.pt\/en\/wp-json\/wp\/v2\/media\/21509"}],"wp:attachment":[{"href":"https:\/\/bracaravinum.pt\/en\/wp-json\/wp\/v2\/media?parent=21508"}],"wp:term":[{"taxonomy":"product_brand","embeddable":true,"href":"https:\/\/bracaravinum.pt\/en\/wp-json\/wp\/v2\/product_brand?post=21508"},{"taxonomy":"product_cat","embeddable":true,"href":"https:\/\/bracaravinum.pt\/en\/wp-json\/wp\/v2\/product_cat?post=21508"},{"taxonomy":"product_tag","embeddable":true,"href":"https:\/\/bracaravinum.pt\/en\/wp-json\/wp\/v2\/product_tag?post=21508"}],"curies":[{"name":"wp","href":"https:\/\/api.w.org\/{rel}","templated":true}]}}