{"id":21484,"date":"2026-03-06T15:53:48","date_gmt":"2026-03-06T15:53:48","guid":{"rendered":"https:\/\/bracaravinum.pt\/?post_type=product&#038;p=21484"},"modified":"2026-03-06T15:53:48","modified_gmt":"2026-03-06T15:53:48","slug":"herdade-da-candeeira-superior-branco-75cl","status":"publish","type":"product","link":"https:\/\/bracaravinum.pt\/en\/product-2\/herdade-da-candeeira-superior-branco-75cl\/","title":{"rendered":"Herdade da Candeeira Superior Branco 75cl"},"content":{"rendered":"<p><img decoding=\"async\" class=\"aligncenter\" src=\"https:\/\/encrypted-tbn0.gstatic.com\/images?q=tbn:ANd9GcTVncVe2rN4VGiFjQMo55cD1mmmIRgnfmsvGw&amp;s\" alt=\"Herdade da Candeeira | Redondo\" \/>Em pleno Alentejo, na vila de Redondo, nasce uma Herdade Iluminada. A Herdade da Candeeira traz uma nova luz ao Alentejo, que junta o cl\u00e1ssico, o antigo, o esquecido e o futuro dos vinhos de Portugal. Com uma adega dotada da mais atual t\u00e9cnica de transforma\u00e7\u00e3o das uvas, promete surpresa e redescoberta.<br \/>\nVinhos de castas antigas com uma reinterpreta\u00e7\u00e3o moderna, uma combina\u00e7\u00e3o imprevis\u00edvel e arrojada, para valorizar o Redondo.<\/p>","protected":false},"excerpt":{"rendered":"<p>As nossas vinhas sentem o sol vivo da Serra d\u00b4Ossa por entre os sobreiros da Herdade da Candeeira tecendo um manto de rendas de luz que as embeleza e refresca.<\/p>\n<p>Cor citrina com laivos esverdeados, aromas citrinos, fruta de caro\u00e7o na boca. \u00c9 c\u00edtrico, fresco, bom volume de boca e acidez m\u00e9dia.<\/p>\n<p>Castas: 85% Roupeiro, 15% Ant\u00e3o Vaz<\/p>\n<p>Macera\u00e7\u00e3o pelicular durante 24h a 10 graus, fermenta\u00e7\u00e3o a 15 graus e est\u00e1gio em garrafa de 3 meses. Harmoniza com peixe no forno, carnes brancas e saladas.<\/p>","protected":false},"featured_media":21485,"template":"","meta":{"_exactmetrics_skip_tracking":false,"_exactmetrics_sitenote_active":false,"_exactmetrics_sitenote_note":"","_exactmetrics_sitenote_category":0,"_uf_show_specific_survey":0,"_uf_disable_surveys":false,"iawp_total_views":2},"product_brand":[],"product_cat":[189,185,157],"product_tag":[],"class_list":{"0":"post-21484","1":"product","2":"type-product","3":"status-publish","4":"has-post-thumbnail","6":"product_cat-alentejo-branco","7":"product_cat-branco","8":"product_cat-vinhos","10":"first","11":"instock","12":"shipping-taxable","13":"purchasable","14":"product-type-simple"},"_links":{"self":[{"href":"https:\/\/bracaravinum.pt\/en\/wp-json\/wp\/v2\/product\/21484","targetHints":{"allow":["GET"]}}],"collection":[{"href":"https:\/\/bracaravinum.pt\/en\/wp-json\/wp\/v2\/product"}],"about":[{"href":"https:\/\/bracaravinum.pt\/en\/wp-json\/wp\/v2\/types\/product"}],"wp:featuredmedia":[{"embeddable":true,"href":"https:\/\/bracaravinum.pt\/en\/wp-json\/wp\/v2\/media\/21485"}],"wp:attachment":[{"href":"https:\/\/bracaravinum.pt\/en\/wp-json\/wp\/v2\/media?parent=21484"}],"wp:term":[{"taxonomy":"product_brand","embeddable":true,"href":"https:\/\/bracaravinum.pt\/en\/wp-json\/wp\/v2\/product_brand?post=21484"},{"taxonomy":"product_cat","embeddable":true,"href":"https:\/\/bracaravinum.pt\/en\/wp-json\/wp\/v2\/product_cat?post=21484"},{"taxonomy":"product_tag","embeddable":true,"href":"https:\/\/bracaravinum.pt\/en\/wp-json\/wp\/v2\/product_tag?post=21484"}],"curies":[{"name":"wp","href":"https:\/\/api.w.org\/{rel}","templated":true}]}}