{"id":21397,"date":"2026-02-24T16:58:04","date_gmt":"2026-02-24T16:58:04","guid":{"rendered":"https:\/\/bracaravinum.pt\/?post_type=product&#038;p=21397"},"modified":"2026-02-24T16:58:04","modified_gmt":"2026-02-24T16:58:04","slug":"duorum-o-leurura-tinto-75cl","status":"publish","type":"product","link":"https:\/\/bracaravinum.pt\/en\/produto\/duorum-o-leurura-tinto-75cl\/","title":{"rendered":"Duorum O.Leurura Tinto 75cl"},"content":{"rendered":"<p>&nbsp;<\/p>\n<p><img decoding=\"async\" class=\"aligncenter\" src=\"https:\/\/garrafeirapepe.pt\/wp-content\/uploads\/2023\/07\/Duorom.png\" alt=\"Duorum - Garrafeira Pepe\" width=\"183\" height=\"183\" \/><\/p>\n<p>A &#8220;Duorum&#8221; nasce em janeiro de 2007, um projeto assente no compromisso com a biodiversidade, sustentabilidade e desenvolvimento rural. Foi com estes pilares que se moldou a sua ess\u00eancia, transformando v\u00e1rios peda\u00e7os de terra e um plano no papel, numa realidade vitivin\u00edcola internacional. As vinhas da Duorum est\u00e3o localizadas na regi\u00e3o do Douro Superior, um terroir excecional e protegido, erguido em socalcos com diferentes altitudes, entre 150-500 metros, apenas com castas aut\u00f3ctones.<\/p>\n<p>Tanto a adega como as vinhas encontram-se inseridas na Regi\u00e3o Demarcada do Douro, uma das mais antigas do Mundo e cujo valor paisag\u00edstico e cultural foi reconhecido pela UNESCO como Patrim\u00f3nio da Humanidade. Adicionalmente, as propriedades da Duorum encontram-se em dois locais que integram a Rede Europeia de Conserva\u00e7\u00e3o da Natureza (Rede Natura 2000), a Zona de Prote\u00e7\u00e3o Especial para Aves do Douro Internacional e Vale do \u00c1gueda e o S\u00edtio de Import\u00e2ncia Comunit\u00e1ria do Douro Internacional.<\/p>\n<p>A conduta ambiental e vit\u00edcola assumida pela DUORUM levou ao reconhecimento do ICNB (Instituto para a Conserva\u00e7\u00e3o da Natureza e Biodiversidade) e \u00e0 sua consequente ades\u00e3o \u00e0 iniciativa europeia Business &amp; Biodiversity, uma rede internacional de empresas que integra na sua atividade preocupa\u00e7\u00f5es com a natureza e a biodiversidade. Este compromisso tornou-se uma ferramenta imprescind\u00edvel para atingir os elevados padr\u00f5es de exig\u00eancia ambiental estabelecidos pela DUORUM.<\/p>","protected":false},"excerpt":{"rendered":"<p>Mostra perfeita conjuga\u00e7\u00e3o entre poder e eleg\u00e2ncia, com distinta finura arom\u00e1tica, embora ainda fechado, muito tenso e sisudo, parecendo precisar de mais tempo. Mant\u00e9m o estilo da marca, um Douro de perfil cl\u00e1ssico, firme, com muita especiaria, esteva, alecrim, fruta madura, tanino s\u00f3lido muito bem envolvido pelo corpo cheio, bel\u00edssima frescura de boca, not\u00e1vel equil\u00edbrio e presen\u00e7a.<\/p>","protected":false},"featured_media":21398,"template":"","meta":{"_exactmetrics_skip_tracking":false,"_exactmetrics_sitenote_active":false,"_exactmetrics_sitenote_note":"","_exactmetrics_sitenote_category":0,"_uf_show_specific_survey":0,"_uf_disable_surveys":false,"iawp_total_views":10},"product_brand":[],"product_cat":[215,184,157],"product_tag":[],"class_list":{"0":"post-21397","1":"product","2":"type-product","3":"status-publish","4":"has-post-thumbnail","6":"product_cat-douro","7":"product_cat-tinto","8":"product_cat-vinhos","10":"first","11":"instock","12":"shipping-taxable","13":"purchasable","14":"product-type-simple"},"_links":{"self":[{"href":"https:\/\/bracaravinum.pt\/en\/wp-json\/wp\/v2\/product\/21397","targetHints":{"allow":["GET"]}}],"collection":[{"href":"https:\/\/bracaravinum.pt\/en\/wp-json\/wp\/v2\/product"}],"about":[{"href":"https:\/\/bracaravinum.pt\/en\/wp-json\/wp\/v2\/types\/product"}],"wp:featuredmedia":[{"embeddable":true,"href":"https:\/\/bracaravinum.pt\/en\/wp-json\/wp\/v2\/media\/21398"}],"wp:attachment":[{"href":"https:\/\/bracaravinum.pt\/en\/wp-json\/wp\/v2\/media?parent=21397"}],"wp:term":[{"taxonomy":"product_brand","embeddable":true,"href":"https:\/\/bracaravinum.pt\/en\/wp-json\/wp\/v2\/product_brand?post=21397"},{"taxonomy":"product_cat","embeddable":true,"href":"https:\/\/bracaravinum.pt\/en\/wp-json\/wp\/v2\/product_cat?post=21397"},{"taxonomy":"product_tag","embeddable":true,"href":"https:\/\/bracaravinum.pt\/en\/wp-json\/wp\/v2\/product_tag?post=21397"}],"curies":[{"name":"wp","href":"https:\/\/api.w.org\/{rel}","templated":true}]}}