{"id":21395,"date":"2026-02-24T16:53:24","date_gmt":"2026-02-24T16:53:24","guid":{"rendered":"https:\/\/bracaravinum.pt\/?post_type=product&#038;p=21395"},"modified":"2026-02-24T16:54:25","modified_gmt":"2026-02-24T16:54:25","slug":"tequila-don-julio-1942-70cl","status":"publish","type":"product","link":"https:\/\/bracaravinum.pt\/en\/product-2\/tequila-don-julio-1942-70cl\/","title":{"rendered":"Tequila Don Julio 1942 70cl"},"content":{"rendered":"<p><img fetchpriority=\"high\" decoding=\"async\" class=\"aligncenter\" src=\"https:\/\/1000logos.net\/wp-content\/uploads\/2023\/10\/Don-Julio-Logo.png\" alt=\"Don Julio Logo and symbol, meaning, history, PNG, brand\" width=\"448\" height=\"252\" \/><\/p>\n<p>A lenda come\u00e7a em 1942, quando o jovem Don Julio Gonz\u00e1lez vislumbra uma oportunidade \u00fanica na produ\u00e7\u00e3o de tequila. Ele n\u00e3o possu\u00eda muitos bens, mas tinha um sonho e a dedica\u00e7\u00e3o singular necess\u00e1ria para torn\u00e1-lo realidade.<\/p>\n<p>Ap\u00f3s compartilhar sua vis\u00e3o com um empres\u00e1rio local, ele conseguiu um empr\u00e9stimo para abrir sua primeira destilaria de tequila, La Primavera, nas terras altas de Jalisco.<\/p>\n<p>Pelos quarenta anos seguintes, Don Julio Gonz\u00e1lez dedicou sua vida a produzir a melhor tequila do mundo. Todos os dias, acordava cedo para caminhar pelos campos de agave, cortando a grama ao redor de cada planta para proteg\u00ea-la. Com um coa na m\u00e3o, extra\u00eda o sabor de cada pi\u00f1a, equilibrando com maestria o amargor e o do\u00e7ura das folhas de cada agave. E quando chegava a hora da colheita, colhia cada planta individualmente, selecionando apenas os agaves em seu ponto ideal de matura\u00e7\u00e3o e sa\u00fade.<\/p>","protected":false},"excerpt":{"rendered":"<p>Celebrado em bares de cocktails exclusivos, restaurantes e casas noturnas, o ic\u00f4nico Don Julio 1942 Tequila \u00e9 a escolha dos conhecedores de todo o mundo. Produzido em pequenos lotes e envelhecido por um m\u00ednimo de dois anos e meio, Don Julio 1942 Tequila \u00e9 feito \u00e0 m\u00e3o em homenagem ao ano em que Don Julio Gonz\u00e1lez iniciou sua jornada de fabrica\u00e7\u00e3o de tequila.<\/p>","protected":false},"featured_media":21396,"template":"","meta":{"_exactmetrics_skip_tracking":false,"_exactmetrics_sitenote_active":false,"_exactmetrics_sitenote_note":"","_exactmetrics_sitenote_category":0,"_uf_show_specific_survey":0,"_uf_disable_surveys":false,"iawp_total_views":12},"product_brand":[],"product_cat":[158,199],"product_tag":[],"class_list":{"0":"post-21395","1":"product","2":"type-product","3":"status-publish","4":"has-post-thumbnail","6":"product_cat-espirituosos","7":"product_cat-tequilla","9":"first","10":"instock","11":"shipping-taxable","12":"purchasable","13":"product-type-simple"},"_links":{"self":[{"href":"https:\/\/bracaravinum.pt\/en\/wp-json\/wp\/v2\/product\/21395","targetHints":{"allow":["GET"]}}],"collection":[{"href":"https:\/\/bracaravinum.pt\/en\/wp-json\/wp\/v2\/product"}],"about":[{"href":"https:\/\/bracaravinum.pt\/en\/wp-json\/wp\/v2\/types\/product"}],"wp:featuredmedia":[{"embeddable":true,"href":"https:\/\/bracaravinum.pt\/en\/wp-json\/wp\/v2\/media\/21396"}],"wp:attachment":[{"href":"https:\/\/bracaravinum.pt\/en\/wp-json\/wp\/v2\/media?parent=21395"}],"wp:term":[{"taxonomy":"product_brand","embeddable":true,"href":"https:\/\/bracaravinum.pt\/en\/wp-json\/wp\/v2\/product_brand?post=21395"},{"taxonomy":"product_cat","embeddable":true,"href":"https:\/\/bracaravinum.pt\/en\/wp-json\/wp\/v2\/product_cat?post=21395"},{"taxonomy":"product_tag","embeddable":true,"href":"https:\/\/bracaravinum.pt\/en\/wp-json\/wp\/v2\/product_tag?post=21395"}],"curies":[{"name":"wp","href":"https:\/\/api.w.org\/{rel}","templated":true}]}}