{"id":21376,"date":"2026-02-24T16:17:52","date_gmt":"2026-02-24T16:17:52","guid":{"rendered":"https:\/\/bracaravinum.pt\/?post_type=product&#038;p=21376"},"modified":"2026-02-24T16:17:52","modified_gmt":"2026-02-24T16:17:52","slug":"casa-de-santar-reserva-tinto-75cl","status":"publish","type":"product","link":"https:\/\/bracaravinum.pt\/en\/product-2\/casa-de-santar-reserva-tinto-75cl\/","title":{"rendered":"Casa de Santar Reserva Tinto 75cl"},"content":{"rendered":"<p><img decoding=\"async\" class=\"aligncenter\" src=\"https:\/\/casadesantar.pt\/wp-content\/uploads\/2024\/03\/Logotipo_CASA-DE-SANTAR_Cores-Negativo.png\" alt=\"Casa de Santar\" width=\"209\" height=\"207\" \/><\/p>\n<p>A Casa de Santar \u00e9 a mais emblem\u00e1tica propriedade vin\u00edcola do D\u00e3o, pela sua hist\u00f3ria, dimens\u00e3o e prest\u00edgio dos seus vinhos. Os vinhos desta casa distinguem-se pela tradi\u00e7\u00e3o, autenticidade e nobreza, argumentos que tornam esta marca do D\u00e3o t\u00e3o especial e reconhecida pela sua hist\u00f3ria de mais de 200 anos. A Casa de Santar possui a maior vinha cont\u00ednua do D\u00e3o, com 103 hectares, dos quais 90 de castas tintas e 13 de uvas brancas. \u00c9 esta imensid\u00e3o de vinha que est\u00e1 na origem dos mais elegantes vinhos de Portugal, que t\u00eam conseguido conquistar as mais altas pontua\u00e7\u00f5es e pr\u00e9mios junto dos cr\u00edticos nacionais e internacionais. Vinhos \u00fanicos e inimit\u00e1veis.<\/p>","protected":false},"excerpt":{"rendered":"<p>Cor rubi, t\u00edpica da vinifica\u00e7\u00e3o de uvas tintas, apresenta notas de frutos vermelhos com um final frutado e intenso.<\/p>","protected":false},"featured_media":21377,"template":"","meta":{"_exactmetrics_skip_tracking":false,"_exactmetrics_sitenote_active":false,"_exactmetrics_sitenote_note":"","_exactmetrics_sitenote_category":0,"_uf_show_specific_survey":0,"_uf_disable_surveys":false,"iawp_total_views":0},"product_brand":[],"product_cat":[187,184,157],"product_tag":[],"class_list":{"0":"post-21376","1":"product","2":"type-product","3":"status-publish","4":"has-post-thumbnail","6":"product_cat-dao-tinto","7":"product_cat-tinto","8":"product_cat-vinhos","10":"first","11":"instock","12":"shipping-taxable","13":"purchasable","14":"product-type-simple"},"_links":{"self":[{"href":"https:\/\/bracaravinum.pt\/en\/wp-json\/wp\/v2\/product\/21376","targetHints":{"allow":["GET"]}}],"collection":[{"href":"https:\/\/bracaravinum.pt\/en\/wp-json\/wp\/v2\/product"}],"about":[{"href":"https:\/\/bracaravinum.pt\/en\/wp-json\/wp\/v2\/types\/product"}],"wp:featuredmedia":[{"embeddable":true,"href":"https:\/\/bracaravinum.pt\/en\/wp-json\/wp\/v2\/media\/21377"}],"wp:attachment":[{"href":"https:\/\/bracaravinum.pt\/en\/wp-json\/wp\/v2\/media?parent=21376"}],"wp:term":[{"taxonomy":"product_brand","embeddable":true,"href":"https:\/\/bracaravinum.pt\/en\/wp-json\/wp\/v2\/product_brand?post=21376"},{"taxonomy":"product_cat","embeddable":true,"href":"https:\/\/bracaravinum.pt\/en\/wp-json\/wp\/v2\/product_cat?post=21376"},{"taxonomy":"product_tag","embeddable":true,"href":"https:\/\/bracaravinum.pt\/en\/wp-json\/wp\/v2\/product_tag?post=21376"}],"curies":[{"name":"wp","href":"https:\/\/api.w.org\/{rel}","templated":true}]}}