{"id":21342,"date":"2026-02-24T12:54:52","date_gmt":"2026-02-24T12:54:52","guid":{"rendered":"https:\/\/bracaravinum.pt\/?post_type=product&#038;p=21342"},"modified":"2026-02-24T12:56:59","modified_gmt":"2026-02-24T12:56:59","slug":"quinta-do-vallado-adelaide-tinto-tinto-75cl","status":"publish","type":"product","link":"https:\/\/bracaravinum.pt\/en\/produto\/quinta-do-vallado-adelaide-tinto-tinto-75cl\/","title":{"rendered":"Quinta do Vallado Adelaide Tinto Tinto 75cl"},"content":{"rendered":"<p><img fetchpriority=\"high\" decoding=\"async\" class=\"size-medium wp-image-15837 aligncenter\" src=\"http:\/\/bracaravinum.pt\/wp-content\/uploads\/2020\/03\/logo-vallado-300x298.jpg\" alt=\"\" width=\"300\" height=\"298\" srcset=\"https:\/\/bracaravinum.pt\/wp-content\/uploads\/2020\/03\/logo-vallado-300x298.jpg 300w, https:\/\/bracaravinum.pt\/wp-content\/uploads\/2020\/03\/logo-vallado-1024x1019.jpg 1024w, https:\/\/bracaravinum.pt\/wp-content\/uploads\/2020\/03\/logo-vallado-150x150.jpg 150w, https:\/\/bracaravinum.pt\/wp-content\/uploads\/2020\/03\/logo-vallado-768x764.jpg 768w, https:\/\/bracaravinum.pt\/wp-content\/uploads\/2020\/03\/logo-vallado-1536x1528.jpg 1536w, https:\/\/bracaravinum.pt\/wp-content\/uploads\/2020\/03\/logo-vallado-12x12.jpg 12w, https:\/\/bracaravinum.pt\/wp-content\/uploads\/2020\/03\/logo-vallado-600x597.jpg 600w, https:\/\/bracaravinum.pt\/wp-content\/uploads\/2020\/03\/logo-vallado-100x100.jpg 100w, https:\/\/bracaravinum.pt\/wp-content\/uploads\/2020\/03\/logo-vallado.jpg 1938w\" sizes=\"(max-width: 300px) 100vw, 300px\" \/><\/p>\n<p>A Quinta do Vallado, constru\u00edda em 1716, \u00e9 uma das quintas mais antigas e famosas do Vale do Douro.<\/p>\n<p>Situa-se nas margens do Rio Corgo, um afluente do Rio Douro, mesmo junto \u00e0 sua foz, perto da localidade de Peso da R\u00e9gua.<\/p>\n<p>Pertenceu \u00e0 fam\u00edlia da lend\u00e1ria Dona Ant\u00f3nia Adelaide Ferreira, mantendo-se at\u00e9 hoje na posse dos seus descendentes.<\/p>","protected":false},"excerpt":{"rendered":"<p>Em 1999, numa das muitas viagens de explora\u00e7\u00e3o de vinhas velhas pelo Douro e seus afluentes, Jo\u00e3o Ferreira \u00c1lvares Ribeiro, Francisco Ferreira e Francisco Olazabal descobriram, num barranco de dif\u00edcil acesso, no Rio Torto, um dos afluentes do Douro, um talh\u00e3o de vinhas centen\u00e1rias. N\u00e3o \u00e9 caso isolado. H\u00e1 muitas vinhas velhas espalhadas pelo Douro, umas boas, outras menos boas, outras absolutamente sublimes. Em qualquer caso \u00e9 um patrim\u00f3nio vivo, testemunho de saberes e pr\u00e1ticas seculares.<\/p>\n<p>Deste talh\u00e3o nasceu o Adelaide: uma mistura de mais de 30 castas, como era tradi\u00e7\u00e3o nos s\u00e9culos passados. As videiras s\u00e3o esfor\u00e7adas e n\u00e3o d\u00e3o mais de quatrocentos gramas de fruta, o que resulta sempre em pouqu\u00edssimo vinho &#8211; nunca mais de 4.000 garrafas.<\/p>\n<p>Mas o Adelaide s\u00f3 \u00e9 declarado e comercializado em anos excecionais, quando os tr\u00eas tetranetos est\u00e3o de acordo em que o vinho est\u00e1 pronto para os palatos do mundo. O vinho repousa em barricas de carvalho franc\u00eas Allier durante vinte meses&#8230; Depois \u00e9 engarrafado e espera. Por uma prova. Que decide se o vinho do talh\u00e3o do Rio Torto \u00e9 digno do nome \u201cAdelaide\u201d.<\/p>","protected":false},"featured_media":21343,"template":"","meta":{"_exactmetrics_skip_tracking":false,"_exactmetrics_sitenote_active":false,"_exactmetrics_sitenote_note":"","_exactmetrics_sitenote_category":0,"_uf_show_specific_survey":0,"_uf_disable_surveys":false,"iawp_total_views":0},"product_brand":[],"product_cat":[215,184,157],"product_tag":[],"class_list":{"0":"post-21342","1":"product","2":"type-product","3":"status-publish","4":"has-post-thumbnail","6":"product_cat-douro","7":"product_cat-tinto","8":"product_cat-vinhos","10":"first","11":"instock","12":"shipping-taxable","13":"purchasable","14":"product-type-simple"},"_links":{"self":[{"href":"https:\/\/bracaravinum.pt\/en\/wp-json\/wp\/v2\/product\/21342","targetHints":{"allow":["GET"]}}],"collection":[{"href":"https:\/\/bracaravinum.pt\/en\/wp-json\/wp\/v2\/product"}],"about":[{"href":"https:\/\/bracaravinum.pt\/en\/wp-json\/wp\/v2\/types\/product"}],"wp:featuredmedia":[{"embeddable":true,"href":"https:\/\/bracaravinum.pt\/en\/wp-json\/wp\/v2\/media\/21343"}],"wp:attachment":[{"href":"https:\/\/bracaravinum.pt\/en\/wp-json\/wp\/v2\/media?parent=21342"}],"wp:term":[{"taxonomy":"product_brand","embeddable":true,"href":"https:\/\/bracaravinum.pt\/en\/wp-json\/wp\/v2\/product_brand?post=21342"},{"taxonomy":"product_cat","embeddable":true,"href":"https:\/\/bracaravinum.pt\/en\/wp-json\/wp\/v2\/product_cat?post=21342"},{"taxonomy":"product_tag","embeddable":true,"href":"https:\/\/bracaravinum.pt\/en\/wp-json\/wp\/v2\/product_tag?post=21342"}],"curies":[{"name":"wp","href":"https:\/\/api.w.org\/{rel}","templated":true}]}}