{"id":21299,"date":"2026-02-23T16:35:12","date_gmt":"2026-02-23T16:35:12","guid":{"rendered":"https:\/\/bracaravinum.pt\/?post_type=product&#038;p=21299"},"modified":"2026-02-23T16:37:15","modified_gmt":"2026-02-23T16:37:15","slug":"herdade-dos-grous-reserva-branco-75cl","status":"publish","type":"product","link":"https:\/\/bracaravinum.pt\/en\/product-2\/herdade-dos-grous-reserva-branco-75cl\/","title":{"rendered":"Herdade dos Grous Reserva Branco 75cl"},"content":{"rendered":"<p><img fetchpriority=\"high\" decoding=\"async\" class=\"aligncenter\" src=\"https:\/\/www.vinhosdoalentejo.pt\/media\/produtores\/herdade-grous-logo.jpg\" alt=\"Herdade dos Grous - CVRA\" width=\"338\" height=\"210\" \/><\/p>\n<p>Localizada no Alentejo a apenas 170 quil\u00f3metros de Lisboa, perto de Beja capital do baixo Alentejo, encontramos a Herdade dos Grous.\u00a0A Herdade nasce em 2004, na maior prov\u00edncia de Portugal, com o seu caracter\u00edstico clima Continental de influ\u00eancias mediterr\u00e2nicas, encontraram as condi\u00e7\u00f5es ideais para a produ\u00e7\u00e3o de grandes vinhos. Numa extens\u00e3o de 1100 hectares podemos descobrir os vinhos, gastronomia e Enoturismo da mais alt\u00edssima qualidade, proporcionando uma experi\u00eancia \u00fanica e memor\u00e1vel a quem nos visita.<\/p>","protected":false},"excerpt":{"rendered":"<p>Cor dourada. Aroma intenso de p\u00eassegos e lima complexado com baunilha de carvalho. O paladar \u00e9 rico em fruta, mineral e com acidez bem equilibrada.<\/p>","protected":false},"featured_media":21300,"template":"","meta":{"_exactmetrics_skip_tracking":false,"_exactmetrics_sitenote_active":false,"_exactmetrics_sitenote_note":"","_exactmetrics_sitenote_category":0,"_uf_show_specific_survey":0,"_uf_disable_surveys":false,"iawp_total_views":1},"product_brand":[],"product_cat":[189,185,157],"product_tag":[],"class_list":{"0":"post-21299","1":"product","2":"type-product","3":"status-publish","4":"has-post-thumbnail","6":"product_cat-alentejo-branco","7":"product_cat-branco","8":"product_cat-vinhos","10":"first","11":"instock","12":"shipping-taxable","13":"purchasable","14":"product-type-simple"},"_links":{"self":[{"href":"https:\/\/bracaravinum.pt\/en\/wp-json\/wp\/v2\/product\/21299","targetHints":{"allow":["GET"]}}],"collection":[{"href":"https:\/\/bracaravinum.pt\/en\/wp-json\/wp\/v2\/product"}],"about":[{"href":"https:\/\/bracaravinum.pt\/en\/wp-json\/wp\/v2\/types\/product"}],"wp:featuredmedia":[{"embeddable":true,"href":"https:\/\/bracaravinum.pt\/en\/wp-json\/wp\/v2\/media\/21300"}],"wp:attachment":[{"href":"https:\/\/bracaravinum.pt\/en\/wp-json\/wp\/v2\/media?parent=21299"}],"wp:term":[{"taxonomy":"product_brand","embeddable":true,"href":"https:\/\/bracaravinum.pt\/en\/wp-json\/wp\/v2\/product_brand?post=21299"},{"taxonomy":"product_cat","embeddable":true,"href":"https:\/\/bracaravinum.pt\/en\/wp-json\/wp\/v2\/product_cat?post=21299"},{"taxonomy":"product_tag","embeddable":true,"href":"https:\/\/bracaravinum.pt\/en\/wp-json\/wp\/v2\/product_tag?post=21299"}],"curies":[{"name":"wp","href":"https:\/\/api.w.org\/{rel}","templated":true}]}}