{"id":21181,"date":"2026-02-11T14:48:02","date_gmt":"2026-02-11T14:48:02","guid":{"rendered":"https:\/\/bracaravinum.pt\/?post_type=product&#038;p=21181"},"modified":"2026-02-11T14:48:02","modified_gmt":"2026-02-11T14:48:02","slug":"casa-ermelinda-ferreira-colheita-tardia-50cl","status":"publish","type":"product","link":"https:\/\/bracaravinum.pt\/en\/product-2\/casa-ermelinda-ferreira-colheita-tardia-50cl\/","title":{"rendered":"Casa Ermelinda Ferreira Colheita Tardia 50cl"},"content":{"rendered":"<p><img decoding=\"async\" class=\"size-medium wp-image-15056 aligncenter\" src=\"http:\/\/bracaravinum.pt\/wp-content\/uploads\/2022\/02\/casa-ermelinda-freitas-logo-300x115.png\" alt=\"\" width=\"300\" height=\"115\" srcset=\"https:\/\/bracaravinum.pt\/wp-content\/uploads\/2022\/02\/casa-ermelinda-freitas-logo-300x115.png 300w, https:\/\/bracaravinum.pt\/wp-content\/uploads\/2022\/02\/casa-ermelinda-freitas-logo.png 340w\" sizes=\"(max-width: 300px) 100vw, 300px\" \/><\/p>\n<p>The company, started in 1920 by Deonilde Freitas, continued by Germana Freitas and later by Ermelinda Freitas, has always paid special attention to wine. Due to the early disappearance of her husband, Manuel Jo\u00e3o de Freitas, Ermelinda continued the company with the collaboration of her only daughter, Leonor, who, although with training outside the wine sector, took the leadership of the company, thus reinforcing the female presence in its management.<\/p>\n<p>Since the first generation, this house has focused on the quality of its vineyards and wines, which were initially produced and sold in bulk without its own brand. It was with the current management that the big change of creating our own brands took place. Thus, in 1997, a new cycle began with the red \u201cTerras do P\u00f3\u201d, the first wine produced and bottled by Casa Ermelinda Freitas.<\/p>\n<p>Big Milestones<\/p>\n<div id=\"text\" class=\"scroll\">\n<p>For her work, Leonor Freitas was awarded on June 10, 2009 with the Order of Agricultural, Commercial and Industrial Merit Class of Agricultural Merit Commander by His Excellency the President of the Republic An\u00edbal Cavaco Silva.<\/p>\n<\/div>\n<div class=\"jScrollPaneTrack\">\n<div class=\"jScrollPaneDrag\"><\/div>\n<\/div>","protected":false},"excerpt":{"rendered":"<p>Casa Ermelinda Freitas &#8211; Colheita tardia Uvas colhidas &#8220;bago a bago&#8221;, rigorosamente selecionadas contaminadas com Botritis Cinerea (Podrid\u00e3o cinzenta ou Nobre), fermentadas em barrica de carvalho franc\u00eas a temperaturas baixas durante semanas para reter todos os aromas e sabores t\u00edpicos.<\/p>","protected":false},"featured_media":21183,"template":"","meta":{"_exactmetrics_skip_tracking":false,"_exactmetrics_sitenote_active":false,"_exactmetrics_sitenote_note":"","_exactmetrics_sitenote_category":0,"_uf_show_specific_survey":0,"_uf_disable_surveys":false,"iawp_total_views":1},"product_brand":[],"product_cat":[165,157],"product_tag":[],"class_list":{"0":"post-21181","1":"product","2":"type-product","3":"status-publish","4":"has-post-thumbnail","6":"product_cat-colheita-tardia","7":"product_cat-vinhos","9":"first","10":"instock","11":"shipping-taxable","12":"purchasable","13":"product-type-simple"},"_links":{"self":[{"href":"https:\/\/bracaravinum.pt\/en\/wp-json\/wp\/v2\/product\/21181","targetHints":{"allow":["GET"]}}],"collection":[{"href":"https:\/\/bracaravinum.pt\/en\/wp-json\/wp\/v2\/product"}],"about":[{"href":"https:\/\/bracaravinum.pt\/en\/wp-json\/wp\/v2\/types\/product"}],"wp:featuredmedia":[{"embeddable":true,"href":"https:\/\/bracaravinum.pt\/en\/wp-json\/wp\/v2\/media\/21183"}],"wp:attachment":[{"href":"https:\/\/bracaravinum.pt\/en\/wp-json\/wp\/v2\/media?parent=21181"}],"wp:term":[{"taxonomy":"product_brand","embeddable":true,"href":"https:\/\/bracaravinum.pt\/en\/wp-json\/wp\/v2\/product_brand?post=21181"},{"taxonomy":"product_cat","embeddable":true,"href":"https:\/\/bracaravinum.pt\/en\/wp-json\/wp\/v2\/product_cat?post=21181"},{"taxonomy":"product_tag","embeddable":true,"href":"https:\/\/bracaravinum.pt\/en\/wp-json\/wp\/v2\/product_tag?post=21181"}],"curies":[{"name":"wp","href":"https:\/\/api.w.org\/{rel}","templated":true}]}}