{"id":21149,"date":"2026-02-09T14:54:15","date_gmt":"2026-02-09T14:54:15","guid":{"rendered":"https:\/\/bracaravinum.pt\/?post_type=product&#038;p=21149"},"modified":"2026-02-09T14:56:43","modified_gmt":"2026-02-09T14:56:43","slug":"quinta-da-romaneira-malhadal-syrah-tinto-2020-75cl","status":"publish","type":"product","link":"https:\/\/bracaravinum.pt\/en\/product-2\/quinta-da-romaneira-malhadal-syrah-tinto-2020-75cl\/","title":{"rendered":"Quinta da Romaneira Malhadal Syrah Tinto 2020 75cl"},"content":{"rendered":"<p><img fetchpriority=\"high\" decoding=\"async\" class=\"size-full wp-image-15052 aligncenter\" src=\"http:\/\/bracaravinum.pt\/wp-content\/uploads\/2022\/02\/romaneira-logo.png\" alt=\"\" width=\"290\" height=\"174\" \/><\/p>\n<p>18th &amp; 19th CENTURIES<br \/>\nIn 1757, at the time of the Pombaline demarcations, there were already parcels of vineyards as well as some of the Quintas that would become part of Romaneira. Thus, 1757 is only the year of the Quinta&#039;s official registration (made during the demarcations decided by the Marqu\u00eas de Pombal), since the vineyards would have already been planted a few decades earlier.<br \/>\nFather Vila\u00e7a Bacelar inherited the lands of Romaneira in 1844 and it did not go unnoticed by Joseph James Forrester when he created his engraving of Rua Nova dos Ingleses (today, Rua Infante D. Henrique). The priest is among the few Portuguese figures residing in Porto to be portrayed, obviously accompanied by numerous English people. Interestingly, since 2011, Romaneira has had its commercial office on that same street in the city of Porto.<br \/>\nRomaneira also appears on the famous Map of Baron de Forrester, from 1843, under the name \u201cQuinta dos Reis\u201d. The abundance of Rosmaninho later gave the property its current name.<\/p>\n<p>Still in the 19th century, Joaquim de Souza Guimar\u00e3es (whose initials are present at the top of the gate of one of the Quinta&#039;s houses, with the date 1854) had the glory of having produced the Port wines of 1861 and 1863, which the famous English auction house \u201cChristie&#039;s\u201d bid in 1872. It was a clear indication of the brand&#039;s prestige, considering it was the first \u201cSingle Quinta\u201d Port to be auctioned there.<br \/>\nThere are several mentions of the property in works by great 19th century authors, such as Henry Vizetelly, who dedicated himself to the study of Port Wine. The Viscount of Vila Maior also classifies Romaneira wine as \u201cone of the best in the Douro, notable for its smoothness, body and aroma\u201d. The same Viscount assumed that the \u201cTempranillo\u201d grape variety was originally imported from Spain and introduced for the first time in the Douro in Romaneira, later being nicknamed \u201cTinta Roriz\u201d in the region.<\/p>\n<p>20TH CENTURY<br \/>\nIn 1942, Arnaldo Dias Monteiro de Barrros would buy Romaneira, integrating several neighboring farms that he had acquired in the meantime, which made Romaneira a gigantic property (by Douro standards).<\/p>\n<p>XXI CENTURY<br \/>\nIn 2004, Christian Seely (responsible, since 1993, for the revival of another distinguished Douro property, Quinta do Noval) turned his dream into reality, bringing together a group of investors (mostly French) to enable the acquisition of Romaneira, a property with 412 hectares and more than 3 kilometers of river front.<a name=\"_Hlk480082601\"><\/a><br \/>\nAt the end of 2012, Romaneira would have Andr\u00e9 Esteves as a partner, a Brazilian businessman, also passionate about the Douro region. With the two partners sharing the same dream, the Quinta is consolidating itself in the elite group of the Douro. Quinta da Romaneira is today, after more than 260 years of existence, at its best. Many of the vineyard plots continue to bear the name of the old pre-phylloxeric Quintas that gave rise to the property in its current extension: Liceiras, Carrapata, Malhadal, Barca, Bairral and Pulga \u2013 most of them classified in the Pombaline demarcations of 1757 as producers of \u201cVinho de Feitoria\u201d (the highest quality at that time \u2013 with export capacity through Feitoria Inglesa do Porto).<\/p>","protected":false},"excerpt":{"rendered":"<p>Fermentado em cubas de a\u00e7o inoxid\u00e1vel durante 7 dias onde depois \u00e9 feita a fermenta\u00e7\u00e3o malol\u00e1ctica.<\/p>\n<p>Este vinho estagiou durante 10 meses em barricas de carvalho franc\u00eas: 20% em madeira nova, 10% em barricas de um ano e o restante em barricas de dois anos. Esta combina\u00e7\u00e3o cria um perfil de sabor equilibrado e complexo, com subtis notas de carvalho.<\/p>\n<p>De cor violeta, este Syrah apresenta aromas muito intensos de morango, laranja e flores silvestres. Na boca, revela-se fresco, com taninos polidos, textura sedosa e um final marcante. O seu perfil arom\u00e1tico \u00e9 delicioso, com um excelente equil\u00edbrio estrutural e repleto de sabores intensos de frutas e especiarias que se fundem com os taninos aveludados, proporcionando uma sensa\u00e7\u00e3o de grande finesse. Esta combina\u00e7\u00e3o harmoniosa de frescura, riqueza frutada e taninos suaves cria uma experi\u00eancia gustativa elegante e envolvente, resultando num vinho de car\u00e1ter sofisticado e final prolongado.<\/p>\n<p>100% Petit Verdot.<\/p>","protected":false},"featured_media":21150,"template":"","meta":{"_exactmetrics_skip_tracking":false,"_exactmetrics_sitenote_active":false,"_exactmetrics_sitenote_note":"","_exactmetrics_sitenote_category":0,"_uf_show_specific_survey":0,"_uf_disable_surveys":false,"iawp_total_views":1},"product_brand":[],"product_cat":[215,184,157],"product_tag":[],"class_list":{"0":"post-21149","1":"product","2":"type-product","3":"status-publish","4":"has-post-thumbnail","6":"product_cat-douro","7":"product_cat-tinto","8":"product_cat-vinhos","10":"first","11":"instock","12":"shipping-taxable","13":"purchasable","14":"product-type-simple"},"_links":{"self":[{"href":"https:\/\/bracaravinum.pt\/en\/wp-json\/wp\/v2\/product\/21149","targetHints":{"allow":["GET"]}}],"collection":[{"href":"https:\/\/bracaravinum.pt\/en\/wp-json\/wp\/v2\/product"}],"about":[{"href":"https:\/\/bracaravinum.pt\/en\/wp-json\/wp\/v2\/types\/product"}],"wp:featuredmedia":[{"embeddable":true,"href":"https:\/\/bracaravinum.pt\/en\/wp-json\/wp\/v2\/media\/21150"}],"wp:attachment":[{"href":"https:\/\/bracaravinum.pt\/en\/wp-json\/wp\/v2\/media?parent=21149"}],"wp:term":[{"taxonomy":"product_brand","embeddable":true,"href":"https:\/\/bracaravinum.pt\/en\/wp-json\/wp\/v2\/product_brand?post=21149"},{"taxonomy":"product_cat","embeddable":true,"href":"https:\/\/bracaravinum.pt\/en\/wp-json\/wp\/v2\/product_cat?post=21149"},{"taxonomy":"product_tag","embeddable":true,"href":"https:\/\/bracaravinum.pt\/en\/wp-json\/wp\/v2\/product_tag?post=21149"}],"curies":[{"name":"wp","href":"https:\/\/api.w.org\/{rel}","templated":true}]}}