{"id":20996,"date":"2025-12-29T15:40:02","date_gmt":"2025-12-29T15:40:02","guid":{"rendered":"https:\/\/bracaravinum.pt\/?post_type=product&#038;p=20996"},"modified":"2025-12-29T15:40:02","modified_gmt":"2025-12-29T15:40:02","slug":"madeira-verdelho-meio-seco-75cl","status":"publish","type":"product","link":"https:\/\/bracaravinum.pt\/en\/product-2\/madeira-verdelho-meio-seco-75cl\/","title":{"rendered":"Madeira Verdelho Meio Seco 75cl"},"content":{"rendered":"","protected":false},"excerpt":{"rendered":"<p>\u00c9 prov\u00e1vel que a Verdelho existente na Madeira seja oriunda do continente portugu\u00eas, A\u00e7ores ou de It\u00e1lia. Caracteriza-se por cachos pequenos e m\u00e9dios, bagos oblongos e comprimidos lateralmente, com pel\u00edcula resistente. Produz vinhos ligeiramente mais encorpados e menos \u00e1cidos que os provenientes da casta Sercial. \u00c9 cultivada a cerca de 400 metros de altitude e produz vinhos de tipo Meio Seco.<\/p>","protected":false},"featured_media":20997,"template":"","meta":{"_exactmetrics_skip_tracking":false,"_exactmetrics_sitenote_active":false,"_exactmetrics_sitenote_note":"","_exactmetrics_sitenote_category":0,"_uf_show_specific_survey":0,"_uf_disable_surveys":false,"iawp_total_views":7},"product_brand":[],"product_cat":[162,159,169],"product_tag":[],"class_list":{"0":"post-20996","1":"product","2":"type-product","3":"status-publish","4":"has-post-thumbnail","6":"product_cat-raridades","7":"product_cat-portos","8":"product_cat-madeira","10":"first","11":"instock","12":"shipping-taxable","13":"purchasable","14":"product-type-simple"},"_links":{"self":[{"href":"https:\/\/bracaravinum.pt\/en\/wp-json\/wp\/v2\/product\/20996","targetHints":{"allow":["GET"]}}],"collection":[{"href":"https:\/\/bracaravinum.pt\/en\/wp-json\/wp\/v2\/product"}],"about":[{"href":"https:\/\/bracaravinum.pt\/en\/wp-json\/wp\/v2\/types\/product"}],"wp:featuredmedia":[{"embeddable":true,"href":"https:\/\/bracaravinum.pt\/en\/wp-json\/wp\/v2\/media\/20997"}],"wp:attachment":[{"href":"https:\/\/bracaravinum.pt\/en\/wp-json\/wp\/v2\/media?parent=20996"}],"wp:term":[{"taxonomy":"product_brand","embeddable":true,"href":"https:\/\/bracaravinum.pt\/en\/wp-json\/wp\/v2\/product_brand?post=20996"},{"taxonomy":"product_cat","embeddable":true,"href":"https:\/\/bracaravinum.pt\/en\/wp-json\/wp\/v2\/product_cat?post=20996"},{"taxonomy":"product_tag","embeddable":true,"href":"https:\/\/bracaravinum.pt\/en\/wp-json\/wp\/v2\/product_tag?post=20996"}],"curies":[{"name":"wp","href":"https:\/\/api.w.org\/{rel}","templated":true}]}}