{"id":20736,"date":"2025-11-21T14:38:13","date_gmt":"2025-11-21T14:38:13","guid":{"rendered":"https:\/\/bracaravinum.pt\/?post_type=product&#038;p=20736"},"modified":"2025-11-25T17:02:12","modified_gmt":"2025-11-25T17:02:12","slug":"s-bernardo-reserva-familia-2013-3l","status":"publish","type":"product","link":"https:\/\/bracaravinum.pt\/en\/produto\/s-bernardo-reserva-familia-2013-3l\/","title":{"rendered":"S. Bernardo Reserva Fam\u00edlia 2013 3L"},"content":{"rendered":"<p><img decoding=\"async\" class=\"aligncenter\" src=\"https:\/\/static.wixstatic.com\/media\/d5c078_4751be0483194b35914df790cdadc31e.png\/v1\/fill\/w_299,h_99,al_c,q_85,usm_0.66_1.00_0.01,enc_avif,quality_auto\/d5c078_4751be0483194b35914df790cdadc31e.png\" \/><\/p>\n<p>A propriedade, localizada na sub-regi\u00e3o do Baixo Corgo, na regi\u00e3o do Douro, \u00e9 uma vin\u00edcola familiar fundada em 1912. Abrange 15 hectares de vinhedos e est\u00e1 situada \u00e0s margens do rio Douro, com seu pr\u00f3prio cais privativo. Rodeada por uma paisagem exuberante e vistas deslumbrantes, a propriedade oferece uma experi\u00eancia id\u00edlica que certamente deixar\u00e1 lembran\u00e7as inesquec\u00edveis.<\/p>\n<p>A Quinta de S. Bernardo &#8211; Vin\u00edcola e Casa de Campo \u00e9 um hotel boutique localizado na regi\u00e3o do Douro, dedicado ao enoturismo e \u00e0 experi\u00eancia &#8220;da fazenda \u00e0 mesa&#8221;. O edif\u00edcio nasceu de uma casa de campo familiar centen\u00e1ria que data de 1756 e foi completamente restaurado, mantendo vivo o esp\u00edrito familiar atrav\u00e9s dos detalhes e da decora\u00e7\u00e3o. Possui um total de 9 quartos, dos quais 7 com vista para o rio e 2 com vista parcial para os vinhedos.<\/p>","protected":false},"excerpt":{"rendered":"<p class=\"font_8 wixui-rich-text__text\"><span class=\"wixui-rich-text__text\">Vinho de cor rubi intensa que revela o ano, a complexidade, o equil\u00edbrio e a estrutura que s\u00f3 o Vale do Douro pode apresentar em anos singulares apresentando fruta preta e notas bals\u00e2micas com especiarias e notas minerais. Um vinho com estrutura, volume e de grande intensidade, que oferece um final elegante e muito persistente.<\/span><\/p>\n<p class=\"font_8 wixui-rich-text__text\"><span class=\"wixui-rich-text__text\">16\u00ba &#8211; 18\u00baC acompanhando pratos complexos e muito intenso<\/span><\/p>\n<p>A garrafa de 3L vem com caixa de madeira.<\/p>","protected":false},"featured_media":20820,"template":"","meta":{"_exactmetrics_skip_tracking":false,"_exactmetrics_sitenote_active":false,"_exactmetrics_sitenote_note":"","_exactmetrics_sitenote_category":0,"_uf_show_specific_survey":0,"_uf_disable_surveys":false,"iawp_total_views":25},"product_brand":[],"product_cat":[216,258,215,201,184,157],"product_tag":[],"class_list":{"0":"post-20736","1":"product","2":"type-product","3":"status-publish","4":"has-post-thumbnail","6":"product_cat-conjuntos","7":"product_cat-conjuntos-de-oferta","8":"product_cat-douro","9":"product_cat-grandes-vinhos","10":"product_cat-tinto","11":"product_cat-vinhos","13":"first","14":"instock","15":"shipping-taxable","16":"purchasable","17":"product-type-simple"},"_links":{"self":[{"href":"https:\/\/bracaravinum.pt\/en\/wp-json\/wp\/v2\/product\/20736","targetHints":{"allow":["GET"]}}],"collection":[{"href":"https:\/\/bracaravinum.pt\/en\/wp-json\/wp\/v2\/product"}],"about":[{"href":"https:\/\/bracaravinum.pt\/en\/wp-json\/wp\/v2\/types\/product"}],"wp:featuredmedia":[{"embeddable":true,"href":"https:\/\/bracaravinum.pt\/en\/wp-json\/wp\/v2\/media\/20820"}],"wp:attachment":[{"href":"https:\/\/bracaravinum.pt\/en\/wp-json\/wp\/v2\/media?parent=20736"}],"wp:term":[{"taxonomy":"product_brand","embeddable":true,"href":"https:\/\/bracaravinum.pt\/en\/wp-json\/wp\/v2\/product_brand?post=20736"},{"taxonomy":"product_cat","embeddable":true,"href":"https:\/\/bracaravinum.pt\/en\/wp-json\/wp\/v2\/product_cat?post=20736"},{"taxonomy":"product_tag","embeddable":true,"href":"https:\/\/bracaravinum.pt\/en\/wp-json\/wp\/v2\/product_tag?post=20736"}],"curies":[{"name":"wp","href":"https:\/\/api.w.org\/{rel}","templated":true}]}}