{"id":20574,"date":"2025-11-06T12:05:20","date_gmt":"2025-11-06T12:05:20","guid":{"rendered":"https:\/\/bracaravinum.pt\/?post_type=product&#038;p=20574"},"modified":"2026-02-11T14:47:48","modified_gmt":"2026-02-11T14:47:48","slug":"casa-vilacetinho-avesso-colheita-tardia-2016-375cl","status":"publish","type":"product","link":"https:\/\/bracaravinum.pt\/en\/product-2\/casa-vilacetinho-avesso-colheita-tardia-2016-375cl\/","title":{"rendered":"Casa Vilacetinho Avesso Colheita Tardia 2016 37,5cl"},"content":{"rendered":"<div id=\"filosofiamenu\" class=\"et_pb_module et_pb_blurb et_pb_blurb_2 et_pb_text_align_left et_pb_blurb_position_top et_pb_bg_layout_light et_had_animation\">\n<div class=\"et_pb_blurb_content\">\n<div class=\"et_pb_blurb_container\">\n<div class=\"et_pb_blurb_description\"><img fetchpriority=\"high\" decoding=\"async\" class=\"aligncenter\" src=\"https:\/\/www.casadevilacetinho.pt\/wp-content\/uploads\/2017\/10\/LOGO_3.png\" alt=\"Casa de Vilacetinho\" width=\"362\" height=\"146\" \/><\/div>\n<\/div>\n<\/div>\n<\/div>\n<div class=\"et_pb_module et_pb_text et_pb_text_0 et_pb_text_align_justified et_pb_bg_layout_light et_had_animation\">\n<div class=\"et_pb_text_inner\">\n<p>A hist\u00f3ria da Casa de Vilacetinho pode confundir-se com a pr\u00f3pria hist\u00f3ria dos Vinhos Verdes. Localizada na freguesia de Alpendurada, no concelho de Marco de Canavezes, \u00e9 uma das marcas mais antigas da regi\u00e3o, somando marcos importantes para a hist\u00f3ria dos vinhos portugueses. Recuando no tempo, Vilacetinho poder-se-ia considerar um \u201cgigante\u201d, quando comparada com a estrutura de outras propriedades do Douro, devido \u00e0 uni\u00e3o de duas vetustas quintas que, que durante s\u00e9culos desde a Idade M\u00e9dia, integraram o patrim\u00f3nio fundi\u00e1rio do Mosteiro Beneditino de Alpendurada.<\/p>\n<p>Nessa altura, era pouco mais do que uma centena de hectares de propriedade de cultivo, em terreno de planura, ali bem junto ao leito do rio Douro \u2013 uma esp\u00e9cie de latif\u00fandio numa regi\u00e3o caracterizada por minif\u00fandios. Um dos seus ex-libris era a elegante Casa de Vilacetinho, um aut\u00eantico pequeno Solar do Douro dos s\u00e9culos XVII e XVIII, rodeada por um jardim erudito que separa a casa dos vinhedos e restante espa\u00e7o agr\u00edcola.<\/p>\n<p>A Quinta de Vilacetinho, pela sua dimens\u00e3o, \u00e9 uma propriedade \u00fanica no contexto da regi\u00e3o onde est\u00e1 integrada, onde se destacam as caracter\u00edsticas agr\u00edcolas excecionais. Daqui resultam vinhos \u00fanicos, verdadeiros retratos do terroir distinto que lhes d\u00e1 vida. Vinhos diferentes, refinados, com uma certa fei\u00e7\u00e3o de Champagne.<\/p>\n<\/div>\n<\/div>","protected":false},"excerpt":{"rendered":"<div class=\"et_pb_module et_pb_blurb et_pb_blurb_5  et_pb_text_align_left  et_pb_blurb_position_top et_pb_bg_layout_light\">\n<div class=\"et_pb_blurb_content\">\n<div class=\"et_pb_blurb_container\">\n<p class=\"et_pb_module_header\">De uma colheita tardia de uma parcela de vinhas com mais de 25 anos da casta avesso, fermentado em massas, nasce este vinho com taninos bem presentes e com uma acidez c\u00edtrica not\u00e1vel que harmoniza a do\u00e7ura, potenciando assim o envelhecimento em garrafa.<\/p>\n<\/div>\n<\/div>\n<\/div>","protected":false},"featured_media":20575,"template":"","meta":{"_exactmetrics_skip_tracking":false,"_exactmetrics_sitenote_active":false,"_exactmetrics_sitenote_note":"","_exactmetrics_sitenote_category":0,"_uf_show_specific_survey":0,"_uf_disable_surveys":false,"iawp_total_views":2},"product_brand":[],"product_cat":[165,157],"product_tag":[],"class_list":{"0":"post-20574","1":"product","2":"type-product","3":"status-publish","4":"has-post-thumbnail","6":"product_cat-colheita-tardia","7":"product_cat-vinhos","9":"first","10":"outofstock","11":"shipping-taxable","12":"purchasable","13":"product-type-simple"},"_links":{"self":[{"href":"https:\/\/bracaravinum.pt\/en\/wp-json\/wp\/v2\/product\/20574","targetHints":{"allow":["GET"]}}],"collection":[{"href":"https:\/\/bracaravinum.pt\/en\/wp-json\/wp\/v2\/product"}],"about":[{"href":"https:\/\/bracaravinum.pt\/en\/wp-json\/wp\/v2\/types\/product"}],"wp:featuredmedia":[{"embeddable":true,"href":"https:\/\/bracaravinum.pt\/en\/wp-json\/wp\/v2\/media\/20575"}],"wp:attachment":[{"href":"https:\/\/bracaravinum.pt\/en\/wp-json\/wp\/v2\/media?parent=20574"}],"wp:term":[{"taxonomy":"product_brand","embeddable":true,"href":"https:\/\/bracaravinum.pt\/en\/wp-json\/wp\/v2\/product_brand?post=20574"},{"taxonomy":"product_cat","embeddable":true,"href":"https:\/\/bracaravinum.pt\/en\/wp-json\/wp\/v2\/product_cat?post=20574"},{"taxonomy":"product_tag","embeddable":true,"href":"https:\/\/bracaravinum.pt\/en\/wp-json\/wp\/v2\/product_tag?post=20574"}],"curies":[{"name":"wp","href":"https:\/\/api.w.org\/{rel}","templated":true}]}}