{"id":20525,"date":"2025-11-05T10:32:01","date_gmt":"2025-11-05T10:32:01","guid":{"rendered":"https:\/\/bracaravinum.pt\/?post_type=product&#038;p=20525"},"modified":"2025-11-05T14:17:17","modified_gmt":"2025-11-05T14:17:17","slug":"genese-altitude-selection-alvarinho-branco-15l","status":"publish","type":"product","link":"https:\/\/bracaravinum.pt\/en\/produto\/genese-altitude-selection-alvarinho-branco-15l\/","title":{"rendered":"G\u00e9nese Altitude Selection Alvarinho Branco 1,5L"},"content":{"rendered":"<div class=\"wpb_text_column wpb_content_element\">\n<div class=\"wpb_wrapper\">\n<p>A Vinevinu nasce na vindima 2024, do entusiasmo partilhado entre filho e pai, Manuel e Lu\u00eds Cerdeira, ambos en\u00f3logos, com o objetivo de criar um projeto inovador no norte de Portugal, na regi\u00e3o dos Vinhos Verdes. O desafio consiste em explorar a versatilidade do Alvarinho captando a sua ess\u00eancia em diferentes terroirs, entre o mar e a montanha.<\/p>\n<p>Esta dupla, de gera\u00e7\u00f5es diferentes, une-se numa vis\u00e3o partilhada: preservar a tradi\u00e7\u00e3o vitivin\u00edcola do Minho, enquanto incorpora inova\u00e7\u00e3o e criatividade. Com a experi\u00eancia acumulada ao longo de 30 anos, o pai traz um patrim\u00f3nio de conhecimento \u00e0 volta dos vinhos brancos elaborados com Alvarinho, enquanto o filho, com uma abordagem mais contempor\u00e2nea, desafia os limites da vinifica\u00e7\u00e3o.<\/p>\n<\/div>\n<\/div>","protected":false},"excerpt":{"rendered":"<p data-start=\"210\" data-end=\"577\">O\u00a0G\u00e9nese Alvarinho Magnum 2024\u00a0\u00e9 um vinho que honra as ra\u00edzes da fam\u00edlia\u00a0Cerdeira\u00a0em\u00a0Melga\u00e7o, nas montanhas da sub-regi\u00e3o de\u00a0Mon\u00e7\u00e3o e Melga\u00e7o, o terroir de excel\u00eancia da casta Alvarinho. Produzido a partir de\u00a0vinhas em declive de montanha, este vinho reflete um perfil \u00fanico de altitude, com\u00a0eleg\u00e2ncia, frescura e grande capacidade de envelhecimento.<\/p>\n<p data-start=\"579\" data-end=\"821\">Com fermenta\u00e7\u00e3o lenta em inox,\u00a0malol\u00e1tica parcial\u00a0e\u00a0est\u00e1gio parcial (20%) em barricas Mixtus, feitas com madeiras de origem mista, o G\u00e9nese 2024 alia tradi\u00e7\u00e3o e inova\u00e7\u00e3o para expressar a pureza do Alvarinho em toda a sua complexidade.<\/p>","protected":false},"featured_media":20534,"template":"","meta":{"_exactmetrics_skip_tracking":false,"_exactmetrics_sitenote_active":false,"_exactmetrics_sitenote_note":"","_exactmetrics_sitenote_category":0,"_uf_show_specific_survey":0,"_uf_disable_surveys":false,"iawp_total_views":3},"product_brand":[],"product_cat":[185,157,206],"product_tag":[],"class_list":{"0":"post-20525","1":"product","2":"type-product","3":"status-publish","4":"has-post-thumbnail","6":"product_cat-branco","7":"product_cat-vinhos","8":"product_cat-vinhos-verdes","10":"first","11":"instock","12":"shipping-taxable","13":"purchasable","14":"product-type-simple"},"_links":{"self":[{"href":"https:\/\/bracaravinum.pt\/en\/wp-json\/wp\/v2\/product\/20525","targetHints":{"allow":["GET"]}}],"collection":[{"href":"https:\/\/bracaravinum.pt\/en\/wp-json\/wp\/v2\/product"}],"about":[{"href":"https:\/\/bracaravinum.pt\/en\/wp-json\/wp\/v2\/types\/product"}],"wp:featuredmedia":[{"embeddable":true,"href":"https:\/\/bracaravinum.pt\/en\/wp-json\/wp\/v2\/media\/20534"}],"wp:attachment":[{"href":"https:\/\/bracaravinum.pt\/en\/wp-json\/wp\/v2\/media?parent=20525"}],"wp:term":[{"taxonomy":"product_brand","embeddable":true,"href":"https:\/\/bracaravinum.pt\/en\/wp-json\/wp\/v2\/product_brand?post=20525"},{"taxonomy":"product_cat","embeddable":true,"href":"https:\/\/bracaravinum.pt\/en\/wp-json\/wp\/v2\/product_cat?post=20525"},{"taxonomy":"product_tag","embeddable":true,"href":"https:\/\/bracaravinum.pt\/en\/wp-json\/wp\/v2\/product_tag?post=20525"}],"curies":[{"name":"wp","href":"https:\/\/api.w.org\/{rel}","templated":true}]}}