{"id":20508,"date":"2025-11-04T17:12:23","date_gmt":"2025-11-04T17:12:23","guid":{"rendered":"https:\/\/bracaravinum.pt\/?post_type=product&#038;p=20508"},"modified":"2025-11-04T17:12:23","modified_gmt":"2025-11-04T17:12:23","slug":"kopke-sao-luiz-winemakers-collection-magnum-rose-2022-15l","status":"publish","type":"product","link":"https:\/\/bracaravinum.pt\/en\/product-2\/kopke-sao-luiz-winemakers-collection-magnum-rose-2022-15l\/","title":{"rendered":"Kopke S\u00e3o Luiz Winemaker\u2019s Collection Magnum Ros\u00e9 2022 1,5L"},"content":{"rendered":"<div class=\"elementor-element elementor-element-569875c elementor-widget elementor-widget-wd_text_block\" data-id=\"569875c\" data-element_type=\"widget\" data-widget_type=\"wd_text_block.default\">\n<div class=\"elementor-widget-container\">\n<div class=\"wd-text-block reset-last-child text-left\">\n<h2><img decoding=\"async\" class=\"aligncenter\" src=\"https:\/\/encrypted-tbn0.gstatic.com\/images?q=tbn:ANd9GcQHpZm5fitmjH9-tszFNIEJEK5ud2tOG-28Sg&amp;s\" alt=\"Kopke Group\" \/><\/h2>\n<\/div>\n<\/div>\n<\/div>\n<div class=\"elementor-element elementor-element-5d19302 elementor-widget__width-initial elementor-widget elementor-widget-wd_text_block\" data-id=\"5d19302\" data-element_type=\"widget\" data-widget_type=\"wd_text_block.default\">\n<div class=\"elementor-widget-container\">\n<div class=\"wd-text-block reset-last-child text-left\">\n<p>Kopke Group, anteriormente conhecido como Sogevinus, representa um dos maiores legados do Douro e do Vinho do Porto. Com ra\u00edzes que remontam a 1638, atrav\u00e9s da hist\u00f3rica Casa Kopke \u2014 a mais antiga produtora de Vinho do Porto \u2014 o grupo re\u00fane atualmente marcas de enorme prest\u00edgio como\u00a0Kopke, C\u00e1lem, Burmester, Barros, S\u00e3o Luiz, Quinta da Boavista e Velhotes. Esta diversidade traduz-se numa oferta ampla que vai desde vinhos do Porto de excel\u00eancia, como Vintage, Tawny ou Colheita, at\u00e9 vinhos tranquilos tintos e brancos de grande car\u00e1cter.<br \/>\nFocado em unir tradi\u00e7\u00e3o e inova\u00e7\u00e3o, o Kopke Group aposta em castas emblem\u00e1ticas do Douro, como\u00a0Touriga Nacional, Touriga Franca, Tinta Roriz, Tinta Barroca, Rabigato e Viosinho, sempre com respeito pelo terroir e pela autenticidade da regi\u00e3o. O lema\u00a0\u201cHonrar e Desafiar\u201d\u00a0espelha a miss\u00e3o de preservar s\u00e9culos de hist\u00f3ria, ao mesmo tempo que projeta os vinhos do Douro e do Porto para o futuro, atrav\u00e9s da qualidade, da modernidade e de uma forte liga\u00e7\u00e3o ao enoturismo.<\/p>\n<\/div>\n<\/div>\n<\/div>","protected":false},"excerpt":{"rendered":"<p>Winemaker\u2019s Collection \u00e9 a cole\u00e7\u00e3o \u00fanica de vinhos DOC Douro de edi\u00e7\u00e3o limitada: tintos, brancos e ros\u00e9s \u2013 em garrafas numeradas e assinadas pelo nosso en\u00f3logo Ricardo Macedo. A casta Tinto C\u00e3o foi selecionada para este Reserva Ros\u00e9. \u00c9 uma das castas mais singulares do Douro, com os seus pequenos cachos e frutos de casca densa. Com uma acidez envolvente e taninos suaves e robustos, esta casta transmite bom potencial de envelhecimento, resist\u00eancia e frescura. Um ros\u00e9 elegante, amplo e complexo, que estagiou nas caves da Quinta de S. Luiz.<\/p>","protected":false},"featured_media":20509,"template":"","meta":{"_exactmetrics_skip_tracking":false,"_exactmetrics_sitenote_active":false,"_exactmetrics_sitenote_note":"","_exactmetrics_sitenote_category":0,"_uf_show_specific_survey":0,"_uf_disable_surveys":false,"iawp_total_views":3},"product_brand":[],"product_cat":[157,186],"product_tag":[],"class_list":{"0":"post-20508","1":"product","2":"type-product","3":"status-publish","4":"has-post-thumbnail","6":"product_cat-vinhos","7":"product_cat-rose","9":"first","10":"instock","11":"shipping-taxable","12":"purchasable","13":"product-type-simple"},"_links":{"self":[{"href":"https:\/\/bracaravinum.pt\/en\/wp-json\/wp\/v2\/product\/20508","targetHints":{"allow":["GET"]}}],"collection":[{"href":"https:\/\/bracaravinum.pt\/en\/wp-json\/wp\/v2\/product"}],"about":[{"href":"https:\/\/bracaravinum.pt\/en\/wp-json\/wp\/v2\/types\/product"}],"wp:featuredmedia":[{"embeddable":true,"href":"https:\/\/bracaravinum.pt\/en\/wp-json\/wp\/v2\/media\/20509"}],"wp:attachment":[{"href":"https:\/\/bracaravinum.pt\/en\/wp-json\/wp\/v2\/media?parent=20508"}],"wp:term":[{"taxonomy":"product_brand","embeddable":true,"href":"https:\/\/bracaravinum.pt\/en\/wp-json\/wp\/v2\/product_brand?post=20508"},{"taxonomy":"product_cat","embeddable":true,"href":"https:\/\/bracaravinum.pt\/en\/wp-json\/wp\/v2\/product_cat?post=20508"},{"taxonomy":"product_tag","embeddable":true,"href":"https:\/\/bracaravinum.pt\/en\/wp-json\/wp\/v2\/product_tag?post=20508"}],"curies":[{"name":"wp","href":"https:\/\/api.w.org\/{rel}","templated":true}]}}