{"id":20481,"date":"2025-11-04T14:31:35","date_gmt":"2025-11-04T14:31:35","guid":{"rendered":"https:\/\/bracaravinum.pt\/?post_type=product&#038;p=20481"},"modified":"2025-11-07T18:29:48","modified_gmt":"2025-11-07T18:29:48","slug":"quinta-de-santa-cristina-colheita-tardia-50cl","status":"publish","type":"product","link":"https:\/\/bracaravinum.pt\/en\/product-2\/quinta-de-santa-cristina-colheita-tardia-50cl\/","title":{"rendered":"Quinta de Santa Cristina Colheita Tardia 50cl"},"content":{"rendered":"<p><img fetchpriority=\"high\" decoding=\"async\" class=\"aligncenter\" src=\"https:\/\/www.garantiadasquintas.com\/media\/images\/main\/logo-dark.png\" alt=\"In\u00edcio \u2014 Quinta de Santa Cristina\" width=\"532\" height=\"157\" \/><\/p>\n<p>&nbsp;<\/p>\n<p>Criada em 2004 pela vontade comum de diferentes entidades, a Sociedade Agr\u00edcola Garantia das Quintas dedica-se preferencialmente \u00e0 elabora\u00e7\u00e3o e comercializa\u00e7\u00e3o de v\u00e1rios produtos na \u00e1rea da vitivinicultura.<\/p>\n<div class=\"col-xs-12 col-lg-6\">A Quinta de Santa Cristina localiza-se em Celorico de Basto, uma pequena vila que faz parte do distrito de Braga. Integra a sub-regi\u00e3o de Basto da Regi\u00e3o Demarcada dos Vinhos Verdes e \u00e9 delimitada pelas serras de Mar\u00e3o, Alv\u00e3o, Fafe e Cabreira e a margem direita do rio T\u00e2mega.<br \/>\nA Quinta de Santa Cristina tem uma hist\u00f3ria secular, pertencendo \u00e0 mesma fam\u00edlia h\u00e1 v\u00e1rias gera\u00e7\u00f5es. A produ\u00e7\u00e3o profissional de vinho iniciou-se em 2004 e \u00e9 atualmente gerida pelo Sr. Ant\u00f3nio Pinto, a D. Rosa Maria Pinto e a filha de ambos, M\u00f3nica Pinto.<br \/>\nA propriedade Quinta de Santa Cristina situa-se a, aproximadamente, 400m de altitude e \u00e9 composta por tr\u00eas Quintas: Quinta de Santa Cristina, Quinta da Capela e Quinta de Salgueiros. Entre castas brancas e tintas, s\u00e3o produzidas cerca de 14 variedades distintas que se estendem ao longo de 60 hectares de vinha. A nossa produ\u00e7\u00e3o \u00e9 certificada em Produ\u00e7\u00e3o Integrada e cumpre as regras do certificado Global G.A.P.<\/div>\n<div class=\"col-xs-12 col-lg-6\">Vestida de amarelo e vermelho, a adega \u00e9 um \u00edcone distintivo da Quinta de Santa Cristina. Esta adega foi constru\u00edda em 2012 e tem uma capacidade de produ\u00e7\u00e3o de 1 milh\u00e3o de litros. Atualmente apenas se produz cerca de 500 mil litros de vinho. Desde as prensas e lagares at\u00e9 \u00e0 garrafa, \u00e9 aqui que acontece todo o processo de vinifica\u00e7\u00e3o dos vinhos e espumantes Quinta de Santa Cristina.<br \/>\nA Quinta de Santa Cristina disponibiliza uma vasta gama de produtos, distribu\u00eddos pelas marcas S\u00e9quito, Santa Cristina e Quinta de Santa Cristina, que v\u00e3o desde o t\u00edpico Vinho Verde at\u00e9 produtos mais distintos, como os vinhos Reserva e os espumantes. Os produtos s\u00e3o comercializados maioritariamente em territ\u00f3rio nacional, correspondendo a 70% da produ\u00e7\u00e3o anual. Os restantes 30% dizem respeito \u00e0 taxa de exporta\u00e7\u00e3o para pa\u00edses como Alemanha, Brasil, EUA, Pol\u00f3nia, Su\u00ed\u00e7a,&#8230;<\/div>","protected":false},"excerpt":{"rendered":"<p>Produzido com uvas que ficaram na vinha para al\u00e9m do per\u00edodo normal de colheita, permitindo uma concentra\u00e7\u00e3o natural de a\u00e7ucares.<\/p>\n<p>De cor alourada, revela no nariz notas de frutos secos e mel. Na boca \u00e9 doce, suave, com final muito persistente.<\/p>\n<p>Servir bem frio com aperitivo e acompanhar com <em>foie gras<\/em>, pat\u00e9s e queijos.<\/p>\n<p>Vendido com caixa especial.<\/p>","protected":false},"featured_media":20482,"template":"","meta":{"_exactmetrics_skip_tracking":false,"_exactmetrics_sitenote_active":false,"_exactmetrics_sitenote_note":"","_exactmetrics_sitenote_category":0,"_uf_show_specific_survey":0,"_uf_disable_surveys":false,"iawp_total_views":9},"product_brand":[],"product_cat":[165,157],"product_tag":[],"class_list":{"0":"post-20481","1":"product","2":"type-product","3":"status-publish","4":"has-post-thumbnail","6":"product_cat-colheita-tardia","7":"product_cat-vinhos","9":"first","10":"instock","11":"shipping-taxable","12":"purchasable","13":"product-type-simple"},"_links":{"self":[{"href":"https:\/\/bracaravinum.pt\/en\/wp-json\/wp\/v2\/product\/20481","targetHints":{"allow":["GET"]}}],"collection":[{"href":"https:\/\/bracaravinum.pt\/en\/wp-json\/wp\/v2\/product"}],"about":[{"href":"https:\/\/bracaravinum.pt\/en\/wp-json\/wp\/v2\/types\/product"}],"wp:featuredmedia":[{"embeddable":true,"href":"https:\/\/bracaravinum.pt\/en\/wp-json\/wp\/v2\/media\/20482"}],"wp:attachment":[{"href":"https:\/\/bracaravinum.pt\/en\/wp-json\/wp\/v2\/media?parent=20481"}],"wp:term":[{"taxonomy":"product_brand","embeddable":true,"href":"https:\/\/bracaravinum.pt\/en\/wp-json\/wp\/v2\/product_brand?post=20481"},{"taxonomy":"product_cat","embeddable":true,"href":"https:\/\/bracaravinum.pt\/en\/wp-json\/wp\/v2\/product_cat?post=20481"},{"taxonomy":"product_tag","embeddable":true,"href":"https:\/\/bracaravinum.pt\/en\/wp-json\/wp\/v2\/product_tag?post=20481"}],"curies":[{"name":"wp","href":"https:\/\/api.w.org\/{rel}","templated":true}]}}