{"id":20281,"date":"2025-10-16T14:49:43","date_gmt":"2025-10-16T14:49:43","guid":{"rendered":"https:\/\/bracaravinum.pt\/?post_type=product&#038;p=20281"},"modified":"2025-10-16T14:52:09","modified_gmt":"2025-10-16T14:52:09","slug":"soulmate-tinto-grande-reserva-75cl","status":"publish","type":"product","link":"https:\/\/bracaravinum.pt\/en\/produto\/soulmate-tinto-grande-reserva-75cl\/","title":{"rendered":"Soulmate Tinto Grande Reserva 75cl"},"content":{"rendered":"<p>Cortes do Tua Wines arises from the crossing between three-year-old vineyards from the Tua valley and the hands of two young winemakers Duarte da Costa and Ana de Almeida.<\/p>\n<p>The passion for wine, international experience and the winemaking tradition of the Douro brought these two young people together to produce harmonious, balanced and elegant wines.<\/p>\n<p>The Cortes do Tua vineyards are located on the left bank of the Tua River, in the Douro Superior sub-region, in the heart of the Douro Demarcated Region. Adega Cortes do Tua is located in the Douro Superior sub-region in Pombal de Ansi\u00e3es, Carrazeda de Ansi\u00e3es.<\/p>","protected":false},"excerpt":{"rendered":"<p>O Soulmate Grande Reserva Tinto \u00e9 um vinho que revela excelente intensidade e qualidade arom\u00e1tica, a frutos pretos bem maduros. Destacam-se ainda especiarias, como a canela e o cravinho, bals\u00e2mico, madeira muito bem integrada. Na boca tem uma magnifica estrutura, taninos firmes de grande qualidade, equilibrados por uma boa acidez. A sua grande intensidade e complexidade proporcionam um final extremamente longo.<\/p>","protected":false},"featured_media":20282,"template":"","meta":{"_exactmetrics_skip_tracking":false,"_exactmetrics_sitenote_active":false,"_exactmetrics_sitenote_note":"","_exactmetrics_sitenote_category":0,"_uf_show_specific_survey":0,"_uf_disable_surveys":false,"iawp_total_views":28},"product_brand":[],"product_cat":[215,184,157],"product_tag":[],"class_list":{"0":"post-20281","1":"product","2":"type-product","3":"status-publish","4":"has-post-thumbnail","6":"product_cat-douro","7":"product_cat-tinto","8":"product_cat-vinhos","10":"first","11":"instock","12":"shipping-taxable","13":"purchasable","14":"product-type-simple"},"_links":{"self":[{"href":"https:\/\/bracaravinum.pt\/en\/wp-json\/wp\/v2\/product\/20281","targetHints":{"allow":["GET"]}}],"collection":[{"href":"https:\/\/bracaravinum.pt\/en\/wp-json\/wp\/v2\/product"}],"about":[{"href":"https:\/\/bracaravinum.pt\/en\/wp-json\/wp\/v2\/types\/product"}],"wp:featuredmedia":[{"embeddable":true,"href":"https:\/\/bracaravinum.pt\/en\/wp-json\/wp\/v2\/media\/20282"}],"wp:attachment":[{"href":"https:\/\/bracaravinum.pt\/en\/wp-json\/wp\/v2\/media?parent=20281"}],"wp:term":[{"taxonomy":"product_brand","embeddable":true,"href":"https:\/\/bracaravinum.pt\/en\/wp-json\/wp\/v2\/product_brand?post=20281"},{"taxonomy":"product_cat","embeddable":true,"href":"https:\/\/bracaravinum.pt\/en\/wp-json\/wp\/v2\/product_cat?post=20281"},{"taxonomy":"product_tag","embeddable":true,"href":"https:\/\/bracaravinum.pt\/en\/wp-json\/wp\/v2\/product_tag?post=20281"}],"curies":[{"name":"wp","href":"https:\/\/api.w.org\/{rel}","templated":true}]}}