{"id":20245,"date":"2025-10-11T10:27:52","date_gmt":"2025-10-11T10:27:52","guid":{"rendered":"https:\/\/bracaravinum.pt\/?post_type=product&#038;p=20245"},"modified":"2025-10-11T11:05:51","modified_gmt":"2025-10-11T11:05:51","slug":"taylors-sentinels-vintage-2023","status":"publish","type":"product","link":"https:\/\/bracaravinum.pt\/en\/product-2\/taylors-sentinels-vintage-2023\/","title":{"rendered":"Taylor&#8217;s Sentinels Vintage 2023"},"content":{"rendered":"<p><img fetchpriority=\"high\" decoding=\"async\" class=\"size-medium wp-image-15467 aligncenter\" src=\"http:\/\/bracaravinum.pt\/wp-content\/uploads\/2022\/02\/Taylors-Colour-Logo-300x251.jpg\" alt=\"\" width=\"300\" height=\"251\" srcset=\"https:\/\/bracaravinum.pt\/wp-content\/uploads\/2022\/02\/Taylors-Colour-Logo-300x251.jpg 300w, https:\/\/bracaravinum.pt\/wp-content\/uploads\/2022\/02\/Taylors-Colour-Logo-1024x856.jpg 1024w, https:\/\/bracaravinum.pt\/wp-content\/uploads\/2022\/02\/Taylors-Colour-Logo-768x642.jpg 768w, https:\/\/bracaravinum.pt\/wp-content\/uploads\/2022\/02\/Taylors-Colour-Logo-600x501.jpg 600w, https:\/\/bracaravinum.pt\/wp-content\/uploads\/2022\/02\/Taylors-Colour-Logo.jpg 1156w\" sizes=\"(max-width: 300px) 100vw, 300px\" \/><\/p>\n<p>For many, Taylor&#039;s is the most illustrious wine producing house in Port and drinking its wines constitutes the most sublime of experiences.<\/p>\n<p>Created more than three centuries ago, in 1692, Taylor&#039;s is one of the oldest Port wine trading houses dedicated exclusively to the production of Port wine and, especially, its best styles.<\/p>\n<div id=\"collapseText\" class=\"rest-text\">\n<p>Above all, Taylor&#039;s is an independent company in which some family members play leadership roles in all areas of activity. The company&#039;s long and uninterrupted family tradition has allowed it to provide continuity and clarity of mission, both essential attributes of any great Port wine house. It also allowed us to improve the skills and knowledge necessary to produce the best Ports, which are constantly refined in light of the experience that is passed from generation to generation.<\/p>\n<p>Taylor&#039;s is also respected as a producer of wood-aged Port wines and holds one of the largest reserves of rare cask-aged wines, of which the distinctive aged Tawny Port wines stand out. The house is also known as the creator of LBV (Late Bottled Vintage), a style that the company pioneered and of which it continues to be the main producer.<\/p>\n<p>Successive generations, with their experience, have strived to improve their knowledge and ability to produce increasingly better Port wines.<\/p>\n<p>Based in Porto and the Douro region, the company is involved in all stages of the production of its Port wines, from planting the vineyard and growing the grapes to the elaboration, aging and bottling of wine batches. The family&#039;s commitment to the future of Port wine is demonstrated in its dedication to achieving the highest standards in Port wine production, its sustained investment in all areas of the company&#039;s operations and, ultimately, its determination to preserve the unique environment of the Douro region through the promotion of sustainable and responsible viticulture.<\/p>\n<\/div>","protected":false},"excerpt":{"rendered":"<p><span dir=\"auto\">A Taylor&#8217;s Port tem o orgulho de anunciar o lan\u00e7amento do seu novo Taylor&#8217;s Sentinels Vintage Port, um blend \u00fanico elaborado com vinhos produzidos nas propriedades hist\u00f3ricas da Taylor&#8217;s no Vale do Pinh\u00e3o e arredores. Esta regi\u00e3o central do Vale do Douro \u00e9 uma das \u00e1reas historicamente mais significativas para o vinho do Porto, reconhecida como a fonte dos melhores vinhos do Porto desde o in\u00edcio do com\u00e9rcio do vinho do Porto.<\/span><\/p>\n<p><span dir=\"auto\">As quatro quintas \u2014 Terra Feita, Junco, Casa Nova e Eira Velha \u2014 situam-se dentro da demarca\u00e7\u00e3o original de 1756 e receberam o estatuto de feitoria, a classifica\u00e7\u00e3o mais elevada para vinhas de vinho do Porto. O nome Sentinels inspira-se nos pilares de granito, conhecidos como &#8220;marcos de feitoria&#8221;, que guardam a linha de demarca\u00e7\u00e3o que separa as \u00e1reas de vinho do Porto de maior qualidade, e \u00e9 aqui que se situam muitas das quintas da fam\u00edlia Taylor. Um total de 335 marcos de pedra foram colocados entre 1758 e 1761 para marcar esta prestigiada \u00e1rea.<\/span><\/p>\n<p><span dir=\"auto\">Cada uma dessas propriedades hist\u00f3ricas apresenta caracter\u00edsticas distintas em termos de altitude, orienta\u00e7\u00e3o, exposi\u00e7\u00e3o solar, exposi\u00e7\u00e3o ao vento e mistura de castas. Apesar de sua individualidade, elas compartilham um estilo caracter\u00edstico do &#8220;Vale do Pinh\u00e3o&#8221; \u2014 rico, profundo e intensamente frutado \u2014 que garante um blend harmonioso, enquanto cada uma contribui de forma \u00fanica para a complexidade e o aroma geral do vinho.<\/span><\/p>\n<p>N\u00facleo negro-p\u00farpura intenso e profundo com uma fina borda violeta. O nariz \u00e9 constru\u00eddo sobre uma base robusta de aromas ricos e deliciosos de groselha preta, amora e cereja, entrela\u00e7ados com ameixas e damasco. Notas de esteva e menta dan\u00e7am no nariz, conferindo vibra\u00e7\u00e3o e frescor. Qualidade extraordin\u00e1ria de fruta madura, taninos envolventes e amora suntuosa com um toque de chocolate amargo. Um toque agrad\u00e1vel de cedro, um toque de alca\u00e7uz e um final longo e sedoso. Este vinho exibe a qualidade hedonista e generosa das quintas da Taylor&#8217;s no Vale do Pinh\u00e3o.<\/p>\n<div class=\"d-flex flex-row align-items-start taylors-products-detail-info-item aos-init aos-animate\" data-aos=\"data-aos\" data-aos-delay=\"50\">\n<div class=\"text\">\n<p class=\"description-text size-06 black font-bold text-uppercase\"><span dir=\"auto\">Decanta\u00e7\u00e3o<\/span><\/p>\n<p class=\"description-text size-06 black font-regular\"><span dir=\"auto\">O Vinho do Porto Vintage forma um dep\u00f3sito natural na garrafa e deve ser decantado. Deixe a garrafa em p\u00e9 por algumas horas antes de decantar para que o sedimento se deposite no fundo da garrafa.<\/span><\/p>\n<\/div>\n<\/div>\n<div class=\"d-flex flex-row align-items-start taylors-products-detail-info-item aos-init aos-animate\" data-aos=\"data-aos\" data-aos-delay=\"100\">\n<div class=\"text\">\n<p class=\"description-text size-06 black font-bold text-uppercase\"><span dir=\"auto\">Armazenar<\/span><\/p>\n<p class=\"description-text size-06 black font-regular\"><span dir=\"auto\">Continua a melhorar por d\u00e9cadas ap\u00f3s o engarrafamento. A garrafa deve ser mantida deitada em local fresco, idealmente a uma temperatura abaixo de 16 \u00b0C.<\/span><\/p>\n<\/div>\n<\/div>\n<div class=\"d-flex flex-row align-items-start taylors-products-detail-info-item aos-init aos-animate\" data-aos=\"data-aos\" data-aos-delay=\"150\">\n<div class=\"text\">\n<p class=\"description-text size-06 black font-bold text-uppercase\"><span dir=\"auto\">Temperatura de servi\u00e7o<\/span><\/p>\n<p class=\"description-text size-06 black font-regular\"><span dir=\"auto\">Sirva entre 16\u00baC e 18\u00baC. O Porto Vintage deve ser consumido de um a dois dias ap\u00f3s aberto.<\/span><\/p>\n<\/div>\n<\/div>\n<div class=\"d-flex flex-row align-items-start taylors-products-detail-info-item aos-init aos-animate\" data-aos=\"data-aos\" data-aos-delay=\"200\">\n<div class=\"text\">\n<p class=\"description-text size-06 black font-bold text-uppercase\"><span dir=\"auto\">Sugest\u00f5es de emparelhamento<\/span><\/p>\n<p class=\"description-text size-06 black font-regular\"><span dir=\"auto\">Nozes, queijos de pasta azul e outros queijos de sabor intenso s\u00e3o excelentes acompanhamentos para o Porto Vintage; assim como frutas secas, como damascos ou figos. Como alternativa, voc\u00ea pode simplesmente saborear os sabores ricos e complexos do vinho puro, em uma ta\u00e7a generosa, em boa companhia.<\/span><\/p>\n<\/div>\n<\/div>","protected":false},"featured_media":20246,"template":"","meta":{"_exactmetrics_skip_tracking":false,"_exactmetrics_sitenote_active":false,"_exactmetrics_sitenote_note":"","_exactmetrics_sitenote_category":0,"_uf_show_specific_survey":0,"_uf_disable_surveys":false,"iawp_total_views":17},"product_brand":[],"product_cat":[258,216,162,201,159,168],"product_tag":[],"class_list":{"0":"post-20245","1":"product","2":"type-product","3":"status-publish","4":"has-post-thumbnail","6":"product_cat-conjuntos-de-oferta","7":"product_cat-conjuntos","8":"product_cat-raridades","9":"product_cat-grandes-vinhos","10":"product_cat-portos","11":"product_cat-vintage","13":"first","14":"instock","15":"shipping-taxable","16":"purchasable","17":"product-type-simple"},"_links":{"self":[{"href":"https:\/\/bracaravinum.pt\/en\/wp-json\/wp\/v2\/product\/20245","targetHints":{"allow":["GET"]}}],"collection":[{"href":"https:\/\/bracaravinum.pt\/en\/wp-json\/wp\/v2\/product"}],"about":[{"href":"https:\/\/bracaravinum.pt\/en\/wp-json\/wp\/v2\/types\/product"}],"wp:featuredmedia":[{"embeddable":true,"href":"https:\/\/bracaravinum.pt\/en\/wp-json\/wp\/v2\/media\/20246"}],"wp:attachment":[{"href":"https:\/\/bracaravinum.pt\/en\/wp-json\/wp\/v2\/media?parent=20245"}],"wp:term":[{"taxonomy":"product_brand","embeddable":true,"href":"https:\/\/bracaravinum.pt\/en\/wp-json\/wp\/v2\/product_brand?post=20245"},{"taxonomy":"product_cat","embeddable":true,"href":"https:\/\/bracaravinum.pt\/en\/wp-json\/wp\/v2\/product_cat?post=20245"},{"taxonomy":"product_tag","embeddable":true,"href":"https:\/\/bracaravinum.pt\/en\/wp-json\/wp\/v2\/product_tag?post=20245"}],"curies":[{"name":"wp","href":"https:\/\/api.w.org\/{rel}","templated":true}]}}